{"id":7822,"date":"2023-10-15T16:55:44","date_gmt":"2023-10-15T19:55:44","guid":{"rendered":"https:\/\/www.geolegadodeallankardec.com.br\/?page_id=7822"},"modified":"2023-10-15T16:55:46","modified_gmt":"2023-10-15T19:55:46","slug":"abonnez-vous-a-notre-lettre-dinformation","status":"publish","type":"page","link":"https:\/\/www.geolegadodeallankardec.com.br\/fr\/inscreva-se-em-nossa-newsletter\/","title":{"rendered":"Abonnez-vous \u00e0 notre newsletter"},"content":{"rendered":"<div class=\"pdfprnt-buttons pdfprnt-buttons-page pdfprnt-top-right\"><a href=\"https:\/\/www.geolegadodeallankardec.com.br\/fr\/wp-json\/wp\/v2\/pages\/7822?print=pdf\" class=\"pdfprnt-button pdfprnt-button-pdf\" target=\"_blank\" ><img decoding=\"async\" data-src=\"https:\/\/www.geolegadodeallankardec.com.br\/wp-content\/plugins\/pdf-print\/images\/pdf.png\" alt=\"image_pdf\" title=\"PDF d&#039;affiliation\" src=\"data:image\/svg+xml;base64,PHN2ZyB3aWR0aD0iMSIgaGVpZ2h0PSIxIiB4bWxucz0iaHR0cDovL3d3dy53My5vcmcvMjAwMC9zdmciPjwvc3ZnPg==\" class=\"lazyload\" style=\"--smush-placeholder-width: 32px; --smush-placeholder-aspect-ratio: 32\/32;\" \/><\/a><a href=\"https:\/\/www.geolegadodeallankardec.com.br\/fr\/wp-json\/wp\/v2\/pages\/7822?print=print\" class=\"pdfprnt-button pdfprnt-button-print\" target=\"_blank\" ><img decoding=\"async\" data-src=\"https:\/\/www.geolegadodeallankardec.com.br\/wp-content\/plugins\/pdf-print\/images\/print.png\" alt=\"image_print\" title=\"Imprimer le contenu\" src=\"data:image\/svg+xml;base64,PHN2ZyB3aWR0aD0iMSIgaGVpZ2h0PSIxIiB4bWxucz0iaHR0cDovL3d3dy53My5vcmcvMjAwMC9zdmciPjwvc3ZnPg==\" class=\"lazyload\" style=\"--smush-placeholder-width: 32px; --smush-placeholder-aspect-ratio: 32\/32;\" \/><\/a><\/div>\n<p>Recevez nos articles directement sur votre email :<\/p>\n\n\n\n<div class=\"forminator-guttenberg\"><div class=\"forminator-ui forminator-custom-form forminator-custom-form-1239 forminator-design--default  forminator_ajax\" data-forminator-render=\"0\" data-form=\"forminator-module-1239\" data-uid=\"69eab19454ff2\"><br\/><\/div><form\n\t\t\t\tid=\"forminator-module-1239\"\n\t\t\t\tclass=\"forminator-ui forminator-custom-form forminator-custom-form-1239 forminator-design--default  forminator_ajax\"\n\t\t\t\tmethod=\"post\"\n\t\t\t\tdata-forminator-render=\"0\"\n\t\t\t\tdata-form-id=\"1239\"\n\t\t\t\t data-color-option=\"default\" data-design=\"default\" data-grid=\"open\" style=\"display: none;\"\n\t\t\t\tdata-uid=\"69eab19454ff2\" action=\"\"\n\t\t\t><div role=\"alert\" aria-live=\"polite\" class=\"forminator-response-message forminator-error\" aria-hidden=\"true\"><\/div><div class=\"forminator-row\"><div id=\"name-1\" class=\"forminator-field-name forminator-col forminator-col-12\"><div class=\"forminator-field\"><label for=\"forminator-field-name-1_69eab19454ff2\" id=\"forminator-field-name-1_69eab19454ff2-label\" class=\"forminator-label\">Pr\u00e9nom <span class=\"forminator-required\">*<\/span><\/label><input type=\"text\" name=\"name-1\" value=\"\" placeholder=\"ex John\" id=\"forminator-field-name-1_69eab19454ff2\" class=\"forminator-input forminator-name--field\" aria-required=\"true\" autocomplete=\"name\" \/><\/div><\/div><\/div><div class=\"forminator-row\"><div id=\"email-1\" class=\"forminator-field-email forminator-col forminator-col-12\"><div class=\"forminator-field\"><label for=\"forminator-field-email-1_69eab19454ff2\" id=\"forminator-field-email-1_69eab19454ff2-label\" class=\"forminator-label\">Adresse e-mail <span class=\"forminator-required\">*<\/span><\/label><input type=\"email\" name=\"email-1\" value=\"\" placeholder=\"Ancien john@doe.com\" id=\"forminator-field-email-1_69eab19454ff2\" class=\"forminator-input forminator-email--field\" data-required=\"true\" aria-required=\"true\" autocomplete=\"email\" \/><\/div><\/div><\/div><div class=\"forminator-row\" style=\"margin: 0;\"><div id=\"captcha-1\" class=\"forminator-field-captcha  forminator-col-12\"><div class=\"forminator-captcha-left forminator-g-recaptcha recaptcha-invisible\" data-theme=\"light\" data-badge=\"bottomright\" data-sitekey=\"6Ldg9WAhAAAAADweoCTbL3m0SsZ40FFTwLf1m80Z\" data-size=\"invisible\"><\/div> <\/div><\/div><input type=\"hidden\" name=\"referer_url\" value=\"\" \/><div class=\"forminator-row forminator-row-last\"><div class=\"forminator-col\"><div class=\"forminator-field\"><button class=\"forminator-button forminator-button-submit\">S&#039;inscrire<\/button><\/div><\/div><\/div><input type=\"hidden\" id=\"forminator_nonce\" name=\"forminator_nonce\" value=\"c6d32ea38e\" \/><input type=\"hidden\" name=\"_wp_http_referer\" value=\"\/fr\/wp-json\/wp\/v2\/pages\/7822\" \/><input type=\"hidden\" name=\"form_id\" value=\"1239\"><input type=\"hidden\" name=\"page_id\" value=\"7822\"><input type=\"hidden\" name=\"form_type\" value=\"default\"><input type=\"hidden\" name=\"current_url\" value=\"https:\/\/www.geolegadodeallankardec.com.br\/fr\/inscreva-se-em-nossa-newsletter\/\"><input type=\"hidden\" name=\"render_id\" value=\"0\"><input type=\"hidden\" name=\"action\" value=\"forminator_submit_form_custom-forms\"><label for=\"input_3\" class=\"forminator-hidden\" aria-hidden=\"true\">Veuillez ne pas remplir ce champ. <input id=\"input_3\" type=\"text\" name=\"input_3\" value=\"\" autocomplete=\"off\"><\/label><input type=\"hidden\" name=\"trp-form-language\" value=\"fr\"\/><\/form><\/div>","protected":false},"excerpt":{"rendered":"<p>Recevez nos articles directement sur votre email :<\/p>","protected":false},"author":12,"featured_media":0,"parent":0,"menu_order":0,"comment_status":"closed","ping_status":"closed","template":"","meta":{"footnotes":""},"class_list":["post-7822","page","type-page","status-publish","hentry"],"yoast_head":"<!-- This site is optimized with the Yoast SEO Premium plugin v21.1 (Yoast SEO v27.2) - https:\/\/yoast.com\/product\/yoast-seo-premium-wordpress\/ -->\n<title>Inscreva-se em nossa Newsletter - Grupo de Estudos O Legado de Allan Kardec<\/title>\n<meta name=\"robots\" content=\"index, follow, max-snippet:-1, max-image-preview:large, max-video-preview:-1\" \/>\n<link rel=\"canonical\" href=\"https:\/\/www.geolegadodeallankardec.com.br\/fr\/abonnez-vous-a-notre-lettre-dinformation\/\" \/>\n<meta property=\"og:locale\" content=\"fr_FR\" \/>\n<meta property=\"og:type\" content=\"article\" \/>\n<meta property=\"og:title\" content=\"Inscreva-se em nossa Newsletter\" \/>\n<meta property=\"og:description\" content=\"Receba os nossos artigos diretamente em seu e-mail:\" \/>\n<meta property=\"og:url\" content=\"https:\/\/www.geolegadodeallankardec.com.br\/fr\/abonnez-vous-a-notre-lettre-dinformation\/\" \/>\n<meta property=\"og:site_name\" content=\"Grupo de Estudos O Legado de Allan Kardec\" \/>\n<meta property=\"article:modified_time\" content=\"2023-10-15T19:55:46+00:00\" \/>\n<meta name=\"twitter:card\" content=\"summary_large_image\" \/>\n<meta name=\"twitter:label1\" content=\"Dur\u00e9e de lecture estim\u00e9e\" \/>\n\t<meta name=\"twitter:data1\" content=\"1 minute\" \/>\n<script type=\"application\/ld+json\" class=\"yoast-schema-graph\">{\"@context\":\"https:\/\/schema.org\",\"@graph\":[{\"@type\":\"WebPage\",\"@id\":\"https:\/\/www.geolegadodeallankardec.com.br\/inscreva-se-em-nossa-newsletter\/\",\"url\":\"https:\/\/www.geolegadodeallankardec.com.br\/inscreva-se-em-nossa-newsletter\/\",\"name\":\"Inscreva-se em nossa Newsletter - Grupo de Estudos O Legado de Allan Kardec\",\"isPartOf\":{\"@id\":\"https:\/\/www.geolegadodeallankardec.com.br\/es\/#website\"},\"datePublished\":\"2023-10-15T19:55:44+00:00\",\"dateModified\":\"2023-10-15T19:55:46+00:00\",\"breadcrumb\":{\"@id\":\"https:\/\/www.geolegadodeallankardec.com.br\/inscreva-se-em-nossa-newsletter\/#breadcrumb\"},\"inLanguage\":\"fr-FR\",\"potentialAction\":[{\"@type\":\"ReadAction\",\"target\":[\"https:\/\/www.geolegadodeallankardec.com.br\/inscreva-se-em-nossa-newsletter\/\"]}]},{\"@type\":\"BreadcrumbList\",\"@id\":\"https:\/\/www.geolegadodeallankardec.com.br\/inscreva-se-em-nossa-newsletter\/#breadcrumb\",\"itemListElement\":[{\"@type\":\"ListItem\",\"position\":1,\"name\":\"In\u00edcio\",\"item\":\"https:\/\/www.geolegadodeallankardec.com.br\/\"},{\"@type\":\"ListItem\",\"position\":2,\"name\":\"Inscreva-se em nossa Newsletter\"}]},{\"@type\":\"WebSite\",\"@id\":\"https:\/\/www.geolegadodeallankardec.com.br\/es\/#website\",\"url\":\"https:\/\/www.geolegadodeallankardec.com.br\/es\/\",\"name\":\"Grupo de Estudos O Legado de Allan Kardec\",\"description\":\"Grupo de Estudos voltado ao aprofundamento do estudo do Espiritismo\",\"potentialAction\":[{\"@type\":\"SearchAction\",\"target\":{\"@type\":\"EntryPoint\",\"urlTemplate\":\"https:\/\/www.geolegadodeallankardec.com.br\/es\/?s={search_term_string}\"},\"query-input\":{\"@type\":\"PropertyValueSpecification\",\"valueRequired\":true,\"valueName\":\"search_term_string\"}}],\"inLanguage\":\"fr-FR\"}]}<\/script>\n<!-- \/ Yoast SEO Premium plugin. -->","yoast_head_json":{"title":"Abonnez-vous \u00e0 notre newsletter - Groupe d&#039;\u00e9tude L&#039;h\u00e9ritage d&#039;Allan Kardec","robots":{"index":"index","follow":"follow","max-snippet":"max-snippet:-1","max-image-preview":"max-image-preview:large","max-video-preview":"max-video-preview:-1"},"canonical":"https:\/\/www.geolegadodeallankardec.com.br\/fr\/abonnez-vous-a-notre-lettre-dinformation\/","og_locale":"fr_FR","og_type":"article","og_title":"Inscreva-se em nossa Newsletter","og_description":"Receba os nossos artigos diretamente em seu e-mail:","og_url":"https:\/\/www.geolegadodeallankardec.com.br\/fr\/abonnez-vous-a-notre-lettre-dinformation\/","og_site_name":"Grupo de Estudos O Legado de Allan Kardec","article_modified_time":"2023-10-15T19:55:46+00:00","twitter_card":"summary_large_image","twitter_misc":{"Dur\u00e9e de lecture estim\u00e9e":"1 minute"},"schema":{"@context":"https:\/\/schema.org","@graph":[{"@type":"WebPage","@id":"https:\/\/www.geolegadodeallankardec.com.br\/inscreva-se-em-nossa-newsletter\/","url":"https:\/\/www.geolegadodeallankardec.com.br\/inscreva-se-em-nossa-newsletter\/","name":"Abonnez-vous \u00e0 notre newsletter - Groupe d&#039;\u00e9tude L&#039;h\u00e9ritage d&#039;Allan Kardec","isPartOf":{"@id":"https:\/\/www.geolegadodeallankardec.com.br\/es\/#website"},"datePublished":"2023-10-15T19:55:44+00:00","dateModified":"2023-10-15T19:55:46+00:00","breadcrumb":{"@id":"https:\/\/www.geolegadodeallankardec.com.br\/inscreva-se-em-nossa-newsletter\/#breadcrumb"},"inLanguage":"fr-FR","potentialAction":[{"@type":"ReadAction","target":["https:\/\/www.geolegadodeallankardec.com.br\/inscreva-se-em-nossa-newsletter\/"]}]},{"@type":"BreadcrumbList","@id":"https:\/\/www.geolegadodeallankardec.com.br\/inscreva-se-em-nossa-newsletter\/#breadcrumb","itemListElement":[{"@type":"ListItem","position":1,"name":"In\u00edcio","item":"https:\/\/www.geolegadodeallankardec.com.br\/"},{"@type":"ListItem","position":2,"name":"Inscreva-se em nossa Newsletter"}]},{"@type":"WebSite","@id":"https:\/\/www.geolegadodeallankardec.com.br\/es\/#website","url":"https:\/\/www.geolegadodeallankardec.com.br\/es\/","name":"Groupe d&#039;\u00e9tude L&#039;h\u00e9ritage d&#039;Allan Kardec","description":"Groupe d&#039;\u00e9tude visant \u00e0 approfondir l&#039;\u00e9tude du spiritisme","potentialAction":[{"@type":"SearchAction","target":{"@type":"EntryPoint","urlTemplate":"https:\/\/www.geolegadodeallankardec.com.br\/es\/?s={search_term_string}"},"query-input":{"@type":"PropertyValueSpecification","valueRequired":true,"valueName":"search_term_string"}}],"inLanguage":"fr-FR"}]}},"_links":{"self":[{"href":"https:\/\/www.geolegadodeallankardec.com.br\/fr\/wp-json\/wp\/v2\/pages\/7822","targetHints":{"allow":["GET"]}}],"collection":[{"href":"https:\/\/www.geolegadodeallankardec.com.br\/fr\/wp-json\/wp\/v2\/pages"}],"about":[{"href":"https:\/\/www.geolegadodeallankardec.com.br\/fr\/wp-json\/wp\/v2\/types\/page"}],"author":[{"embeddable":true,"href":"https:\/\/www.geolegadodeallankardec.com.br\/fr\/wp-json\/wp\/v2\/users\/12"}],"replies":[{"embeddable":true,"href":"https:\/\/www.geolegadodeallankardec.com.br\/fr\/wp-json\/wp\/v2\/comments?post=7822"}],"version-history":[{"count":1,"href":"https:\/\/www.geolegadodeallankardec.com.br\/fr\/wp-json\/wp\/v2\/pages\/7822\/revisions"}],"predecessor-version":[{"id":7824,"href":"https:\/\/www.geolegadodeallankardec.com.br\/fr\/wp-json\/wp\/v2\/pages\/7822\/revisions\/7824"}],"wp:attachment":[{"href":"https:\/\/www.geolegadodeallankardec.com.br\/fr\/wp-json\/wp\/v2\/media?parent=7822"}],"curies":[{"name":"wp","href":"https:\/\/api.w.org\/{rel}","templated":true}]}}