{"id":666,"date":"2021-08-26T14:08:26","date_gmt":"2021-08-26T17:08:26","guid":{"rendered":"https:\/\/geolegadodeallankardec.com.br\/?page_id=666"},"modified":"2023-09-13T09:46:55","modified_gmt":"2023-09-13T12:46:55","slug":"planification-des-etudes","status":"publish","type":"page","link":"https:\/\/www.geolegadodeallankardec.com.br\/fr\/planejamento-dos-estudos\/","title":{"rendered":"Planification de l&#039;\u00e9tude"},"content":{"rendered":"<div class=\"pdfprnt-buttons pdfprnt-buttons-page pdfprnt-top-right\"><a href=\"https:\/\/www.geolegadodeallankardec.com.br\/fr\/wp-json\/wp\/v2\/pages\/666?print=pdf\" class=\"pdfprnt-button pdfprnt-button-pdf\" target=\"_blank\" ><img decoding=\"async\" data-src=\"https:\/\/www.geolegadodeallankardec.com.br\/wp-content\/plugins\/pdf-print\/images\/pdf.png\" alt=\"image_pdf\" title=\"PDF d&#039;affiliation\" src=\"data:image\/svg+xml;base64,PHN2ZyB3aWR0aD0iMSIgaGVpZ2h0PSIxIiB4bWxucz0iaHR0cDovL3d3dy53My5vcmcvMjAwMC9zdmciPjwvc3ZnPg==\" class=\"lazyload\" style=\"--smush-placeholder-width: 32px; --smush-placeholder-aspect-ratio: 32\/32;\" \/><\/a><a href=\"https:\/\/www.geolegadodeallankardec.com.br\/fr\/wp-json\/wp\/v2\/pages\/666?print=print\" class=\"pdfprnt-button pdfprnt-button-print\" target=\"_blank\" ><img decoding=\"async\" data-src=\"https:\/\/www.geolegadodeallankardec.com.br\/wp-content\/plugins\/pdf-print\/images\/print.png\" alt=\"image_print\" title=\"Imprimer le contenu\" src=\"data:image\/svg+xml;base64,PHN2ZyB3aWR0aD0iMSIgaGVpZ2h0PSIxIiB4bWxucz0iaHR0cDovL3d3dy53My5vcmcvMjAwMC9zdmciPjwvc3ZnPg==\" class=\"lazyload\" style=\"--smush-placeholder-width: 32px; --smush-placeholder-aspect-ratio: 32\/32;\" \/><\/a><\/div><p>comme nous l&#039;avons dit dans\u00a0<em><a href=\"https:\/\/www.geolegadodeallankardec.com.br\/fr\/premiers-pas\/\" target=\"_blank\" rel=\"noreferrer noopener\">premiers pas<\/a><\/em>, le plan est de mener les \u00e9tudes, au moins initialement, guid\u00e9es par la Revista Esp\u00edrita. Cela nous donnera de meilleures ressources pour mieux comprendre les \u00e9tudes d&#039;Allan Kardec et nous donnera aussi des sujets \u00e0 approfondir dans d&#039;autres travaux.<\/p>\n<p>La suggestion est d&#039;organiser des r\u00e9unions virtuelles enregistr\u00e9es hebdomadaires, qui seront ensuite mises \u00e0 disposition sur notre site Web.\u00a0<a href=\"https:\/\/www.youtube.com\/channel\/UCrsXr9UwsZ4G41jGpV48hKA\" target=\"_blank\" rel=\"noreferrer noopener\">cha\u00eene Youtube<\/a>. Nous proposons d&#039;essayer de maintenir le rythme d&#039;\u00e9tude du journal pendant un mois chaque semaine, mais ce rythme peut \u00eatre acc\u00e9l\u00e9r\u00e9 ou retard\u00e9 selon le contenu trait\u00e9. L&#039;important est que chaque r\u00e9union g\u00e9n\u00e8re, au minimum :<\/p>\n<ul>\n<li>Une vid\u00e9o, contenant l&#039;enregistrement de nos discussions<\/li>\n<li>Un article, \u00e0 publier sur le site et, si possible, sur Facebook, contenant une description de ce qui a \u00e9t\u00e9 \u00e9tudi\u00e9<\/li>\n<\/ul>","protected":false},"excerpt":{"rendered":"<p>Como dissemos em\u00a0primeiros passos, o plano \u00e9 conduzir os estudos, pelo menos inicialmente, nos pautando pela Revista Esp\u00edrita. Isso nos dar\u00e1 melhores recursos para melhor entender os estudos de Allan Kardec e tamb\u00e9m nos dar\u00e1 assuntos para nos aprofundarmos em outras obras. A sugest\u00e3o \u00e9 realizarmos encontros virtuais semanais, gravados, que ser\u00e3o posteriormente disponibilizados em [&hellip;]<\/p>\n","protected":false},"author":12,"featured_media":0,"parent":0,"menu_order":0,"comment_status":"closed","ping_status":"closed","template":"","meta":{"footnotes":""},"class_list":["post-666","page","type-page","status-publish","hentry"],"yoast_head":"<!-- This site is optimized with the Yoast SEO Premium plugin v21.1 (Yoast SEO v27.2) - https:\/\/yoast.com\/product\/yoast-seo-premium-wordpress\/ -->\n<title>Planejamento dos Estudos - Grupo de Estudos O Legado de Allan Kardec<\/title>\n<meta name=\"robots\" content=\"index, follow, max-snippet:-1, max-image-preview:large, max-video-preview:-1\" \/>\n<link rel=\"canonical\" href=\"https:\/\/www.geolegadodeallankardec.com.br\/fr\/planification-des-etudes\/\" \/>\n<meta property=\"og:locale\" content=\"fr_FR\" \/>\n<meta property=\"og:type\" content=\"article\" \/>\n<meta property=\"og:title\" content=\"Planejamento dos Estudos\" \/>\n<meta property=\"og:description\" content=\"Como dissemos em\u00a0primeiros passos, o plano \u00e9 conduzir os estudos, pelo menos inicialmente, nos pautando pela Revista Esp\u00edrita. Isso nos dar\u00e1 melhores recursos para melhor entender os estudos de Allan Kardec e tamb\u00e9m nos dar\u00e1 assuntos para nos aprofundarmos em outras obras. A sugest\u00e3o \u00e9 realizarmos encontros virtuais semanais, gravados, que ser\u00e3o posteriormente disponibilizados em [&hellip;]\" \/>\n<meta property=\"og:url\" content=\"https:\/\/www.geolegadodeallankardec.com.br\/fr\/planification-des-etudes\/\" \/>\n<meta property=\"og:site_name\" content=\"Grupo de Estudos O Legado de Allan Kardec\" \/>\n<meta property=\"article:modified_time\" content=\"2023-09-13T12:46:55+00:00\" \/>\n<meta name=\"twitter:card\" content=\"summary_large_image\" \/>\n<meta name=\"twitter:label1\" content=\"Dur\u00e9e de lecture estim\u00e9e\" \/>\n\t<meta name=\"twitter:data1\" content=\"1 minute\" \/>\n<script type=\"application\/ld+json\" class=\"yoast-schema-graph\">{\"@context\":\"https:\/\/schema.org\",\"@graph\":[{\"@type\":\"WebPage\",\"@id\":\"https:\/\/www.geolegadodeallankardec.com.br\/planejamento-dos-estudos\/\",\"url\":\"https:\/\/www.geolegadodeallankardec.com.br\/planejamento-dos-estudos\/\",\"name\":\"Planejamento dos Estudos - Grupo de Estudos O Legado de Allan Kardec\",\"isPartOf\":{\"@id\":\"https:\/\/www.geolegadodeallankardec.com.br\/es\/#website\"},\"datePublished\":\"2021-08-26T17:08:26+00:00\",\"dateModified\":\"2023-09-13T12:46:55+00:00\",\"breadcrumb\":{\"@id\":\"https:\/\/www.geolegadodeallankardec.com.br\/planejamento-dos-estudos\/#breadcrumb\"},\"inLanguage\":\"fr-FR\",\"potentialAction\":[{\"@type\":\"ReadAction\",\"target\":[\"https:\/\/www.geolegadodeallankardec.com.br\/planejamento-dos-estudos\/\"]}]},{\"@type\":\"BreadcrumbList\",\"@id\":\"https:\/\/www.geolegadodeallankardec.com.br\/planejamento-dos-estudos\/#breadcrumb\",\"itemListElement\":[{\"@type\":\"ListItem\",\"position\":1,\"name\":\"In\u00edcio\",\"item\":\"https:\/\/www.geolegadodeallankardec.com.br\/\"},{\"@type\":\"ListItem\",\"position\":2,\"name\":\"Planejamento dos Estudos\"}]},{\"@type\":\"WebSite\",\"@id\":\"https:\/\/www.geolegadodeallankardec.com.br\/es\/#website\",\"url\":\"https:\/\/www.geolegadodeallankardec.com.br\/es\/\",\"name\":\"Grupo de Estudos O Legado de Allan Kardec\",\"description\":\"Grupo de Estudos voltado ao aprofundamento do estudo do Espiritismo\",\"potentialAction\":[{\"@type\":\"SearchAction\",\"target\":{\"@type\":\"EntryPoint\",\"urlTemplate\":\"https:\/\/www.geolegadodeallankardec.com.br\/es\/?s={search_term_string}\"},\"query-input\":{\"@type\":\"PropertyValueSpecification\",\"valueRequired\":true,\"valueName\":\"search_term_string\"}}],\"inLanguage\":\"fr-FR\"}]}<\/script>\n<!-- \/ Yoast SEO Premium plugin. -->","yoast_head_json":{"title":"Planification de l&#039;\u00e9tude - Groupe d&#039;\u00e9tude L&#039;h\u00e9ritage d&#039;Allan Kardec","robots":{"index":"index","follow":"follow","max-snippet":"max-snippet:-1","max-image-preview":"max-image-preview:large","max-video-preview":"max-video-preview:-1"},"canonical":"https:\/\/www.geolegadodeallankardec.com.br\/fr\/planification-des-etudes\/","og_locale":"fr_FR","og_type":"article","og_title":"Planejamento dos Estudos","og_description":"Como dissemos em\u00a0primeiros passos, o plano \u00e9 conduzir os estudos, pelo menos inicialmente, nos pautando pela Revista Esp\u00edrita. Isso nos dar\u00e1 melhores recursos para melhor entender os estudos de Allan Kardec e tamb\u00e9m nos dar\u00e1 assuntos para nos aprofundarmos em outras obras. A sugest\u00e3o \u00e9 realizarmos encontros virtuais semanais, gravados, que ser\u00e3o posteriormente disponibilizados em [&hellip;]","og_url":"https:\/\/www.geolegadodeallankardec.com.br\/fr\/planification-des-etudes\/","og_site_name":"Grupo de Estudos O Legado de Allan Kardec","article_modified_time":"2023-09-13T12:46:55+00:00","twitter_card":"summary_large_image","twitter_misc":{"Dur\u00e9e de lecture estim\u00e9e":"1 minute"},"schema":{"@context":"https:\/\/schema.org","@graph":[{"@type":"WebPage","@id":"https:\/\/www.geolegadodeallankardec.com.br\/planejamento-dos-estudos\/","url":"https:\/\/www.geolegadodeallankardec.com.br\/planejamento-dos-estudos\/","name":"Planification de l&#039;\u00e9tude - Groupe d&#039;\u00e9tude L&#039;h\u00e9ritage d&#039;Allan Kardec","isPartOf":{"@id":"https:\/\/www.geolegadodeallankardec.com.br\/es\/#website"},"datePublished":"2021-08-26T17:08:26+00:00","dateModified":"2023-09-13T12:46:55+00:00","breadcrumb":{"@id":"https:\/\/www.geolegadodeallankardec.com.br\/planejamento-dos-estudos\/#breadcrumb"},"inLanguage":"fr-FR","potentialAction":[{"@type":"ReadAction","target":["https:\/\/www.geolegadodeallankardec.com.br\/planejamento-dos-estudos\/"]}]},{"@type":"BreadcrumbList","@id":"https:\/\/www.geolegadodeallankardec.com.br\/planejamento-dos-estudos\/#breadcrumb","itemListElement":[{"@type":"ListItem","position":1,"name":"In\u00edcio","item":"https:\/\/www.geolegadodeallankardec.com.br\/"},{"@type":"ListItem","position":2,"name":"Planejamento dos Estudos"}]},{"@type":"WebSite","@id":"https:\/\/www.geolegadodeallankardec.com.br\/es\/#website","url":"https:\/\/www.geolegadodeallankardec.com.br\/es\/","name":"Groupe d&#039;\u00e9tude L&#039;h\u00e9ritage d&#039;Allan Kardec","description":"Groupe d&#039;\u00e9tude visant \u00e0 approfondir l&#039;\u00e9tude du spiritisme","potentialAction":[{"@type":"SearchAction","target":{"@type":"EntryPoint","urlTemplate":"https:\/\/www.geolegadodeallankardec.com.br\/es\/?s={search_term_string}"},"query-input":{"@type":"PropertyValueSpecification","valueRequired":true,"valueName":"search_term_string"}}],"inLanguage":"fr-FR"}]}},"_links":{"self":[{"href":"https:\/\/www.geolegadodeallankardec.com.br\/fr\/wp-json\/wp\/v2\/pages\/666","targetHints":{"allow":["GET"]}}],"collection":[{"href":"https:\/\/www.geolegadodeallankardec.com.br\/fr\/wp-json\/wp\/v2\/pages"}],"about":[{"href":"https:\/\/www.geolegadodeallankardec.com.br\/fr\/wp-json\/wp\/v2\/types\/page"}],"author":[{"embeddable":true,"href":"https:\/\/www.geolegadodeallankardec.com.br\/fr\/wp-json\/wp\/v2\/users\/12"}],"replies":[{"embeddable":true,"href":"https:\/\/www.geolegadodeallankardec.com.br\/fr\/wp-json\/wp\/v2\/comments?post=666"}],"version-history":[{"count":5,"href":"https:\/\/www.geolegadodeallankardec.com.br\/fr\/wp-json\/wp\/v2\/pages\/666\/revisions"}],"predecessor-version":[{"id":7262,"href":"https:\/\/www.geolegadodeallankardec.com.br\/fr\/wp-json\/wp\/v2\/pages\/666\/revisions\/7262"}],"wp:attachment":[{"href":"https:\/\/www.geolegadodeallankardec.com.br\/fr\/wp-json\/wp\/v2\/media?parent=666"}],"curies":[{"name":"wp","href":"https:\/\/api.w.org\/{rel}","templated":true}]}}