{"id":5930,"date":"2022-04-21T18:39:28","date_gmt":"2022-04-21T21:39:28","guid":{"rendered":"https:\/\/www.geolegadodeallankardec.com.br\/tds-login-register\/"},"modified":"2026-05-01T16:38:29","modified_gmt":"2026-05-01T19:38:29","slug":"tds-login-registre","status":"publish","type":"page","link":"https:\/\/www.geolegadodeallankardec.com.br\/fr\/tds-login-register\/","title":{"rendered":"Connecter"},"content":{"rendered":"<div class=\"pdfprnt-buttons pdfprnt-buttons-page pdfprnt-top-right\"><a href=\"https:\/\/www.geolegadodeallankardec.com.br\/fr\/wp-json\/wp\/v2\/pages\/5930?print=pdf\" class=\"pdfprnt-button pdfprnt-button-pdf\" target=\"_blank\" ><img decoding=\"async\" data-src=\"https:\/\/www.geolegadodeallankardec.com.br\/wp-content\/plugins\/pdf-print\/images\/pdf.png\" alt=\"image_pdf\" title=\"PDF d&#039;affiliation\" src=\"data:image\/svg+xml;base64,PHN2ZyB3aWR0aD0iMSIgaGVpZ2h0PSIxIiB4bWxucz0iaHR0cDovL3d3dy53My5vcmcvMjAwMC9zdmciPjwvc3ZnPg==\" class=\"lazyload\" style=\"--smush-placeholder-width: 32px; --smush-placeholder-aspect-ratio: 32\/32;\" \/><\/a><a href=\"https:\/\/www.geolegadodeallankardec.com.br\/fr\/wp-json\/wp\/v2\/pages\/5930?print=print\" class=\"pdfprnt-button pdfprnt-button-print\" target=\"_blank\" ><img decoding=\"async\" data-src=\"https:\/\/www.geolegadodeallankardec.com.br\/wp-content\/plugins\/pdf-print\/images\/print.png\" alt=\"image_print\" title=\"Imprimer le contenu\" src=\"data:image\/svg+xml;base64,PHN2ZyB3aWR0aD0iMSIgaGVpZ2h0PSIxIiB4bWxucz0iaHR0cDovL3d3dy53My5vcmcvMjAwMC9zdmciPjwvc3ZnPg==\" class=\"lazyload\" style=\"--smush-placeholder-width: 32px; --smush-placeholder-aspect-ratio: 32\/32;\" \/><\/a><\/div><h2>Se connecter<\/h2>\n<div id=\"user-registration\" class=\"user-registration\">\n<div class=\"ur-frontend-form login\" id=\"ur-frontend-form\">\n\t\t<form class=\"user-registration-form user-registration-form-login login\" method=\"post\" action=\"\">\n\t\t<div class=\"ur-form-row\">\n\t\t\t<div class=\"ur-form-grid\">\n\t\t\t\t\t\t\t\t\t\t\t\t<div\n\t\t\t\t\tclass=\"user-registration-form-row user-registration-form-row--wide form-row form-row-wide\"\n\t\t\t\t\tdata-field=\"username\">\n\t\t\t\t\t<label for=\"username\">Nom d&#039;utilisateur ou adresse e-mail <span class=\"required\">*<\/span><\/label>\t\t\t\t\t<span class=\"input-wrapper\">\n\t\t\t\t\t\t<input placeholder=\"\" type=\"text\"\n\t\t\t\t\t\t\t\tclass=\"user-registration-Input user-registration-Input--text input-text\" name=\"username\"\n\t\t\t\t\t\t\t\tid=\"username\"\n\t\t\t\t\t\t\t   value=\"\"\n\t\t\t\t\t\t\t\tstyle=\"\"\n\t\t\t\t\t\t\t\t\t\t\t\t\t\t\/>\n\t\t\t\t\t\t\t\t\t\t\t\t<\/span>\n\t\t\t\t<\/div>\n\t\t\t\t\t\t\t\t\t<div\n\t\t\t\t\t\tclass=\"user-registration-form-row user-registration-form-row--wide form-row form-row-wide\"\n\t\t\t\t\t\tdata-field=\"password\">\n\t\t\t\t\t\t<label for=\"password\">Mot de passe <span class=\"required\">*<\/span><\/label>\t\t\t\t\t\t<span class=\"input-wrapper\">\n\t\t\t\t\t\t<span class=\"password-input-group\">\n\t\t\t\t\t\t<input\n\t\t\t\t\t\t\tplaceholder=\"\"\n\t\t\t\t\t\t\tclass=\"user-registration-Input user-registration-Input--text input-text\" type=\"password\"\n\t\t\t\t\t\t\tname=\"password\" id=\"password\"\n\t\t\t\t\t\t\tstyle=\"\"\n\t\t\t\t\t\t\t\t\t\t\t\t\t\/>\n\n\t\t\t\t\t\t\t\t\t\t\t\t\t\t\t\t\t\t\t<\/span>\n\t\t\t\t\t<\/div>\n\t\t\t\t\t\t\t\t\n\t\t\t\t\t\t\t\t<div class=\"form-row\">\n\t\t\t\t\t<input type=\"hidden\" id=\"user-registration-login-nonce\" name=\"user-registration-login-nonce\" value=\"f45763af8d\" \/><input type=\"hidden\" name=\"_wp_http_referer\" value=\"\/fr\/wp-json\/wp\/v2\/pages\/5930\" \/>\t\t\t\t\t\t<div class=\"user-registration-before-login-btn\">\n\t\t\t\t\t\t\t\t\t\t\t\t\t\t\t<div class=\"\" data-field=\"remember-me\">\n\t\t\t\t\t\t\t\t\t<label\n\t\t\t\t\t\t\t\t\t\tclass=\"user-registration-form__label user-registration-form__label-for-checkbox inline\">\n\t\t\t\t\t\t\t\t\t\t<input\n\t\t\t\t\t\t\t\t\t\t\tclass=\"user-registration-form__input user-registration-form__input-checkbox\"\n\t\t\t\t\t\t\t\t\t\t\tname=\"rememberme\" type=\"checkbox\" id=\"rememberme\" value=\"forever\"\n\t\t\t\t\t\t\t\t\t\t\t\t\t\t\t\t\t\t\t\t\t\/>\n\t\t\t\t\t\t\t\t\t\t<span>Se souvenir<\/span>\n\t\t\t\t\t\t\t\t\t<\/label>\n\t\t\t\t\t\t\t\t<\/div>\n\t\t\t\t\t\t\t\t\t\t\t\t\t\t\t\t\t\t\t\t\t\t\t<div data-field=\"lost-password\"\n\t\t\t\t\t\t\t\t\tclass=\"user-registration-LostPassword lost_password\">\n\t\t\t\t\t\t\t\t\t<label\n\t\t\t\t\t\t\t\t\t\tclass=\"user-registration-form__label user-registration-form__label-for-checkbox inline\">\n\t\t\t\t\t\t\t\t\t\t<a href=\"https:\/\/www.geolegadodeallankardec.com.br\/fr\/perdi-minha-senha\/\">Mot de passe oubli\u00e9 ?<\/a>\n\t\t\t\t\t\t\t\t\t<\/label>\n\t\t\t\t\t\t\t\t<\/div>\n\t\t\t\t\t\t\t\t\t\t\t\t\t\t<\/div>\n\t\t\t\t\t\t\t\t\t\t<\/div>\n\t\t\t\t<div data-field=\"login-button\" class=\"\">\n\t\t\t\t\t\t\t\t\t\t\t\t\t\t\t\t<button type=\"submit\"\n\t\t\t\t\t\t\t\tclass=\"user-registration-Button button ur-submit-button\"\n\t\t\t\t\t\t\t\tid=\"user_registration_ajax_login_submit\" name=\"login\"\n\t\t\t\t\t\t\t\tvalue=\"Login\">Se connecter\t\t\t\t\t\t\t<span><\/span><\/button>\n\t\t\t\t\t\t\t\t\t<\/div>\n\t\t\t\t<input type=\"hidden\" name=\"redirect\"\n\t\t\t\t\t\tvalue=\"\"\/>\n\t\t\t\t<input type=\"hidden\" name=\"previous_page\" value=\"\"\/>\n\t\t\t\t\t\t\t\t\t\t\t<\/div>\n\t\t<\/div>\n\t<input type=\"hidden\" name=\"trp-form-language\" value=\"fr\"\/><\/form>\n<\/div>\n\n<\/div>\n<h2>S&#039;inscrire<\/h2>\n\t<div class='user-registration ur-frontend-form' id='user-registration-form-30'>\n\t\t\t\t\t\t\t\t<form method='post' class='register' data-form-id=\"30\"\n\t\t\t\tdata-enable-strength-password=\"\" data-minimum-password-strength=\"3\"\n\t\t\t\t\t\t\t\t\t\t\t\t\t\t\t data-captcha-enabled=\"\" action=\"\">\n\n\t\t\t\t<div class=\"ur-form-row\" data-row-id=\"0\">\t\t\t\t\t\t\t<div class=\"ur-form-grid ur-grid-1\"\n\t\t\t\t\t\t\t\tstyle=\"width:99%\">\n\t\t\t\t\t\t\t\t\t\t\t\t\t\t\t\t<div  data-field-id=\"user_login\" class=\"ur-field-item field-user_login\" data-ref-id=\"user_login\" data-field-pattern-enabled=\"0\" data-field-pattern-value=\" \" data-field-pattern-message=\" \">\n\t\t\t\t\t\t\t\t\t\t<div class=\"form-row validate-required\" id=\"user_login_field\" data-priority=\"\" ><label for=\"user_login\" class=\"ur-label\">Utilisateur <abbr class=\"required\" title=\"required\">*<\/abbr><\/label> <span class=\"input-wrapper\"> <input  data-rules=\"\" data-id=\"user_login\" type=\"text\" class=\"input-text   input-text ur-frontend-field\" name=\"user_login\" id=\"user_login\" placeholder=\"\"  value=\"\" required=\"required\" data-label=\"Usu\u00e1rio\" data-username-character=\"1\"\/> <\/span> <\/div>\t\t\t\t\t\t\t\t\t<\/div>\n\t\t\t\t\t\t\t\t\t\t\t\t\t\t\t\t\t\t<div  data-field-id=\"first_name\" class=\"ur-field-item field-first_name\" data-ref-id=\"first_name\" data-field-pattern-enabled=\"0\" data-field-pattern-value=\" \" data-field-pattern-message=\" \">\n\t\t\t\t\t\t\t\t\t\t<div class=\"form-row validate-required\" id=\"first_name_field\" data-priority=\"\" ><label for=\"first_name\" class=\"ur-label\">Pr\u00e9nom <abbr class=\"required\" title=\"required\">*<\/abbr><\/label> <span class=\"input-wrapper\"> <input  data-rules=\"\" data-id=\"first_name\" type=\"text\" class=\"input-text   input-text ur-frontend-field\" name=\"first_name\" id=\"first_name\" placeholder=\"\"  value=\"\" required=\"required\" data-label=\"Primeiro Nome\" \/> <\/span> <\/div>\t\t\t\t\t\t\t\t\t<\/div>\n\t\t\t\t\t\t\t\t\t\t\t\t\t\t\t\t\t\t<div  data-field-id=\"last_name\" class=\"ur-field-item field-last_name\" data-ref-id=\"last_name\" data-field-pattern-enabled=\"0\" data-field-pattern-value=\" \" data-field-pattern-message=\" \">\n\t\t\t\t\t\t\t\t\t\t<div class=\"form-row\" id=\"last_name_field\" data-priority=\"\" ><label for=\"last_name\" class=\"ur-label\">Nom de famille<\/label> <span class=\"input-wrapper\"> <input  data-rules=\"\" data-id=\"last_name\" type=\"text\" class=\"input-text   input-text ur-frontend-field\" name=\"last_name\" id=\"last_name\" placeholder=\"\"  value=\"\" data-label=\"\u00daltimo nome\" \/> <\/span> <\/div>\t\t\t\t\t\t\t\t\t<\/div>\n\t\t\t\t\t\t\t\t\t\t\t\t\t\t\t\t\t\t<div  data-field-id=\"user_email\" class=\"ur-field-item field-user_email\" data-ref-id=\"user_email\" data-field-pattern-enabled=\"0\" data-field-pattern-value=\" \" data-field-pattern-message=\" \">\n\t\t\t\t\t\t\t\t\t\t<div class=\"form-row validate-required\" id=\"user_email_field\" data-priority=\"\" ><label for=\"user_email\" class=\"ur-label\">E-mail <abbr class=\"required\" title=\"required\">*<\/abbr><\/label> <span class=\"input-wrapper\"> <input  data-rules=\"\" data-id=\"user_email\" type=\"email\" class=\"input-text   input-email ur-frontend-field\" name=\"user_email\" id=\"user_email\" placeholder=\"\"  value=\"\" required=\"required\" data-label=\"E-mail\" \/> <\/span> <\/div>\t\t\t\t\t\t\t\t\t<\/div>\n\t\t\t\t\t\t\t\t\t\t\t\t\t\t\t\t\t\t<div  data-field-id=\"user_pass\" class=\"ur-field-item field-user_pass\" data-ref-id=\"user_pass\" data-field-pattern-enabled=\"0\" data-field-pattern-value=\" \" data-field-pattern-message=\" \">\n\t\t\t\t\t\t\t\t\t\t<div class=\"form-row validate-required hide_show_password\" id=\"user_pass_field\" data-priority=\"\"><label for=\"user_pass\" class=\"ur-label\">Mot de passe <abbr class=\"required\" title=\"required\">*<\/abbr><\/label> <span class=\"input-wrapper\"> <span class=\"password-input-group input-form-field-icons\"><input data-rules=\"\" data-id=\"user_pass\" type=\"password\" class=\"input-text  input-password ur-frontend-field\" name=\"user_pass\" id=\"user_pass\" placeholder=\"\"  value=\"\" required=\"required\" data-label=\"Senha\" \/><\/span> <\/span> <\/div>\t\t\t\t\t\t\t\t\t<\/div>\n\t\t\t\t\t\t\t\t\t\t\t\t\t\t\t\t\t\t<div  data-field-id=\"user_confirm_password\" class=\"ur-field-item field-user_confirm_password\" data-ref-id=\"user_confirm_password\" data-field-pattern-enabled=\"0\" data-field-pattern-value=\" \" data-field-pattern-message=\" \">\n\t\t\t\t\t\t\t\t\t\t<div class=\"form-row validate-required hide_show_password\" id=\"user_confirm_password_field\" data-priority=\"\"><label for=\"user_confirm_password\" class=\"ur-label\">Confirmez le mot de passe <abbr class=\"required\" title=\"required\">*<\/abbr><\/label> <span class=\"input-wrapper\"> <span class=\"password-input-group input-form-field-icons\"><input data-rules=\"\" data-id=\"user_confirm_password\" type=\"password\" class=\"input-text  input-password ur-frontend-field\" name=\"user_confirm_password\" id=\"user_confirm_password\" placeholder=\"\"  value=\"\" required=\"required\" data-label=\"Confirme a senha\" \/><\/span> <\/span> <\/div>\t\t\t\t\t\t\t\t\t<\/div>\n\t\t\t\t\t\t\t\t\t\t\t\t\t\t\t\t\t\t<div  data-field-id=\"input_box_1629739234\" class=\"ur-field-item field-text\" data-ref-id=\"input_box_1629739234\" data-field-pattern-enabled=\"0\" data-field-pattern-value=\" \" data-field-pattern-message=\" \">\n\t\t\t\t\t\t\t\t\t\t<div class=\"form-row validate-required\" id=\"input_box_1629739234_field\" data-priority=\"\" ><label for=\"input_box_1629739234\" class=\"ur-label\">Votre num\u00e9ro de t\u00e9l\u00e9phone <abbr class=\"required\" title=\"required\">*<\/abbr><\/label> <span class=\"input-wrapper\"> <input  data-rules=\"\" data-id=\"input_box_1629739234\" type=\"text\" class=\"input-text   input-text ur-frontend-field\" name=\"input_box_1629739234\" id=\"input_box_1629739234\" placeholder=\"\"  value=\"\" required=\"required\" data-label=\"Seu n\u00famero de telefone\" maxlength=\"20\" \/> <\/span> <span class=\"description\">Pour rejoindre le groupe Telegram, vous devez avoir le m\u00eame num\u00e9ro.<\/span><\/div>\t\t\t\t\t\t\t\t\t<\/div>\n\t\t\t\t\t\t\t\t\t\t\t\t\t\t\t\t\t\t<div  data-field-id=\"check_box_1629738604\" class=\"ur-field-item field-checkbox\" data-ref-id=\"check_box_1629738604\" data-field-pattern-enabled=\"0\" data-field-pattern-value=\" \" data-field-pattern-message=\" \">\n\t\t\t\t\t\t\t\t\t\t<div class=\"form-row validate-required\" id=\"check_box_1629738604_field\" data-priority=\"\" ><label class=\"ur-label\" required=\"required\" data-label=\"Confirmo que li e aceito o Regimento do grupo\">Je confirme avoir lu et accept\u00e9 les statuts du groupe. <abbr class=\"required\" title=\"required\">*<\/abbr><\/label><ul ><li class=\"ur-checkbox-list\"><input data-rules=\"\" data-id=\"check_box_1629738604[]\" required=\"required\" data-label=\"Confirmo que li e aceito o Regimento do grupo\" data-value=\"Confirmo\" type=\"checkbox\" class=\"input-checkbox ur-frontend-field\" name=\"check_box_1629738604[]\" id=\"check_box_1629738604_Confirmo\" value=\"Confirmo\" \/><label class=\"ur-checkbox-label\" for=\"check_box_1629738604_Confirmo\">Je confirme<\/label> <\/li><\/ul><span class=\"description\"><a href='https:\/\/www.geolegadodeallankardec.com.br\/fr\/regiment\/'>Cliquez ici pour lire le R\u00e8glement Int\u00e9rieur du Groupe<\/span><\/div>\t\t\t\t\t\t\t\t\t<\/div>\n\t\t\t\t\t\t\t\t\t\t\t\t\t\t\t\t\t\t<div  data-field-id=\"description\" class=\"ur-field-item field-description\" data-ref-id=\"description\" data-field-pattern-enabled=\"0\" data-field-pattern-value=\" \" data-field-pattern-message=\" \">\n\t\t\t\t\t\t\t\t\t\t<div class=\"form-row\" id=\"description_field\" data-priority=\"\" ><label for=\"description\" class=\"ur-label\">Sur moi<\/label><textarea style=\"margin-bottom:0px;\" data-rules=\"\" data-id=\"description\" name=\"description\" class=\"input-text ur-frontend-field\" id=\"description\" placeholder=\"\"  rows=\"2\" cols=\"5\"data-label=\"Sobre mim\"><\/textarea><div style=\"text-align: right; font-size:14px; color:#737373; margin-top:0px;\"> <div class=\"ur-input-count\" data-count-type=\"characters\" style=\"display: inline-block; margin-right: 1px;\">0<\/div>&nbsp;<div style=\"display: inline-block;\"> characters<\/div><\/div><\/div>\t\t\t\t\t\t\t\t\t<\/div>\n\t\t\t\t\t\t\t\t\t\t\t\t\t\t\t\t<\/div>\n\t\t\t\t\t\t\t\t\t\t\t\t\t<\/div>\n\t\t\t\t\t\t<div class=\"ur-form-row\" data-row-id=\"1\">\t\t\t\t\t\t\t<div class=\"ur-form-grid ur-grid-1\"\n\t\t\t\t\t\t\t\tstyle=\"width:99%\">\n\t\t\t\t\t\t\t\t\t\t\t\t\t\t<\/div>\n\t\t\t\t\t\t\t\t\t\t\t\t\t<\/div>\n\t\t\t\t\t\t\t\t\t\t\t\t\t\t\t\t\t\t<div class=\"ur-button-container\" >\n\t\t\t\t\t\t\t\t\t\t\t\t\t\t<button type=\"submit\" class=\"btn button ur-submit-button\"  conditional_rules=\"&quot;&quot;\">\n\t\t\t\t\t\t\t\t<span><\/span>\n\t\t\t\t\t\t\t\tRegistre\t\t\t\t\t\t\t<\/button>\n\t\t\t\t\t\t\t\t\t\t\t\t\t\t\t\t\t\t\t\t<\/div>\n\t\t\t\t\t\t\n\t\t\t\t<div style=\"clear:both\"><\/div>\n\t\t\t\t\t\t\t\t<input type=\"hidden\" name=\"ur-registration-language\" value=\"fr-FR\"\/>\n\t\t\t\t<input type=\"hidden\" name=\"ur-user-form-id\" value=\"30\"\/>\n\t\t\t\t<input type=\"hidden\" name=\"ur-redirect-url\" value=\"https:\/\/www.geolegadodeallankardec.com.br\/fr\/minha-conta\/\"\/>\n\t\t\t\t<input type=\"hidden\" id=\"ur_frontend_form_nonce\" name=\"ur_frontend_form_nonce\" value=\"324432c58d\" \/>\n\t\t\t\t\n\t\t\t<input type=\"hidden\" name=\"trp-form-language\" value=\"fr\"\/><\/form>\n\t\t\t\n\t\t<div style=\"clear:both\"><\/div>\n\t<\/div>","protected":false},"excerpt":{"rendered":"<p>Se connecter S&#039;inscrire<\/p>","protected":false},"author":12,"featured_media":0,"parent":0,"menu_order":0,"comment_status":"closed","ping_status":"closed","template":"elementor_header_footer","meta":{"footnotes":""},"class_list":["post-5930","page","type-page","status-publish","hentry"],"yoast_head":"<!-- This site is optimized with the Yoast SEO Premium plugin v21.1 (Yoast SEO v27.4) - https:\/\/yoast.com\/product\/yoast-seo-premium-wordpress\/ -->\n<title>Conectar-se - Grupo de Estudos O Legado de Allan Kardec<\/title>\n<meta name=\"robots\" content=\"index, follow, max-snippet:-1, max-image-preview:large, max-video-preview:-1\" \/>\n<link rel=\"canonical\" href=\"https:\/\/www.geolegadodeallankardec.com.br\/fr\/tds-login-registre\/\" \/>\n<meta property=\"og:locale\" content=\"fr_FR\" \/>\n<meta property=\"og:type\" content=\"article\" \/>\n<meta property=\"og:title\" content=\"Conectar-se\" \/>\n<meta property=\"og:description\" content=\"Fazer Login Registrar-se\" \/>\n<meta property=\"og:url\" content=\"https:\/\/www.geolegadodeallankardec.com.br\/fr\/tds-login-registre\/\" \/>\n<meta property=\"og:site_name\" content=\"Grupo de Estudos O Legado de Allan Kardec\" \/>\n<meta property=\"article:modified_time\" content=\"2026-05-01T19:38:29+00:00\" \/>\n<meta name=\"twitter:card\" content=\"summary_large_image\" \/>\n<meta name=\"twitter:label1\" content=\"Dur\u00e9e de lecture estim\u00e9e\" \/>\n\t<meta name=\"twitter:data1\" content=\"1 minute\" \/>\n<script type=\"application\/ld+json\" class=\"yoast-schema-graph\">{\"@context\":\"https:\\\/\\\/schema.org\",\"@graph\":[{\"@type\":\"WebPage\",\"@id\":\"https:\\\/\\\/www.geolegadodeallankardec.com.br\\\/tds-login-register\\\/\",\"url\":\"https:\\\/\\\/www.geolegadodeallankardec.com.br\\\/tds-login-register\\\/\",\"name\":\"Conectar-se - Grupo de Estudos O Legado de Allan Kardec\",\"isPartOf\":{\"@id\":\"https:\\\/\\\/www.geolegadodeallankardec.com.br\\\/es\\\/#website\"},\"datePublished\":\"2022-04-21T21:39:28+00:00\",\"dateModified\":\"2026-05-01T19:38:29+00:00\",\"breadcrumb\":{\"@id\":\"https:\\\/\\\/www.geolegadodeallankardec.com.br\\\/tds-login-register\\\/#breadcrumb\"},\"inLanguage\":\"fr-FR\",\"potentialAction\":[{\"@type\":\"ReadAction\",\"target\":[\"https:\\\/\\\/www.geolegadodeallankardec.com.br\\\/tds-login-register\\\/\"]}]},{\"@type\":\"BreadcrumbList\",\"@id\":\"https:\\\/\\\/www.geolegadodeallankardec.com.br\\\/tds-login-register\\\/#breadcrumb\",\"itemListElement\":[{\"@type\":\"ListItem\",\"position\":1,\"name\":\"In\u00edcio\",\"item\":\"https:\\\/\\\/www.geolegadodeallankardec.com.br\\\/\"},{\"@type\":\"ListItem\",\"position\":2,\"name\":\"Conectar-se\"}]},{\"@type\":\"WebSite\",\"@id\":\"https:\\\/\\\/www.geolegadodeallankardec.com.br\\\/es\\\/#website\",\"url\":\"https:\\\/\\\/www.geolegadodeallankardec.com.br\\\/es\\\/\",\"name\":\"Grupo de Estudos O Legado de Allan Kardec\",\"description\":\"Grupo de Estudos voltado ao aprofundamento do estudo do Espiritismo\",\"potentialAction\":[{\"@type\":\"SearchAction\",\"target\":{\"@type\":\"EntryPoint\",\"urlTemplate\":\"https:\\\/\\\/www.geolegadodeallankardec.com.br\\\/es\\\/?s={search_term_string}\"},\"query-input\":{\"@type\":\"PropertyValueSpecification\",\"valueRequired\":true,\"valueName\":\"search_term_string\"}}],\"inLanguage\":\"fr-FR\"}]}<\/script>\n<!-- \/ Yoast SEO Premium plugin. -->","yoast_head_json":{"title":"Connect - Groupe d&#039;\u00e9tude L&#039;h\u00e9ritage d&#039;Allan Kardec","robots":{"index":"index","follow":"follow","max-snippet":"max-snippet:-1","max-image-preview":"max-image-preview:large","max-video-preview":"max-video-preview:-1"},"canonical":"https:\/\/www.geolegadodeallankardec.com.br\/fr\/tds-login-registre\/","og_locale":"fr_FR","og_type":"article","og_title":"Conectar-se","og_description":"Fazer Login Registrar-se","og_url":"https:\/\/www.geolegadodeallankardec.com.br\/fr\/tds-login-registre\/","og_site_name":"Grupo de Estudos O Legado de Allan Kardec","article_modified_time":"2026-05-01T19:38:29+00:00","twitter_card":"summary_large_image","twitter_misc":{"Dur\u00e9e de lecture estim\u00e9e":"1 minute"},"schema":{"@context":"https:\/\/schema.org","@graph":[{"@type":"WebPage","@id":"https:\/\/www.geolegadodeallankardec.com.br\/tds-login-register\/","url":"https:\/\/www.geolegadodeallankardec.com.br\/tds-login-register\/","name":"Connect - Groupe d&#039;\u00e9tude L&#039;h\u00e9ritage d&#039;Allan Kardec","isPartOf":{"@id":"https:\/\/www.geolegadodeallankardec.com.br\/es\/#website"},"datePublished":"2022-04-21T21:39:28+00:00","dateModified":"2026-05-01T19:38:29+00:00","breadcrumb":{"@id":"https:\/\/www.geolegadodeallankardec.com.br\/tds-login-register\/#breadcrumb"},"inLanguage":"fr-FR","potentialAction":[{"@type":"ReadAction","target":["https:\/\/www.geolegadodeallankardec.com.br\/tds-login-register\/"]}]},{"@type":"BreadcrumbList","@id":"https:\/\/www.geolegadodeallankardec.com.br\/tds-login-register\/#breadcrumb","itemListElement":[{"@type":"ListItem","position":1,"name":"In\u00edcio","item":"https:\/\/www.geolegadodeallankardec.com.br\/"},{"@type":"ListItem","position":2,"name":"Conectar-se"}]},{"@type":"WebSite","@id":"https:\/\/www.geolegadodeallankardec.com.br\/es\/#website","url":"https:\/\/www.geolegadodeallankardec.com.br\/es\/","name":"Groupe d&#039;\u00e9tude L&#039;h\u00e9ritage d&#039;Allan Kardec","description":"Groupe d&#039;\u00e9tude visant \u00e0 approfondir l&#039;\u00e9tude du spiritisme","potentialAction":[{"@type":"SearchAction","target":{"@type":"EntryPoint","urlTemplate":"https:\/\/www.geolegadodeallankardec.com.br\/es\/?s={search_term_string}"},"query-input":{"@type":"PropertyValueSpecification","valueRequired":true,"valueName":"search_term_string"}}],"inLanguage":"fr-FR"}]}},"_links":{"self":[{"href":"https:\/\/www.geolegadodeallankardec.com.br\/fr\/wp-json\/wp\/v2\/pages\/5930","targetHints":{"allow":["GET"]}}],"collection":[{"href":"https:\/\/www.geolegadodeallankardec.com.br\/fr\/wp-json\/wp\/v2\/pages"}],"about":[{"href":"https:\/\/www.geolegadodeallankardec.com.br\/fr\/wp-json\/wp\/v2\/types\/page"}],"author":[{"embeddable":true,"href":"https:\/\/www.geolegadodeallankardec.com.br\/fr\/wp-json\/wp\/v2\/users\/12"}],"replies":[{"embeddable":true,"href":"https:\/\/www.geolegadodeallankardec.com.br\/fr\/wp-json\/wp\/v2\/comments?post=5930"}],"version-history":[{"count":3,"href":"https:\/\/www.geolegadodeallankardec.com.br\/fr\/wp-json\/wp\/v2\/pages\/5930\/revisions"}],"predecessor-version":[{"id":9386,"href":"https:\/\/www.geolegadodeallankardec.com.br\/fr\/wp-json\/wp\/v2\/pages\/5930\/revisions\/9386"}],"wp:attachment":[{"href":"https:\/\/www.geolegadodeallankardec.com.br\/fr\/wp-json\/wp\/v2\/media?parent=5930"}],"curies":[{"name":"wp","href":"https:\/\/api.w.org\/{rel}","templated":true}]}}