{"id":589,"date":"2021-08-26T10:13:40","date_gmt":"2021-08-26T13:13:40","guid":{"rendered":"https:\/\/geolegadodeallankardec.com.br\/?page_id=589"},"modified":"2023-09-13T09:44:33","modified_gmt":"2023-09-13T12:44:33","slug":"informations-groupe","status":"publish","type":"page","link":"https:\/\/www.geolegadodeallankardec.com.br\/fr\/informacoes-do-grupo\/","title":{"rendered":"Informations sur le groupe"},"content":{"rendered":"<div class=\"pdfprnt-buttons pdfprnt-buttons-page pdfprnt-top-right\"><a href=\"https:\/\/www.geolegadodeallankardec.com.br\/fr\/wp-json\/wp\/v2\/pages\/589?print=pdf\" class=\"pdfprnt-button pdfprnt-button-pdf\" target=\"_blank\" ><img decoding=\"async\" data-src=\"https:\/\/www.geolegadodeallankardec.com.br\/wp-content\/plugins\/pdf-print\/images\/pdf.png\" alt=\"image_pdf\" title=\"PDF d&#039;affiliation\" src=\"data:image\/svg+xml;base64,PHN2ZyB3aWR0aD0iMSIgaGVpZ2h0PSIxIiB4bWxucz0iaHR0cDovL3d3dy53My5vcmcvMjAwMC9zdmciPjwvc3ZnPg==\" class=\"lazyload\" style=\"--smush-placeholder-width: 32px; --smush-placeholder-aspect-ratio: 32\/32;\" \/><\/a><a href=\"https:\/\/www.geolegadodeallankardec.com.br\/fr\/wp-json\/wp\/v2\/pages\/589?print=print\" class=\"pdfprnt-button pdfprnt-button-print\" target=\"_blank\" ><img decoding=\"async\" data-src=\"https:\/\/www.geolegadodeallankardec.com.br\/wp-content\/plugins\/pdf-print\/images\/print.png\" alt=\"image_print\" title=\"Imprimer le contenu\" src=\"data:image\/svg+xml;base64,PHN2ZyB3aWR0aD0iMSIgaGVpZ2h0PSIxIiB4bWxucz0iaHR0cDovL3d3dy53My5vcmcvMjAwMC9zdmciPjwvc3ZnPg==\" class=\"lazyload\" style=\"--smush-placeholder-width: 32px; --smush-placeholder-aspect-ratio: 32\/32;\" \/><\/a><\/div><p class=\"has-normal-font-size\">Pour mieux comprendre les objectifs de ce groupe, lisez la page\u00a0<strong>&quot;<a href=\"https:\/\/www.geolegadodeallankardec.com.br\/fr\/objectif-de-groupe\/\">objectif de groupe<\/a>&quot;, soigneusement<\/strong>. D\u00e9couvrez notre \u00ab<a href=\"https:\/\/www.geolegadodeallankardec.com.br\/fr\/regiment\/\"><strong>r\u00e9giment<\/strong><\/a>&quot; et le &quot;<strong><a href=\"https:\/\/www.geolegadodeallankardec.com.br\/fr\/premiers-pas\/\">premiers pas<\/a><\/strong>&quot; conseill\u00e9.<\/p>\n<p>En tant que groupe d&#039;\u00e9tude, nous devons b\u00e2tir sur quelque chose. Pour cela, nous avons choisi de suivre les \u00e9tudes \u00e0 travers le Spiritist Magazine, dans l&#039;ordre chronologique, ce qui nous donnera la base de nombreux approfondissements. Cette \u00e9tude produira :<\/p>\n<ul>\n<li>vid\u00e9os, \u00e0 publier dans notre\u00a0<a href=\"https:\/\/www.youtube.com\/channel\/UCrsXr9UwsZ4G41jGpV48hKA\"><strong>cha\u00eene Youtube<\/strong><\/a><\/li>\n<li>articles, \u00e0 publier sur ce site<\/li>\n<li>d&#039;autres m\u00e9dias peuvent \u00eatre utilis\u00e9s, tels que notre\u00a0<a href=\"https:\/\/www.facebook.com\/groups\/geolegadodeak\"><strong>Grouper<\/strong><\/a>\u00a0c&#039;est le notre\u00a0<strong><a href=\"https:\/\/www.facebook.com\/geolegadodeak\">Page<\/a><\/strong>, tous deux sur Facebook.<\/li>\n<\/ul>\n<p class=\"has-normal-font-size\">Concernant l&#039;organisation de ce groupe et la volont\u00e9 de le faire se multiplier partout, nous vous demandons de lire attentivement le contenu du \u00ab<strong><a href=\"https:\/\/www.geolegadodeallankardec.com.br\/fr\/livret-de-recommandations\/\">livret de recommandations<\/a><\/strong>&quot; et pages &quot;<strong><a href=\"https:\/\/www.geolegadodeallankardec.com.br\/fr\/comment-creer-votre-groupe\/\">comment cr\u00e9er votre groupe<\/a><\/strong>\u201c.<\/p>\n<p>Enfin, nous avons dans \u00ab<strong><a href=\"https:\/\/www.geolegadodeallankardec.com.br\/fr\/forum-2\/\" target=\"_blank\" rel=\"noreferrer noopener\" data-type=\"URL\" data-id=\"https:\/\/geolegadodeallankardec.com.br\/forum-2\/\">forum<\/a><\/strong>\u201d l&#039;espace o\u00f9 les membres peuvent interagir autour des discussions internes et publiques ; dans &quot;<strong><a href=\"https:\/\/www.geolegadodeallankardec.com.br\/fr\/dernieres-videos\/\" data-type=\"URL\" data-id=\"https:\/\/geolegadodeallankardec.com.br\/ultimos-videos\/\">Derni\u00e8res vid\u00e9os<\/a><\/strong>\u00ab nous avons la liste des derniers contenus Youtube, produits par ce groupe et, en \u00bb<strong><a href=\"https:\/\/www.geolegadodeallankardec.com.br\/fr\/des-articles-2\/\" target=\"_blank\" rel=\"noreferrer noopener\" data-type=\"URL\" data-id=\"https:\/\/geolegadodeallankardec.com.br\/artigos\/\">des articles<\/a><\/strong>\u201c, nous avons une section d\u00e9di\u00e9e \u00e0 la publication d&#039;articles sur des sujets pertinents pour ce groupe.<\/p>\n<p>Les membres qui seront accept\u00e9s dans ce groupe seront tr\u00e8s soigneusement examin\u00e9s quant \u00e0 leurs intentions. Si vous pensez que vous pouvez ajouter \u00e0 ce groupe, ou si vous souhaitez simplement suivre le contenu et les r\u00e9unions en tant que &quot;d\u00e9butant&quot;,\u00a0<a href=\"https:\/\/www.geolegadodeallankardec.com.br\/fr\/comment-rejoindre-ce-groupe\/\"><strong>Cliquez ici<\/strong><\/a>. Nous serons tr\u00e8s heureux de vous avoir parmi nous !<\/p>","protected":false},"excerpt":{"rendered":"<p>Para bem compreender os prop\u00f3sitos deste grupo, leia a p\u00e1gina\u00a0\u201cprop\u00f3sito do grupo\u201c, com muita aten\u00e7\u00e3o. Conhe\u00e7a o nosso \u201cregimento\u201d e os \u201cprimeiros passos\u201d recomendados. Como grupo de estudos, precisamos nos basear em algo. Para isso, escolhemos seguir os estudos atrav\u00e9s da Revista Esp\u00edrita, em ordem cronol\u00f3gica, o que nos dar\u00e1 base para muitos aprofundamentos. Esse [&hellip;]<\/p>\n","protected":false},"author":12,"featured_media":0,"parent":0,"menu_order":0,"comment_status":"closed","ping_status":"closed","template":"","meta":{"footnotes":""},"class_list":["post-589","page","type-page","status-publish","hentry"],"yoast_head":"<!-- This site is optimized with the Yoast SEO Premium plugin v21.1 (Yoast SEO v27.2) - https:\/\/yoast.com\/product\/yoast-seo-premium-wordpress\/ -->\n<title>Informa\u00e7\u00f5es do Grupo - Grupo de Estudos O Legado de Allan Kardec<\/title>\n<meta name=\"robots\" content=\"index, follow, max-snippet:-1, max-image-preview:large, max-video-preview:-1\" \/>\n<link rel=\"canonical\" href=\"https:\/\/www.geolegadodeallankardec.com.br\/fr\/informations-groupe\/\" \/>\n<meta property=\"og:locale\" content=\"fr_FR\" \/>\n<meta property=\"og:type\" content=\"article\" \/>\n<meta property=\"og:title\" content=\"Informa\u00e7\u00f5es do Grupo\" \/>\n<meta property=\"og:description\" content=\"Para bem compreender os prop\u00f3sitos deste grupo, leia a p\u00e1gina\u00a0\u201cprop\u00f3sito do grupo\u201c, com muita aten\u00e7\u00e3o. Conhe\u00e7a o nosso \u201cregimento\u201d e os \u201cprimeiros passos\u201d recomendados. Como grupo de estudos, precisamos nos basear em algo. Para isso, escolhemos seguir os estudos atrav\u00e9s da Revista Esp\u00edrita, em ordem cronol\u00f3gica, o que nos dar\u00e1 base para muitos aprofundamentos. Esse [&hellip;]\" \/>\n<meta property=\"og:url\" content=\"https:\/\/www.geolegadodeallankardec.com.br\/fr\/informations-groupe\/\" \/>\n<meta property=\"og:site_name\" content=\"Grupo de Estudos O Legado de Allan Kardec\" \/>\n<meta property=\"article:modified_time\" content=\"2023-09-13T12:44:33+00:00\" \/>\n<meta name=\"twitter:card\" content=\"summary_large_image\" \/>\n<meta name=\"twitter:label1\" content=\"Dur\u00e9e de lecture estim\u00e9e\" \/>\n\t<meta name=\"twitter:data1\" content=\"1 minute\" \/>\n<script type=\"application\/ld+json\" class=\"yoast-schema-graph\">{\"@context\":\"https:\/\/schema.org\",\"@graph\":[{\"@type\":\"WebPage\",\"@id\":\"https:\/\/www.geolegadodeallankardec.com.br\/informacoes-do-grupo\/\",\"url\":\"https:\/\/www.geolegadodeallankardec.com.br\/informacoes-do-grupo\/\",\"name\":\"Informa\u00e7\u00f5es do Grupo - Grupo de Estudos O Legado de Allan Kardec\",\"isPartOf\":{\"@id\":\"https:\/\/www.geolegadodeallankardec.com.br\/es\/#website\"},\"datePublished\":\"2021-08-26T13:13:40+00:00\",\"dateModified\":\"2023-09-13T12:44:33+00:00\",\"breadcrumb\":{\"@id\":\"https:\/\/www.geolegadodeallankardec.com.br\/informacoes-do-grupo\/#breadcrumb\"},\"inLanguage\":\"fr-FR\",\"potentialAction\":[{\"@type\":\"ReadAction\",\"target\":[\"https:\/\/www.geolegadodeallankardec.com.br\/informacoes-do-grupo\/\"]}]},{\"@type\":\"BreadcrumbList\",\"@id\":\"https:\/\/www.geolegadodeallankardec.com.br\/informacoes-do-grupo\/#breadcrumb\",\"itemListElement\":[{\"@type\":\"ListItem\",\"position\":1,\"name\":\"In\u00edcio\",\"item\":\"https:\/\/www.geolegadodeallankardec.com.br\/\"},{\"@type\":\"ListItem\",\"position\":2,\"name\":\"Informa\u00e7\u00f5es do Grupo\"}]},{\"@type\":\"WebSite\",\"@id\":\"https:\/\/www.geolegadodeallankardec.com.br\/es\/#website\",\"url\":\"https:\/\/www.geolegadodeallankardec.com.br\/es\/\",\"name\":\"Grupo de Estudos O Legado de Allan Kardec\",\"description\":\"Grupo de Estudos voltado ao aprofundamento do estudo do Espiritismo\",\"potentialAction\":[{\"@type\":\"SearchAction\",\"target\":{\"@type\":\"EntryPoint\",\"urlTemplate\":\"https:\/\/www.geolegadodeallankardec.com.br\/es\/?s={search_term_string}\"},\"query-input\":{\"@type\":\"PropertyValueSpecification\",\"valueRequired\":true,\"valueName\":\"search_term_string\"}}],\"inLanguage\":\"fr-FR\"}]}<\/script>\n<!-- \/ Yoast SEO Premium plugin. -->","yoast_head_json":{"title":"Informations sur le groupe - Groupe d&#039;\u00e9tude L&#039;h\u00e9ritage d&#039;Allan Kardec","robots":{"index":"index","follow":"follow","max-snippet":"max-snippet:-1","max-image-preview":"max-image-preview:large","max-video-preview":"max-video-preview:-1"},"canonical":"https:\/\/www.geolegadodeallankardec.com.br\/fr\/informations-groupe\/","og_locale":"fr_FR","og_type":"article","og_title":"Informa\u00e7\u00f5es do Grupo","og_description":"Para bem compreender os prop\u00f3sitos deste grupo, leia a p\u00e1gina\u00a0\u201cprop\u00f3sito do grupo\u201c, com muita aten\u00e7\u00e3o. Conhe\u00e7a o nosso \u201cregimento\u201d e os \u201cprimeiros passos\u201d recomendados. Como grupo de estudos, precisamos nos basear em algo. Para isso, escolhemos seguir os estudos atrav\u00e9s da Revista Esp\u00edrita, em ordem cronol\u00f3gica, o que nos dar\u00e1 base para muitos aprofundamentos. Esse [&hellip;]","og_url":"https:\/\/www.geolegadodeallankardec.com.br\/fr\/informations-groupe\/","og_site_name":"Grupo de Estudos O Legado de Allan Kardec","article_modified_time":"2023-09-13T12:44:33+00:00","twitter_card":"summary_large_image","twitter_misc":{"Dur\u00e9e de lecture estim\u00e9e":"1 minute"},"schema":{"@context":"https:\/\/schema.org","@graph":[{"@type":"WebPage","@id":"https:\/\/www.geolegadodeallankardec.com.br\/informacoes-do-grupo\/","url":"https:\/\/www.geolegadodeallankardec.com.br\/informacoes-do-grupo\/","name":"Informations sur le groupe - Groupe d&#039;\u00e9tude L&#039;h\u00e9ritage d&#039;Allan Kardec","isPartOf":{"@id":"https:\/\/www.geolegadodeallankardec.com.br\/es\/#website"},"datePublished":"2021-08-26T13:13:40+00:00","dateModified":"2023-09-13T12:44:33+00:00","breadcrumb":{"@id":"https:\/\/www.geolegadodeallankardec.com.br\/informacoes-do-grupo\/#breadcrumb"},"inLanguage":"fr-FR","potentialAction":[{"@type":"ReadAction","target":["https:\/\/www.geolegadodeallankardec.com.br\/informacoes-do-grupo\/"]}]},{"@type":"BreadcrumbList","@id":"https:\/\/www.geolegadodeallankardec.com.br\/informacoes-do-grupo\/#breadcrumb","itemListElement":[{"@type":"ListItem","position":1,"name":"In\u00edcio","item":"https:\/\/www.geolegadodeallankardec.com.br\/"},{"@type":"ListItem","position":2,"name":"Informa\u00e7\u00f5es do Grupo"}]},{"@type":"WebSite","@id":"https:\/\/www.geolegadodeallankardec.com.br\/es\/#website","url":"https:\/\/www.geolegadodeallankardec.com.br\/es\/","name":"Groupe d&#039;\u00e9tude L&#039;h\u00e9ritage d&#039;Allan Kardec","description":"Groupe d&#039;\u00e9tude visant \u00e0 approfondir l&#039;\u00e9tude du spiritisme","potentialAction":[{"@type":"SearchAction","target":{"@type":"EntryPoint","urlTemplate":"https:\/\/www.geolegadodeallankardec.com.br\/es\/?s={search_term_string}"},"query-input":{"@type":"PropertyValueSpecification","valueRequired":true,"valueName":"search_term_string"}}],"inLanguage":"fr-FR"}]}},"_links":{"self":[{"href":"https:\/\/www.geolegadodeallankardec.com.br\/fr\/wp-json\/wp\/v2\/pages\/589","targetHints":{"allow":["GET"]}}],"collection":[{"href":"https:\/\/www.geolegadodeallankardec.com.br\/fr\/wp-json\/wp\/v2\/pages"}],"about":[{"href":"https:\/\/www.geolegadodeallankardec.com.br\/fr\/wp-json\/wp\/v2\/types\/page"}],"author":[{"embeddable":true,"href":"https:\/\/www.geolegadodeallankardec.com.br\/fr\/wp-json\/wp\/v2\/users\/12"}],"replies":[{"embeddable":true,"href":"https:\/\/www.geolegadodeallankardec.com.br\/fr\/wp-json\/wp\/v2\/comments?post=589"}],"version-history":[{"count":17,"href":"https:\/\/www.geolegadodeallankardec.com.br\/fr\/wp-json\/wp\/v2\/pages\/589\/revisions"}],"predecessor-version":[{"id":7260,"href":"https:\/\/www.geolegadodeallankardec.com.br\/fr\/wp-json\/wp\/v2\/pages\/589\/revisions\/7260"}],"wp:attachment":[{"href":"https:\/\/www.geolegadodeallankardec.com.br\/fr\/wp-json\/wp\/v2\/media?parent=589"}],"curies":[{"name":"wp","href":"https:\/\/api.w.org\/{rel}","templated":true}]}}