{"id":564,"date":"2021-08-25T16:42:00","date_gmt":"2021-08-25T19:42:00","guid":{"rendered":"https:\/\/geolegadodeallankardec.com.br\/?page_id=564"},"modified":"2021-08-25T16:42:04","modified_gmt":"2021-08-25T19:42:04","slug":"comment-creer-votre-groupe","status":"publish","type":"page","link":"https:\/\/www.geolegadodeallankardec.com.br\/fr\/como-criar-seu-grupo\/","title":{"rendered":"Comment cr\u00e9er votre groupe"},"content":{"rendered":"<div class=\"pdfprnt-buttons pdfprnt-buttons-page pdfprnt-top-right\"><a href=\"https:\/\/www.geolegadodeallankardec.com.br\/fr\/wp-json\/wp\/v2\/pages\/564?print=pdf\" class=\"pdfprnt-button pdfprnt-button-pdf\" target=\"_blank\" ><img decoding=\"async\" data-src=\"https:\/\/www.geolegadodeallankardec.com.br\/wp-content\/plugins\/pdf-print\/images\/pdf.png\" alt=\"image_pdf\" title=\"PDF d&#039;affiliation\" src=\"data:image\/svg+xml;base64,PHN2ZyB3aWR0aD0iMSIgaGVpZ2h0PSIxIiB4bWxucz0iaHR0cDovL3d3dy53My5vcmcvMjAwMC9zdmciPjwvc3ZnPg==\" class=\"lazyload\" style=\"--smush-placeholder-width: 32px; --smush-placeholder-aspect-ratio: 32\/32;\" \/><\/a><a href=\"https:\/\/www.geolegadodeallankardec.com.br\/fr\/wp-json\/wp\/v2\/pages\/564?print=print\" class=\"pdfprnt-button pdfprnt-button-print\" target=\"_blank\" ><img decoding=\"async\" data-src=\"https:\/\/www.geolegadodeallankardec.com.br\/wp-content\/plugins\/pdf-print\/images\/print.png\" alt=\"image_print\" title=\"Imprimer le contenu\" src=\"data:image\/svg+xml;base64,PHN2ZyB3aWR0aD0iMSIgaGVpZ2h0PSIxIiB4bWxucz0iaHR0cDovL3d3dy53My5vcmcvMjAwMC9zdmciPjwvc3ZnPg==\" class=\"lazyload\" style=\"--smush-placeholder-width: 32px; --smush-placeholder-aspect-ratio: 32\/32;\" \/><\/a><\/div>\n<p>Nous sommes ravis que vous ayez \u00e9t\u00e9 si int\u00e9ress\u00e9 \u00e0 cr\u00e9er votre propre groupe. Nous vous recommandons avant de vous renseigner sur le  <strong>\u201c<a href=\"https:\/\/www.geolegadodeallankardec.com.br\/fr\/objectif-de-groupe\/\" target=\"_blank\" rel=\"noreferrer noopener\">objectif de groupe<\/a>\u201c<\/strong>, de notre &quot;<a href=\"https:\/\/www.geolegadodeallankardec.com.br\/fr\/regiment\/\" target=\"_blank\" rel=\"noreferrer noopener\"><strong>r\u00e9giment<\/strong><\/a>&quot; et le &quot;<strong><a href=\"https:\/\/www.geolegadodeallankardec.com.br\/fr\/premiers-pas\/\" target=\"_blank\" rel=\"noreferrer noopener\">premiers pas<\/a><\/strong>\u201d programm\u00e9, qui peut \u00eatre reproduit dans votre propre groupe. De plus, nous vous demandons de conna\u00eetre notre \u00ab<strong><a rel=\"noreferrer noopener\" href=\"https:\/\/www.geolegadodeallankardec.com.br\/fr\/livret-de-recommandations\/\" target=\"_blank\">livret de recommandations<\/a><\/strong>\u00bb, o\u00f9 vous trouverez un sch\u00e9ma d&#039;organisation des groupes en formation.<\/p>\n\n\n\n<p>Aussi, n&#039;h\u00e9sitez pas \u00e0 entrer <strong><a href=\"https:\/\/www.geolegadodeallankardec.com.br\/fr\/contact\/\">contact<\/a><\/strong> avec nous pour tout soutien et information n\u00e9cessaires.<\/p>\n\n\n\n<p>S&#039;il vous pla\u00eet, apr\u00e8s avoir commenc\u00e9 votre groupe, <strong>ne pas oublier <\/strong>pour enregistrer vos informations dans notre <strong><a href=\"https:\/\/www.geolegadodeallankardec.com.br\/fr\/inscription-des-groupes-partenaires\/\">forme<\/a><\/strong>, afin que nous puissions garder le contact indispensable.<\/p>\n\n\n\n<p>Nous encourageons le s\u00e9rieux n\u00e9cessaire dans le traitement de ce sujet et le constat qu&#039;il faut d&#039;abord former un groupe coh\u00e9rent, renforc\u00e9, tr\u00e8s ancr\u00e9 dans l&#039;\u00e9tude et concentr\u00e9 sur le travail avec un total d\u00e9tachement et sans autre int\u00e9r\u00eat que la charit\u00e9 envers la Doctrine de la Esprits. Ceci est tout \u00e0 fait n\u00e9cessaire avant toute intention d&#039;engager des conversations avec les Esprits, par l&#039;interm\u00e9diaire de m\u00e9diums qui veulent rejoindre la cause, comme il faut que nous comprenions, avec un grand discernement, l&#039;exemple des d\u00e9marches suivies par Allan Kardec,<\/p>\n\n\n\n<p>C&#039;est pourquoi nous recommandons que les \u00e9tudes initiales du groupe soient bas\u00e9es sur la Revista Esp\u00edrita, avec l&#039;\u00e9tude pr\u00e9alable n\u00e9cessaire des autres ouvrages de base. L&#039;\u00e9tude ainsi men\u00e9e permettra de mieux comprendre les performances de Kardec et d&#039;approfondir les connaissances qui fourniront les bases n\u00e9cessaires \u00e0 des \u00e9tudes ult\u00e9rieures.<\/p>\n\n\n\n<p>C&#039;est vraiment une t\u00e2che colossale \u00e0 laquelle on se propose comme des petites fourmis, en mettant quelques grains pour d\u00e9marrer la fourmili\u00e8re. Nous ne pouvons cependant pas nous laisser d\u00e9courager par l&#039;appel au travail.<\/p>","protected":false},"excerpt":{"rendered":"<p>Ficamos muito felizes que tenha se interessado tanto ao ponto de criar o seu pr\u00f3prio grupo. Recomendamos antes que voc\u00ea se inteire do &#8220;prop\u00f3sito do grupo&#8220;, do nosso \u201cregimento\u201d e dos \u201cprimeiros passos\u201d programados, que poder\u00e3o ser replicados para o seu pr\u00f3prio grupo. Al\u00e9m disso, pedimos que conhe\u00e7a a fundo a nossa \u201ccartilha de recomenda\u00e7\u00f5es\u201c, [&hellip;]<\/p>\n","protected":false},"author":12,"featured_media":0,"parent":0,"menu_order":0,"comment_status":"closed","ping_status":"closed","template":"","meta":{"footnotes":""},"class_list":["post-564","page","type-page","status-publish","hentry"],"yoast_head":"<!-- This site is optimized with the Yoast SEO Premium plugin v21.1 (Yoast SEO v27.2) - https:\/\/yoast.com\/product\/yoast-seo-premium-wordpress\/ -->\n<title>Como criar seu grupo - Grupo de Estudos O Legado de Allan Kardec<\/title>\n<meta name=\"robots\" content=\"index, follow, max-snippet:-1, max-image-preview:large, max-video-preview:-1\" \/>\n<link rel=\"canonical\" href=\"https:\/\/www.geolegadodeallankardec.com.br\/fr\/comment-creer-votre-groupe\/\" \/>\n<meta property=\"og:locale\" content=\"fr_FR\" \/>\n<meta property=\"og:type\" content=\"article\" \/>\n<meta property=\"og:title\" content=\"Como criar seu grupo\" \/>\n<meta property=\"og:description\" content=\"Ficamos muito felizes que tenha se interessado tanto ao ponto de criar o seu pr\u00f3prio grupo. Recomendamos antes que voc\u00ea se inteire do &#8220;prop\u00f3sito do grupo&#8220;, do nosso \u201cregimento\u201d e dos \u201cprimeiros passos\u201d programados, que poder\u00e3o ser replicados para o seu pr\u00f3prio grupo. Al\u00e9m disso, pedimos que conhe\u00e7a a fundo a nossa \u201ccartilha de recomenda\u00e7\u00f5es\u201c, [&hellip;]\" \/>\n<meta property=\"og:url\" content=\"https:\/\/www.geolegadodeallankardec.com.br\/fr\/comment-creer-votre-groupe\/\" \/>\n<meta property=\"og:site_name\" content=\"Grupo de Estudos O Legado de Allan Kardec\" \/>\n<meta property=\"article:modified_time\" content=\"2021-08-25T19:42:04+00:00\" \/>\n<meta name=\"twitter:card\" content=\"summary_large_image\" \/>\n<meta name=\"twitter:label1\" content=\"Dur\u00e9e de lecture estim\u00e9e\" \/>\n\t<meta name=\"twitter:data1\" content=\"2 minutes\" \/>\n<script type=\"application\/ld+json\" class=\"yoast-schema-graph\">{\"@context\":\"https:\/\/schema.org\",\"@graph\":[{\"@type\":\"WebPage\",\"@id\":\"https:\/\/www.geolegadodeallankardec.com.br\/como-criar-seu-grupo\/\",\"url\":\"https:\/\/www.geolegadodeallankardec.com.br\/como-criar-seu-grupo\/\",\"name\":\"Como criar seu grupo - Grupo de Estudos O Legado de Allan Kardec\",\"isPartOf\":{\"@id\":\"https:\/\/www.geolegadodeallankardec.com.br\/es\/#website\"},\"datePublished\":\"2021-08-25T19:42:00+00:00\",\"dateModified\":\"2021-08-25T19:42:04+00:00\",\"breadcrumb\":{\"@id\":\"https:\/\/www.geolegadodeallankardec.com.br\/como-criar-seu-grupo\/#breadcrumb\"},\"inLanguage\":\"fr-FR\",\"potentialAction\":[{\"@type\":\"ReadAction\",\"target\":[\"https:\/\/www.geolegadodeallankardec.com.br\/como-criar-seu-grupo\/\"]}]},{\"@type\":\"BreadcrumbList\",\"@id\":\"https:\/\/www.geolegadodeallankardec.com.br\/como-criar-seu-grupo\/#breadcrumb\",\"itemListElement\":[{\"@type\":\"ListItem\",\"position\":1,\"name\":\"In\u00edcio\",\"item\":\"https:\/\/www.geolegadodeallankardec.com.br\/\"},{\"@type\":\"ListItem\",\"position\":2,\"name\":\"Como criar seu grupo\"}]},{\"@type\":\"WebSite\",\"@id\":\"https:\/\/www.geolegadodeallankardec.com.br\/es\/#website\",\"url\":\"https:\/\/www.geolegadodeallankardec.com.br\/es\/\",\"name\":\"Grupo de Estudos O Legado de Allan Kardec\",\"description\":\"Grupo de Estudos voltado ao aprofundamento do estudo do Espiritismo\",\"potentialAction\":[{\"@type\":\"SearchAction\",\"target\":{\"@type\":\"EntryPoint\",\"urlTemplate\":\"https:\/\/www.geolegadodeallankardec.com.br\/es\/?s={search_term_string}\"},\"query-input\":{\"@type\":\"PropertyValueSpecification\",\"valueRequired\":true,\"valueName\":\"search_term_string\"}}],\"inLanguage\":\"fr-FR\"}]}<\/script>\n<!-- \/ Yoast SEO Premium plugin. -->","yoast_head_json":{"title":"Comment cr\u00e9er votre groupe - Study Group The Legacy of Allan Kardec","robots":{"index":"index","follow":"follow","max-snippet":"max-snippet:-1","max-image-preview":"max-image-preview:large","max-video-preview":"max-video-preview:-1"},"canonical":"https:\/\/www.geolegadodeallankardec.com.br\/fr\/comment-creer-votre-groupe\/","og_locale":"fr_FR","og_type":"article","og_title":"Como criar seu grupo","og_description":"Ficamos muito felizes que tenha se interessado tanto ao ponto de criar o seu pr\u00f3prio grupo. Recomendamos antes que voc\u00ea se inteire do &#8220;prop\u00f3sito do grupo&#8220;, do nosso \u201cregimento\u201d e dos \u201cprimeiros passos\u201d programados, que poder\u00e3o ser replicados para o seu pr\u00f3prio grupo. Al\u00e9m disso, pedimos que conhe\u00e7a a fundo a nossa \u201ccartilha de recomenda\u00e7\u00f5es\u201c, [&hellip;]","og_url":"https:\/\/www.geolegadodeallankardec.com.br\/fr\/comment-creer-votre-groupe\/","og_site_name":"Grupo de Estudos O Legado de Allan Kardec","article_modified_time":"2021-08-25T19:42:04+00:00","twitter_card":"summary_large_image","twitter_misc":{"Dur\u00e9e de lecture estim\u00e9e":"2 minutes"},"schema":{"@context":"https:\/\/schema.org","@graph":[{"@type":"WebPage","@id":"https:\/\/www.geolegadodeallankardec.com.br\/como-criar-seu-grupo\/","url":"https:\/\/www.geolegadodeallankardec.com.br\/como-criar-seu-grupo\/","name":"Comment cr\u00e9er votre groupe - Study Group The Legacy of Allan Kardec","isPartOf":{"@id":"https:\/\/www.geolegadodeallankardec.com.br\/es\/#website"},"datePublished":"2021-08-25T19:42:00+00:00","dateModified":"2021-08-25T19:42:04+00:00","breadcrumb":{"@id":"https:\/\/www.geolegadodeallankardec.com.br\/como-criar-seu-grupo\/#breadcrumb"},"inLanguage":"fr-FR","potentialAction":[{"@type":"ReadAction","target":["https:\/\/www.geolegadodeallankardec.com.br\/como-criar-seu-grupo\/"]}]},{"@type":"BreadcrumbList","@id":"https:\/\/www.geolegadodeallankardec.com.br\/como-criar-seu-grupo\/#breadcrumb","itemListElement":[{"@type":"ListItem","position":1,"name":"In\u00edcio","item":"https:\/\/www.geolegadodeallankardec.com.br\/"},{"@type":"ListItem","position":2,"name":"Como criar seu grupo"}]},{"@type":"WebSite","@id":"https:\/\/www.geolegadodeallankardec.com.br\/es\/#website","url":"https:\/\/www.geolegadodeallankardec.com.br\/es\/","name":"Groupe d&#039;\u00e9tude L&#039;h\u00e9ritage d&#039;Allan Kardec","description":"Groupe d&#039;\u00e9tude visant \u00e0 approfondir l&#039;\u00e9tude du spiritisme","potentialAction":[{"@type":"SearchAction","target":{"@type":"EntryPoint","urlTemplate":"https:\/\/www.geolegadodeallankardec.com.br\/es\/?s={search_term_string}"},"query-input":{"@type":"PropertyValueSpecification","valueRequired":true,"valueName":"search_term_string"}}],"inLanguage":"fr-FR"}]}},"_links":{"self":[{"href":"https:\/\/www.geolegadodeallankardec.com.br\/fr\/wp-json\/wp\/v2\/pages\/564","targetHints":{"allow":["GET"]}}],"collection":[{"href":"https:\/\/www.geolegadodeallankardec.com.br\/fr\/wp-json\/wp\/v2\/pages"}],"about":[{"href":"https:\/\/www.geolegadodeallankardec.com.br\/fr\/wp-json\/wp\/v2\/types\/page"}],"author":[{"embeddable":true,"href":"https:\/\/www.geolegadodeallankardec.com.br\/fr\/wp-json\/wp\/v2\/users\/12"}],"replies":[{"embeddable":true,"href":"https:\/\/www.geolegadodeallankardec.com.br\/fr\/wp-json\/wp\/v2\/comments?post=564"}],"version-history":[{"count":1,"href":"https:\/\/www.geolegadodeallankardec.com.br\/fr\/wp-json\/wp\/v2\/pages\/564\/revisions"}],"predecessor-version":[{"id":567,"href":"https:\/\/www.geolegadodeallankardec.com.br\/fr\/wp-json\/wp\/v2\/pages\/564\/revisions\/567"}],"wp:attachment":[{"href":"https:\/\/www.geolegadodeallankardec.com.br\/fr\/wp-json\/wp\/v2\/media?parent=564"}],"curies":[{"name":"wp","href":"https:\/\/api.w.org\/{rel}","templated":true}]}}