{"id":17,"date":"2021-08-23T13:57:01","date_gmt":"2021-08-23T16:57:01","guid":{"rendered":"https:\/\/geolegadodeallankardec.com.br\/?page_id=17"},"modified":"2024-04-02T16:54:39","modified_gmt":"2024-04-02T19:54:39","slug":"travaux-recommandes","status":"publish","type":"page","link":"https:\/\/www.geolegadodeallankardec.com.br\/fr\/obras-recomendadas\/","title":{"rendered":"Travaux recommand\u00e9s"},"content":{"rendered":"<div class=\"pdfprnt-buttons pdfprnt-buttons-page pdfprnt-top-right\"><a href=\"https:\/\/www.geolegadodeallankardec.com.br\/fr\/wp-json\/wp\/v2\/pages\/17?print=pdf\" class=\"pdfprnt-button pdfprnt-button-pdf\" target=\"_blank\" ><img decoding=\"async\" data-src=\"https:\/\/www.geolegadodeallankardec.com.br\/wp-content\/plugins\/pdf-print\/images\/pdf.png\" alt=\"image_pdf\" title=\"PDF d&#039;affiliation\" src=\"data:image\/svg+xml;base64,PHN2ZyB3aWR0aD0iMSIgaGVpZ2h0PSIxIiB4bWxucz0iaHR0cDovL3d3dy53My5vcmcvMjAwMC9zdmciPjwvc3ZnPg==\" class=\"lazyload\" style=\"--smush-placeholder-width: 32px; --smush-placeholder-aspect-ratio: 32\/32;\" \/><\/a><a href=\"https:\/\/www.geolegadodeallankardec.com.br\/fr\/wp-json\/wp\/v2\/pages\/17?print=print\" class=\"pdfprnt-button pdfprnt-button-print\" target=\"_blank\" ><img decoding=\"async\" data-src=\"https:\/\/www.geolegadodeallankardec.com.br\/wp-content\/plugins\/pdf-print\/images\/print.png\" alt=\"image_print\" title=\"Imprimer le contenu\" src=\"data:image\/svg+xml;base64,PHN2ZyB3aWR0aD0iMSIgaGVpZ2h0PSIxIiB4bWxucz0iaHR0cDovL3d3dy53My5vcmcvMjAwMC9zdmciPjwvc3ZnPg==\" class=\"lazyload\" style=\"--smush-placeholder-width: 32px; --smush-placeholder-aspect-ratio: 32\/32;\" \/><\/a><\/div>\n<p>Les <em>travaux recommand\u00e9s<\/em> pour ce groupe, constituent deux groupes de publications qui sont tr\u00e8s importantes pour la compr\u00e9hension mutuelle g\u00e9n\u00e9rale, notamment en ce qui concerne ce qui est expos\u00e9 dans <em>But du groupe<\/em>. Sont-ils:<\/p>\n\n\n\n<ul class=\"has-gray-background-color has-background wp-block-list\">\n<li>PDF gratuits par Kardec \u2013 <a href=\"https:\/\/bit.ly\/3sXXBxk\" target=\"_blank\" rel=\"noreferrer noopener\">https:\/\/bit.ly\/3sXXBxk<\/a><\/li>\n\n\n\n<li>Autonomie \u2013 L\u2019histoire in\u00e9dite du spiritisme\u00a0: <a href=\"https:\/\/amzn.to\/3PIvbyy\">https:\/\/amzn.to\/3PIvbyy<\/a><\/li>\n\n\n\n<li>L&#039;h\u00e9ritage d&#039;Allan Kardec\u00a0: <a href=\"https:\/\/amzn.to\/3RIn2gv\">https:\/\/amzn.to\/3RIn2gv<\/a><\/li>\n\n\n\n<li>Dernier point \u2013 les retrouvailles avec le spiritualisme avec Allan Kardec : <a href=\"https:\/\/amzn.to\/48PLaE7\">https:\/\/amzn.to\/48PLaE7<\/a><\/li>\n\n\n\n<li>Ni paradis ni enfer \u2013 Les lois de l\u2019\u00e2me selon le Spiritisme : <a href=\"https:\/\/amzn.to\/3F2voYO\">https:\/\/amzn.to\/3F2voYO<\/a><\/li>\n\n\n\n<li>Gen\u00e8se \u2013 Miracles et pr\u00e9dictions selon le Spiritisme (pur) : <a href=\"https:\/\/bit.ly\/3SuJFVG\">PDF gratuit<\/a> ou alors <a href=\"https:\/\/amzn.to\/3RM91hF\">https:\/\/amzn.to\/3RM91hF<\/a><\/li>\n\n\n\n<li>Ciel et Enfer : Ou justice divine selon le Spiritisme (pur) : <a href=\"https:\/\/bit.ly\/3vVYQhu\">PDF gratuit<\/a> ou alors <a href=\"https:\/\/amzn.to\/3ZGrcal\">https:\/\/amzn.to\/3ZGrcal<\/a><\/li>\n\n\n\n<li>R\u00e9volution Spirite. La th\u00e9orie oubli\u00e9e d&#039;Allan Kardec : <a href=\"https:\/\/amzn.to\/3t7HIUH\">https:\/\/amzn.to\/3t7HIUH<\/a><\/li>\n\n\n\n<li>Envo\u00fbteur. La science ni\u00e9e du magn\u00e9tisme animal : <a href=\"https:\/\/amzn.to\/3PYc1X2\">https:\/\/amzn.to\/3PYc1X2<\/a><\/li>\n\n\n\n<li>Le Livre des M\u00e9diums : <a href=\"https:\/\/amzn.to\/3PDNTHK\">https:\/\/amzn.to\/3PDNTHK<\/a><\/li>\n\n\n\n<li>Le Livre des Esprits : <a href=\"https:\/\/amzn.to\/3QkcFx9\">https:\/\/amzn.to\/3QkcFx9<\/a><\/li>\n\n\n\n<li>Revue Spirite \u2013 collection compl\u00e8te : <a href=\"https:\/\/amzn.to\/48Uxh7s\">https:\/\/amzn.to\/48Uxh7s<\/a><\/li>\n\n\n\n<li>Instructions pratiques sur les manifestations spirites : <a href=\"https:\/\/amzn.to\/3QiR8Gc\">https:\/\/amzn.to\/3QiR8Gc<\/a><\/li>\n\n\n\n<li>Le Spiritisme dans sa plus simple expression : <a href=\"https:\/\/amzn.to\/3M6fXT5\">https:\/\/amzn.to\/3M6fXT5<\/a><\/li>\n\n\n\n<li><a href=\"https:\/\/drive.google.com\/file\/d\/1YlzQ4PHfsireitW_IKl1HNzrslfZxuGv\/view?usp=sharing\" target=\"_blank\" rel=\"noreferrer noopener\">Beaucoup de lumi\u00e8re, de Berthe Fropo<\/a> (PDF gratuit)<\/li>\n<\/ul>\n\n\n\n<p>* les \u0153uvres Ciel et Enfer et Gen\u00e8se \u00e9taient <strong>frelat\u00e9<\/strong> apr\u00e8s la mort de Kardec. Se r\u00e9f\u00e9rer aux \u00e9ditions de l&#039;\u00e9diteur FEAL, qui portent une indication d&#039;\u0153uvre originale sur la couverture.<\/p>","protected":false},"excerpt":{"rendered":"<p>As obras recomendadas para este grupo perfazem dois grupos de publica\u00e7\u00f5es muito importantes para a compreens\u00e3o m\u00fatua geral, sobretudo no que tange ao exposto em Prop\u00f3sito do Grupo. S\u00e3o elas: * as obras O C\u00e9u e o Inferno e A G\u00eanese foram adulteradas ap\u00f3s a morte de Kardec. Refira-se \u00e0s edi\u00e7\u00f5es da editora FEAL, que [&hellip;]<\/p>\n","protected":false},"author":34,"featured_media":0,"parent":0,"menu_order":0,"comment_status":"closed","ping_status":"closed","template":"","meta":{"footnotes":""},"class_list":["post-17","page","type-page","status-publish","hentry"],"yoast_head":"<!-- This site is optimized with the Yoast SEO Premium plugin v21.1 (Yoast SEO v27.2) - https:\/\/yoast.com\/product\/yoast-seo-premium-wordpress\/ -->\n<title>Obras Recomendadas - Grupo de Estudos O Legado de Allan Kardec<\/title>\n<meta name=\"robots\" content=\"index, follow, max-snippet:-1, max-image-preview:large, max-video-preview:-1\" \/>\n<link rel=\"canonical\" href=\"https:\/\/www.geolegadodeallankardec.com.br\/fr\/travaux-recommandes\/\" \/>\n<meta property=\"og:locale\" content=\"fr_FR\" \/>\n<meta property=\"og:type\" content=\"article\" \/>\n<meta property=\"og:title\" content=\"Obras Recomendadas\" \/>\n<meta property=\"og:description\" content=\"As obras recomendadas para este grupo perfazem dois grupos de publica\u00e7\u00f5es muito importantes para a compreens\u00e3o m\u00fatua geral, sobretudo no que tange ao exposto em Prop\u00f3sito do Grupo. S\u00e3o elas: * as obras O C\u00e9u e o Inferno e A G\u00eanese foram adulteradas ap\u00f3s a morte de Kardec. Refira-se \u00e0s edi\u00e7\u00f5es da editora FEAL, que [&hellip;]\" \/>\n<meta property=\"og:url\" content=\"https:\/\/www.geolegadodeallankardec.com.br\/fr\/travaux-recommandes\/\" \/>\n<meta property=\"og:site_name\" content=\"Grupo de Estudos O Legado de Allan Kardec\" \/>\n<meta property=\"article:modified_time\" content=\"2024-04-02T19:54:39+00:00\" \/>\n<meta name=\"twitter:card\" content=\"summary_large_image\" \/>\n<meta name=\"twitter:label1\" content=\"Dur\u00e9e de lecture estim\u00e9e\" \/>\n\t<meta name=\"twitter:data1\" content=\"2 minutes\" \/>\n<script type=\"application\/ld+json\" class=\"yoast-schema-graph\">{\"@context\":\"https:\/\/schema.org\",\"@graph\":[{\"@type\":\"WebPage\",\"@id\":\"https:\/\/www.geolegadodeallankardec.com.br\/obras-recomendadas\/\",\"url\":\"https:\/\/www.geolegadodeallankardec.com.br\/obras-recomendadas\/\",\"name\":\"Obras Recomendadas - Grupo de Estudos O Legado de Allan Kardec\",\"isPartOf\":{\"@id\":\"https:\/\/www.geolegadodeallankardec.com.br\/es\/#website\"},\"datePublished\":\"2021-08-23T16:57:01+00:00\",\"dateModified\":\"2024-04-02T19:54:39+00:00\",\"breadcrumb\":{\"@id\":\"https:\/\/www.geolegadodeallankardec.com.br\/obras-recomendadas\/#breadcrumb\"},\"inLanguage\":\"fr-FR\",\"potentialAction\":[{\"@type\":\"ReadAction\",\"target\":[\"https:\/\/www.geolegadodeallankardec.com.br\/obras-recomendadas\/\"]}]},{\"@type\":\"BreadcrumbList\",\"@id\":\"https:\/\/www.geolegadodeallankardec.com.br\/obras-recomendadas\/#breadcrumb\",\"itemListElement\":[{\"@type\":\"ListItem\",\"position\":1,\"name\":\"In\u00edcio\",\"item\":\"https:\/\/www.geolegadodeallankardec.com.br\/\"},{\"@type\":\"ListItem\",\"position\":2,\"name\":\"Obras Recomendadas\"}]},{\"@type\":\"WebSite\",\"@id\":\"https:\/\/www.geolegadodeallankardec.com.br\/es\/#website\",\"url\":\"https:\/\/www.geolegadodeallankardec.com.br\/es\/\",\"name\":\"Grupo de Estudos O Legado de Allan Kardec\",\"description\":\"Grupo de Estudos voltado ao aprofundamento do estudo do Espiritismo\",\"potentialAction\":[{\"@type\":\"SearchAction\",\"target\":{\"@type\":\"EntryPoint\",\"urlTemplate\":\"https:\/\/www.geolegadodeallankardec.com.br\/es\/?s={search_term_string}\"},\"query-input\":{\"@type\":\"PropertyValueSpecification\",\"valueRequired\":true,\"valueName\":\"search_term_string\"}}],\"inLanguage\":\"fr-FR\"}]}<\/script>\n<!-- \/ Yoast SEO Premium plugin. -->","yoast_head_json":{"title":"\u0152uvres recommand\u00e9es - Groupe d&#039;\u00e9tude L&#039;h\u00e9ritage d&#039;Allan Kardec","robots":{"index":"index","follow":"follow","max-snippet":"max-snippet:-1","max-image-preview":"max-image-preview:large","max-video-preview":"max-video-preview:-1"},"canonical":"https:\/\/www.geolegadodeallankardec.com.br\/fr\/travaux-recommandes\/","og_locale":"fr_FR","og_type":"article","og_title":"Obras Recomendadas","og_description":"As obras recomendadas para este grupo perfazem dois grupos de publica\u00e7\u00f5es muito importantes para a compreens\u00e3o m\u00fatua geral, sobretudo no que tange ao exposto em Prop\u00f3sito do Grupo. S\u00e3o elas: * as obras O C\u00e9u e o Inferno e A G\u00eanese foram adulteradas ap\u00f3s a morte de Kardec. Refira-se \u00e0s edi\u00e7\u00f5es da editora FEAL, que [&hellip;]","og_url":"https:\/\/www.geolegadodeallankardec.com.br\/fr\/travaux-recommandes\/","og_site_name":"Grupo de Estudos O Legado de Allan Kardec","article_modified_time":"2024-04-02T19:54:39+00:00","twitter_card":"summary_large_image","twitter_misc":{"Dur\u00e9e de lecture estim\u00e9e":"2 minutes"},"schema":{"@context":"https:\/\/schema.org","@graph":[{"@type":"WebPage","@id":"https:\/\/www.geolegadodeallankardec.com.br\/obras-recomendadas\/","url":"https:\/\/www.geolegadodeallankardec.com.br\/obras-recomendadas\/","name":"\u0152uvres recommand\u00e9es - Groupe d&#039;\u00e9tude L&#039;h\u00e9ritage d&#039;Allan Kardec","isPartOf":{"@id":"https:\/\/www.geolegadodeallankardec.com.br\/es\/#website"},"datePublished":"2021-08-23T16:57:01+00:00","dateModified":"2024-04-02T19:54:39+00:00","breadcrumb":{"@id":"https:\/\/www.geolegadodeallankardec.com.br\/obras-recomendadas\/#breadcrumb"},"inLanguage":"fr-FR","potentialAction":[{"@type":"ReadAction","target":["https:\/\/www.geolegadodeallankardec.com.br\/obras-recomendadas\/"]}]},{"@type":"BreadcrumbList","@id":"https:\/\/www.geolegadodeallankardec.com.br\/obras-recomendadas\/#breadcrumb","itemListElement":[{"@type":"ListItem","position":1,"name":"In\u00edcio","item":"https:\/\/www.geolegadodeallankardec.com.br\/"},{"@type":"ListItem","position":2,"name":"Obras Recomendadas"}]},{"@type":"WebSite","@id":"https:\/\/www.geolegadodeallankardec.com.br\/es\/#website","url":"https:\/\/www.geolegadodeallankardec.com.br\/es\/","name":"Groupe d&#039;\u00e9tude L&#039;h\u00e9ritage d&#039;Allan Kardec","description":"Groupe d&#039;\u00e9tude visant \u00e0 approfondir l&#039;\u00e9tude du spiritisme","potentialAction":[{"@type":"SearchAction","target":{"@type":"EntryPoint","urlTemplate":"https:\/\/www.geolegadodeallankardec.com.br\/es\/?s={search_term_string}"},"query-input":{"@type":"PropertyValueSpecification","valueRequired":true,"valueName":"search_term_string"}}],"inLanguage":"fr-FR"}]}},"_links":{"self":[{"href":"https:\/\/www.geolegadodeallankardec.com.br\/fr\/wp-json\/wp\/v2\/pages\/17","targetHints":{"allow":["GET"]}}],"collection":[{"href":"https:\/\/www.geolegadodeallankardec.com.br\/fr\/wp-json\/wp\/v2\/pages"}],"about":[{"href":"https:\/\/www.geolegadodeallankardec.com.br\/fr\/wp-json\/wp\/v2\/types\/page"}],"author":[{"embeddable":true,"href":"https:\/\/www.geolegadodeallankardec.com.br\/fr\/wp-json\/wp\/v2\/users\/34"}],"replies":[{"embeddable":true,"href":"https:\/\/www.geolegadodeallankardec.com.br\/fr\/wp-json\/wp\/v2\/comments?post=17"}],"version-history":[{"count":9,"href":"https:\/\/www.geolegadodeallankardec.com.br\/fr\/wp-json\/wp\/v2\/pages\/17\/revisions"}],"predecessor-version":[{"id":8572,"href":"https:\/\/www.geolegadodeallankardec.com.br\/fr\/wp-json\/wp\/v2\/pages\/17\/revisions\/8572"}],"wp:attachment":[{"href":"https:\/\/www.geolegadodeallankardec.com.br\/fr\/wp-json\/wp\/v2\/media?parent=17"}],"curies":[{"name":"wp","href":"https:\/\/api.w.org\/{rel}","templated":true}]}}