{"id":13,"date":"2021-08-23T13:55:05","date_gmt":"2021-08-23T16:55:05","guid":{"rendered":"https:\/\/geolegadodeallankardec.com.br\/?page_id=13"},"modified":"2022-02-07T18:10:38","modified_gmt":"2022-02-07T21:10:38","slug":"regiment","status":"publish","type":"page","link":"https:\/\/www.geolegadodeallankardec.com.br\/fr\/regimento\/","title":{"rendered":"&quot;R\u00e9giment&quot;"},"content":{"rendered":"<div class=\"pdfprnt-buttons pdfprnt-buttons-page pdfprnt-top-right\"><a href=\"https:\/\/www.geolegadodeallankardec.com.br\/fr\/wp-json\/wp\/v2\/pages\/13?print=pdf\" class=\"pdfprnt-button pdfprnt-button-pdf\" target=\"_blank\" ><img decoding=\"async\" data-src=\"https:\/\/www.geolegadodeallankardec.com.br\/wp-content\/plugins\/pdf-print\/images\/pdf.png\" alt=\"image_pdf\" title=\"PDF d&#039;affiliation\" src=\"data:image\/svg+xml;base64,PHN2ZyB3aWR0aD0iMSIgaGVpZ2h0PSIxIiB4bWxucz0iaHR0cDovL3d3dy53My5vcmcvMjAwMC9zdmciPjwvc3ZnPg==\" class=\"lazyload\" style=\"--smush-placeholder-width: 32px; --smush-placeholder-aspect-ratio: 32\/32;\" \/><\/a><a href=\"https:\/\/www.geolegadodeallankardec.com.br\/fr\/wp-json\/wp\/v2\/pages\/13?print=print\" class=\"pdfprnt-button pdfprnt-button-print\" target=\"_blank\" ><img decoding=\"async\" data-src=\"https:\/\/www.geolegadodeallankardec.com.br\/wp-content\/plugins\/pdf-print\/images\/print.png\" alt=\"image_print\" title=\"Imprimer le contenu\" src=\"data:image\/svg+xml;base64,PHN2ZyB3aWR0aD0iMSIgaGVpZ2h0PSIxIiB4bWxucz0iaHR0cDovL3d3dy53My5vcmcvMjAwMC9zdmciPjwvc3ZnPg==\" class=\"lazyload\" style=\"--smush-placeholder-width: 32px; --smush-placeholder-aspect-ratio: 32\/32;\" \/><\/a><\/div>\n<p>je mets le terme entre guillemets <em>r\u00e9giment<\/em> car, \u00e0 ce jour, nous n&#039;avons pas l&#039;intention de faire de ce groupe une personne morale ou un organisme enregistr\u00e9 aupr\u00e8s d&#039;organismes officiels. Celui-ci reste <em>r\u00e9giment<\/em>, pour l&#039;instant, li\u00e9s par un code d&#039;honneur, c&#039;est-\u00e0-dire que les participants du groupe attestent, devant les autres participants et leur propre conscience, qu&#039;ils en ont accept\u00e9 les termes et conditions.<\/p>\n\n\n\n<ol class=\"wp-block-list\"><li>Seules les personnes sous les conditions suivantes peuvent participer \u00e0 ce groupe\u00a0:<ol><li>Les partisans de la Doctrine Spirite qui veulent obtenir ses enseignements mais qui, dans la condition d&#039;une ignorance plus profonde de ses enseignements, s&#039;abstiendront de prendre la parole pour critiquer ou faire valoir des id\u00e9es et des points de vue. Les doutes qui en d\u00e9coulent, s&#039;ils sont facilement clarifi\u00e9s dans les travaux de base, leur seront adress\u00e9s, afin que les \u00e9tudes ne soient pas retard\u00e9es par des doutes de base. Au fil du temps, ces personnes peuvent devenir des participants actifs, mais avant cela, si elles insistent, elles peuvent \u00eatre r\u00e9duites au silence ou m\u00eame expuls\u00e9es du groupe, dans des cas plus extr\u00eames.<\/li><li>Des personnes ouvertement spirites, connaissant avec une certaine profondeur la Doctrine Spirite, c&#039;est-\u00e0-dire ayant d\u00e9j\u00e0 effectu\u00e9 des \u00e9tudes, au moins, du Livre des Esprits, qui pourront participer activement aux r\u00e9unions d&#039;\u00e9tude qui seront organis\u00e9es.<\/li><\/ol><\/li><li>Les personnes qui, sans humilit\u00e9 et sans but de se soumettre aux explications et aux \u00e9vidences les plus claires, d\u00e9j\u00e0 confirm\u00e9es par le spiritisme, ne seront pas accept\u00e9es et, si elles le sont, elles pourront \u00eatre expuls\u00e9es du groupe dans le seul but de provoquer un \u00e9moi ou une pol\u00e9mique . .<\/li><li><strong>Ce groupe n&#039;est pas politique.<\/strong>. Le spiritisme, en lui-m\u00eame, est un mouvement d&#039;id\u00e9es transformateur, mais il ne doit pas servir de plate-forme \u00e9lectorale \u00e0 une quelconque id\u00e9ologie politique, pour les raisons d\u00e9j\u00e0 \u00e9voqu\u00e9es. <a href=\"https:\/\/www.geolegadodeallankardec.com.br\/fr\/des-articles-2\/divers-2\/le-spiritisme-pourrait-etre-un-mouvement-politique\/\" data-type=\"URL\" data-id=\"https:\/\/www.geolegadodeallankardec.com.br\/artigos\/assuntos-diversos\/o-espiritismo-pode-ser-um-movimento-politico\/\" target=\"_blank\" rel=\"noreferrer noopener\">dans cet article<\/a>.<\/li><li>Pour participer au Groupe, le membre proposant devra, en plus d&#039;accepter cette <em>r\u00e9giment<\/em>, passer par un petit questionnaire, compos\u00e9 de plusieurs questions, afin que nous puissions \u00e9valuer leur \u00e9tat actuel des connaissances et mieux adapter la direction des \u00e9tudes.<\/li><li>Le participant de ce groupe est d&#039;accord avec la n\u00e9cessit\u00e9, pour une bonne compr\u00e9hension, d&#039;\u00e9tudier les ouvrages de base recommand\u00e9s, sans lesquels ils pourraient \u00eatre incapables de comprendre les sujets. Le temps \u00e9tant une ressource rare et pr\u00e9cieuse, il ne faudra pas de longs laps de temps pour revenir \u00e0 ce qui est bien expliqu\u00e9 dans les ouvrages indiqu\u00e9s.\u00a0<\/li><li>Le membre du Groupe qui est inconscient de la pratique n\u00e9cessaire de <em>bon ton<\/em> dans les conversations et les discussions, avec l&#039;usage n\u00e9cessaire de la charit\u00e9, de l&#039;humilit\u00e9, de la patience, bref, des bonnes vertus, vous pouvez \u00eatre expuls\u00e9 du groupe.<\/li><li>Tout m\u00e9dium participant \u00e0 ce groupe s&#039;engage \u00e0 pratiquer la m\u00e9diumnit\u00e9 selon les pr\u00e9ceptes du spiritisme, en ne facturant en aucune mani\u00e8re le travail m\u00e9diumnique. En agissant contrairement \u00e0 ce pr\u00e9cepte tr\u00e8s important, vous pouvez \u00eatre expuls\u00e9 du groupe.<\/li><li>Le Groupe actuel est sous la pr\u00e9sidence repr\u00e9sentative de son fondateur, Paulo Degering Rosa Junior, pour une dur\u00e9e ind\u00e9termin\u00e9e. Bien s\u00fbr, d&#039;autres personnes peuvent cr\u00e9er leurs propres groupes, ce que nous encourageons et soutenons.<\/li><li>La pr\u00e9sidence de ce groupement a pour seul objet d&#039;organiser des th\u00e8mes, des sujets, des m\u00e9dias, des rencontres, etc. et, dans le cas o\u00f9 ce groupement deviendrait une personne morale de droit civil, de le repr\u00e9senter l\u00e9galement.<\/li><li>Le pr\u00e9sident de ce Groupement, \u00e0 tout moment, s&#039;engage \u00e0 ne jamais faire de son opinion personnelle l&#039;objet de d\u00e9saccord ou de r\u00e9pression aupr\u00e8s des autres membres, l&#039;un et l&#039;autre agissant toujours conform\u00e9ment \u00e0 la pr\u00e9sente <em>r\u00e9giment<\/em> et avec les objectifs du Groupe.<\/li><li>En l&#039;absence du pr\u00e9sident de ce groupement, pour une dur\u00e9e d\u00e9termin\u00e9e ou pour des dur\u00e9es \u00e0 terme pr\u00e9visible, les autres membres du groupement, en harmonie, d\u00e9lib\u00e8rent sur les questions d&#039;organisation et d&#039;administration g\u00e9n\u00e9rale.<\/li><li>En cas d&#039;absence ind\u00e9finie ou d\u00e9finitive du pr\u00e9sident de ce Groupe, les autres membres d\u00e9cident de l&#039;\u00e9lection d&#039;un nouveau pr\u00e9sident, qui continuera \u00e0 se conformer aux pr\u00e9ceptes \u00e9nonc\u00e9s dans le pr\u00e9sent Groupe.<\/li><li>Ce groupe et ses objectifs ne seront jamais\u00a0:<ol><li>orient\u00e9 vers des gains personnels de toute nature<\/li><li>destin\u00e9 \u00e0 la psychographie \u00e0 des fins <em>seulement<\/em> les donn\u00e9es personnelles, telles que les lettres psychographi\u00e9es de parents d\u00e9c\u00e9d\u00e9s, \u00e0 moins que celles-ci ne pr\u00e9sentent des avantages significatifs pour les \u00e9tudes en g\u00e9n\u00e9ral.<\/li><\/ol><\/li><li>Tout mat\u00e9riel produit au nom du Groupe doit \u00eatre conforme aux lois sur le droit d&#039;auteur applicables et doit \u00eatre accessible au public, gratuitement, afin de servir les objectifs sup\u00e9rieurs d&#039;\u00e9clairer l&#039;humanit\u00e9.<\/li><li>Pour le moment, comme il n&#039;y a pas d&#039;enregistrement l\u00e9gal d&#039;une entit\u00e9, ce groupe n&#039;aura ni tr\u00e9sorerie ni responsabilit\u00e9. Tout type de don au nom du groupe sera fait de mani\u00e8re personnelle, sans repr\u00e9sentation ni contestabilit\u00e9.\u00a0<\/li><li>On se souvient de la recommandation toujours aussi importante qu&#039;aucun membre ne se mette en situation de chercher \u00e0 exercer la m\u00e9diumnit\u00e9, m\u00eame avec la meilleure bonne volont\u00e9, sans avoir (1) beaucoup de connaissances et d&#039;\u00e9quilibre et (2) le soutien d&#039;autres personnes et d&#039;un environnement tous deux tr\u00e8s \u00e9quilibr\u00e9s dans la culture de la pri\u00e8re, de la charit\u00e9 et de l&#039;Evangile.<\/li><\/ol>","protected":false},"excerpt":{"rendered":"<p>Coloco entre aspas o termo regimento porque, at\u00e9 o presente momento, n\u00e3o temos a inten\u00e7\u00e3o de fazer deste grupo uma pessoa jur\u00eddica ou \u00f3rg\u00e3o qualquer registrado junto aos \u00f3rg\u00e3os oficiais. Fica este regimento, por enquanto, vinculado sob c\u00f3digo de honra, ou seja, os participantes do grupo atestam, ante os demais participantes e suas pr\u00f3prias consci\u00eancias, [&hellip;]<\/p>\n","protected":false},"author":34,"featured_media":0,"parent":0,"menu_order":0,"comment_status":"closed","ping_status":"closed","template":"","meta":{"footnotes":""},"class_list":["post-13","page","type-page","status-publish","hentry"],"yoast_head":"<!-- This site is optimized with the Yoast SEO Premium plugin v21.1 (Yoast SEO v27.2) - https:\/\/yoast.com\/product\/yoast-seo-premium-wordpress\/ -->\n<title>\u201cRegimento\u201d - Grupo de Estudos O Legado de Allan Kardec<\/title>\n<meta name=\"robots\" content=\"index, follow, max-snippet:-1, max-image-preview:large, max-video-preview:-1\" \/>\n<link rel=\"canonical\" href=\"https:\/\/www.geolegadodeallankardec.com.br\/fr\/regiment\/\" \/>\n<meta property=\"og:locale\" content=\"fr_FR\" \/>\n<meta property=\"og:type\" content=\"article\" \/>\n<meta property=\"og:title\" content=\"\u201cRegimento\u201d\" \/>\n<meta property=\"og:description\" content=\"Coloco entre aspas o termo regimento porque, at\u00e9 o presente momento, n\u00e3o temos a inten\u00e7\u00e3o de fazer deste grupo uma pessoa jur\u00eddica ou \u00f3rg\u00e3o qualquer registrado junto aos \u00f3rg\u00e3os oficiais. Fica este regimento, por enquanto, vinculado sob c\u00f3digo de honra, ou seja, os participantes do grupo atestam, ante os demais participantes e suas pr\u00f3prias consci\u00eancias, [&hellip;]\" \/>\n<meta property=\"og:url\" content=\"https:\/\/www.geolegadodeallankardec.com.br\/fr\/regiment\/\" \/>\n<meta property=\"og:site_name\" content=\"Grupo de Estudos O Legado de Allan Kardec\" \/>\n<meta property=\"article:modified_time\" content=\"2022-02-07T21:10:38+00:00\" \/>\n<meta name=\"twitter:card\" content=\"summary_large_image\" \/>\n<meta name=\"twitter:label1\" content=\"Dur\u00e9e de lecture estim\u00e9e\" \/>\n\t<meta name=\"twitter:data1\" content=\"4 minutes\" \/>\n<script type=\"application\/ld+json\" class=\"yoast-schema-graph\">{\"@context\":\"https:\/\/schema.org\",\"@graph\":[{\"@type\":\"WebPage\",\"@id\":\"https:\/\/www.geolegadodeallankardec.com.br\/regimento\/\",\"url\":\"https:\/\/www.geolegadodeallankardec.com.br\/regimento\/\",\"name\":\"\u201cRegimento\u201d - Grupo de Estudos O Legado de Allan Kardec\",\"isPartOf\":{\"@id\":\"https:\/\/www.geolegadodeallankardec.com.br\/es\/#website\"},\"datePublished\":\"2021-08-23T16:55:05+00:00\",\"dateModified\":\"2022-02-07T21:10:38+00:00\",\"breadcrumb\":{\"@id\":\"https:\/\/www.geolegadodeallankardec.com.br\/regimento\/#breadcrumb\"},\"inLanguage\":\"fr-FR\",\"potentialAction\":[{\"@type\":\"ReadAction\",\"target\":[\"https:\/\/www.geolegadodeallankardec.com.br\/regimento\/\"]}]},{\"@type\":\"BreadcrumbList\",\"@id\":\"https:\/\/www.geolegadodeallankardec.com.br\/regimento\/#breadcrumb\",\"itemListElement\":[{\"@type\":\"ListItem\",\"position\":1,\"name\":\"In\u00edcio\",\"item\":\"https:\/\/www.geolegadodeallankardec.com.br\/\"},{\"@type\":\"ListItem\",\"position\":2,\"name\":\"\u201cRegimento\u201d\"}]},{\"@type\":\"WebSite\",\"@id\":\"https:\/\/www.geolegadodeallankardec.com.br\/es\/#website\",\"url\":\"https:\/\/www.geolegadodeallankardec.com.br\/es\/\",\"name\":\"Grupo de Estudos O Legado de Allan Kardec\",\"description\":\"Grupo de Estudos voltado ao aprofundamento do estudo do Espiritismo\",\"potentialAction\":[{\"@type\":\"SearchAction\",\"target\":{\"@type\":\"EntryPoint\",\"urlTemplate\":\"https:\/\/www.geolegadodeallankardec.com.br\/es\/?s={search_term_string}\"},\"query-input\":{\"@type\":\"PropertyValueSpecification\",\"valueRequired\":true,\"valueName\":\"search_term_string\"}}],\"inLanguage\":\"fr-FR\"}]}<\/script>\n<!-- \/ Yoast SEO Premium plugin. -->","yoast_head_json":{"title":"&quot;R\u00e9giment&quot; - Groupe d&#039;\u00e9tude L&#039;h\u00e9ritage d&#039;Allan Kardec","robots":{"index":"index","follow":"follow","max-snippet":"max-snippet:-1","max-image-preview":"max-image-preview:large","max-video-preview":"max-video-preview:-1"},"canonical":"https:\/\/www.geolegadodeallankardec.com.br\/fr\/regiment\/","og_locale":"fr_FR","og_type":"article","og_title":"\u201cRegimento\u201d","og_description":"Coloco entre aspas o termo regimento porque, at\u00e9 o presente momento, n\u00e3o temos a inten\u00e7\u00e3o de fazer deste grupo uma pessoa jur\u00eddica ou \u00f3rg\u00e3o qualquer registrado junto aos \u00f3rg\u00e3os oficiais. Fica este regimento, por enquanto, vinculado sob c\u00f3digo de honra, ou seja, os participantes do grupo atestam, ante os demais participantes e suas pr\u00f3prias consci\u00eancias, [&hellip;]","og_url":"https:\/\/www.geolegadodeallankardec.com.br\/fr\/regiment\/","og_site_name":"Grupo de Estudos O Legado de Allan Kardec","article_modified_time":"2022-02-07T21:10:38+00:00","twitter_card":"summary_large_image","twitter_misc":{"Dur\u00e9e de lecture estim\u00e9e":"4 minutes"},"schema":{"@context":"https:\/\/schema.org","@graph":[{"@type":"WebPage","@id":"https:\/\/www.geolegadodeallankardec.com.br\/regimento\/","url":"https:\/\/www.geolegadodeallankardec.com.br\/regimento\/","name":"&quot;R\u00e9giment&quot; - Groupe d&#039;\u00e9tude L&#039;h\u00e9ritage d&#039;Allan Kardec","isPartOf":{"@id":"https:\/\/www.geolegadodeallankardec.com.br\/es\/#website"},"datePublished":"2021-08-23T16:55:05+00:00","dateModified":"2022-02-07T21:10:38+00:00","breadcrumb":{"@id":"https:\/\/www.geolegadodeallankardec.com.br\/regimento\/#breadcrumb"},"inLanguage":"fr-FR","potentialAction":[{"@type":"ReadAction","target":["https:\/\/www.geolegadodeallankardec.com.br\/regimento\/"]}]},{"@type":"BreadcrumbList","@id":"https:\/\/www.geolegadodeallankardec.com.br\/regimento\/#breadcrumb","itemListElement":[{"@type":"ListItem","position":1,"name":"In\u00edcio","item":"https:\/\/www.geolegadodeallankardec.com.br\/"},{"@type":"ListItem","position":2,"name":"\u201cRegimento\u201d"}]},{"@type":"WebSite","@id":"https:\/\/www.geolegadodeallankardec.com.br\/es\/#website","url":"https:\/\/www.geolegadodeallankardec.com.br\/es\/","name":"Groupe d&#039;\u00e9tude L&#039;h\u00e9ritage d&#039;Allan Kardec","description":"Groupe d&#039;\u00e9tude visant \u00e0 approfondir l&#039;\u00e9tude du spiritisme","potentialAction":[{"@type":"SearchAction","target":{"@type":"EntryPoint","urlTemplate":"https:\/\/www.geolegadodeallankardec.com.br\/es\/?s={search_term_string}"},"query-input":{"@type":"PropertyValueSpecification","valueRequired":true,"valueName":"search_term_string"}}],"inLanguage":"fr-FR"}]}},"_links":{"self":[{"href":"https:\/\/www.geolegadodeallankardec.com.br\/fr\/wp-json\/wp\/v2\/pages\/13","targetHints":{"allow":["GET"]}}],"collection":[{"href":"https:\/\/www.geolegadodeallankardec.com.br\/fr\/wp-json\/wp\/v2\/pages"}],"about":[{"href":"https:\/\/www.geolegadodeallankardec.com.br\/fr\/wp-json\/wp\/v2\/types\/page"}],"author":[{"embeddable":true,"href":"https:\/\/www.geolegadodeallankardec.com.br\/fr\/wp-json\/wp\/v2\/users\/34"}],"replies":[{"embeddable":true,"href":"https:\/\/www.geolegadodeallankardec.com.br\/fr\/wp-json\/wp\/v2\/comments?post=13"}],"version-history":[{"count":5,"href":"https:\/\/www.geolegadodeallankardec.com.br\/fr\/wp-json\/wp\/v2\/pages\/13\/revisions"}],"predecessor-version":[{"id":5073,"href":"https:\/\/www.geolegadodeallankardec.com.br\/fr\/wp-json\/wp\/v2\/pages\/13\/revisions\/5073"}],"wp:attachment":[{"href":"https:\/\/www.geolegadodeallankardec.com.br\/fr\/wp-json\/wp\/v2\/media?parent=13"}],"curies":[{"name":"wp","href":"https:\/\/api.w.org\/{rel}","templated":true}]}}