{"id":125,"date":"2021-08-24T11:29:47","date_gmt":"2021-08-24T14:29:47","guid":{"rendered":"https:\/\/geolegadodeallankardec.com.br\/?page_id=125"},"modified":"2021-08-24T11:29:49","modified_gmt":"2021-08-24T14:29:49","slug":"premiers-pas","status":"publish","type":"page","link":"https:\/\/www.geolegadodeallankardec.com.br\/fr\/primeiros-passos\/","title":{"rendered":"Premiers pas"},"content":{"rendered":"<div class=\"pdfprnt-buttons pdfprnt-buttons-page pdfprnt-top-right\"><a href=\"https:\/\/www.geolegadodeallankardec.com.br\/fr\/wp-json\/wp\/v2\/pages\/125?print=pdf\" class=\"pdfprnt-button pdfprnt-button-pdf\" target=\"_blank\" ><img decoding=\"async\" data-src=\"https:\/\/www.geolegadodeallankardec.com.br\/wp-content\/plugins\/pdf-print\/images\/pdf.png\" alt=\"image_pdf\" title=\"PDF d&#039;affiliation\" src=\"data:image\/svg+xml;base64,PHN2ZyB3aWR0aD0iMSIgaGVpZ2h0PSIxIiB4bWxucz0iaHR0cDovL3d3dy53My5vcmcvMjAwMC9zdmciPjwvc3ZnPg==\" class=\"lazyload\" style=\"--smush-placeholder-width: 32px; --smush-placeholder-aspect-ratio: 32\/32;\" \/><\/a><a href=\"https:\/\/www.geolegadodeallankardec.com.br\/fr\/wp-json\/wp\/v2\/pages\/125?print=print\" class=\"pdfprnt-button pdfprnt-button-print\" target=\"_blank\" ><img decoding=\"async\" data-src=\"https:\/\/www.geolegadodeallankardec.com.br\/wp-content\/plugins\/pdf-print\/images\/print.png\" alt=\"image_print\" title=\"Imprimer le contenu\" src=\"data:image\/svg+xml;base64,PHN2ZyB3aWR0aD0iMSIgaGVpZ2h0PSIxIiB4bWxucz0iaHR0cDovL3d3dy53My5vcmcvMjAwMC9zdmciPjwvc3ZnPg==\" class=\"lazyload\" style=\"--smush-placeholder-width: 32px; --smush-placeholder-aspect-ratio: 32\/32;\" \/><\/a><\/div>\n<p>Le groupe se r\u00e9unira \u00e0 une fr\u00e9quence d\u00e9finie, \u00e0 une date et une heure \u00e0 convenir, selon la disponibilit\u00e9 de la grande majorit\u00e9 des participants. Nous utiliserons les diff\u00e9rents moyens possibles, en cherchant \u00e0 organiser des r\u00e9unions en ligne enregistr\u00e9es afin de rendre le contenu de ces \u00e9tudes disponible via des moyens tels que Youtube. Les transcriptions ou cr\u00e9ations d&#039;articles sur ces contenus seront les bienvenues et seront mises \u00e0 disposition dans la collection du groupe.<\/p>\n\n\n\n<p>Nous pensons que nous pourrions faire les premiers pas de nos \u00e9tudes comme suit :<\/p>\n\n\n\n<ul class=\"wp-block-list\"><li>formation du premier groupe<\/li><li>tenue d&#039;une premi\u00e8re r\u00e9union, en ligne, enregistr\u00e9e, pour inaugurer les \u00e9tudes et affirmer les principes, pr\u00e9ceptes et concepts de base du Groupe<\/li><li><strong>mise en place d&#039;\u00e9tudes sur la revue spirite<\/strong>, contenu si important et si oubli\u00e9. Ce sera un d\u00e9clencheur pour le d\u00e9veloppement de plusieurs sujets, cherchant \u00e0 les approfondir dans l&#039;\u00e9tude d&#039;autres travaux, parmi lesquels, toujours, la base fondamentale de Kardec.<\/li><li>dans le cas o\u00f9 la Spiritualit\u00e9 nous fournirait les moyens de reprendre l&#039;\u00e9tude interm\u00e9di\u00e9e par des m\u00e9diums participant au groupe, il faudra s&#039;en tenir \u00e0 ce qui est stipul\u00e9 dans \u00ab Contact avec d&#039;autres groupes \u00bb, afin que nous ne mettions pas \u00e0 la disposition d&#039;autres personnes le contenu qui n&#039;est pas encore pass\u00e9 par le tamis m\u00e9thodologique n\u00e9cessaire. Agir autrement reviendrait \u00e0 remettre en question, une fois de plus, la fiabilit\u00e9 de tels enseignements, rendant difficile l&#039;apprentissage illuminatif.<\/li><\/ul>","protected":false},"excerpt":{"rendered":"<p>O grupo se reunir\u00e1 com periodicidade definida, em data e hor\u00e1rio a combinar, conforme a disponibilidade da grande maioria dos participantes. Utilizaremos os diversos meios poss\u00edveis, buscando a realiza\u00e7\u00e3o de encontros on-line, gravados, a fim de disponibilizar o conte\u00fado desses estudos atrav\u00e9s de meios como o Youtube. Transcri\u00e7\u00f5es ou cria\u00e7\u00e3o de artigos sobre esses conte\u00fados [&hellip;]<\/p>\n","protected":false},"author":34,"featured_media":0,"parent":0,"menu_order":0,"comment_status":"closed","ping_status":"closed","template":"","meta":{"footnotes":""},"class_list":["post-125","page","type-page","status-publish","hentry"],"yoast_head":"<!-- This site is optimized with the Yoast SEO Premium plugin v21.1 (Yoast SEO v27.2) - https:\/\/yoast.com\/product\/yoast-seo-premium-wordpress\/ -->\n<title>Primeiros passos - Grupo de Estudos O Legado de Allan Kardec<\/title>\n<meta name=\"robots\" content=\"index, follow, max-snippet:-1, max-image-preview:large, max-video-preview:-1\" \/>\n<link rel=\"canonical\" href=\"https:\/\/www.geolegadodeallankardec.com.br\/fr\/premiers-pas\/\" \/>\n<meta property=\"og:locale\" content=\"fr_FR\" \/>\n<meta property=\"og:type\" content=\"article\" \/>\n<meta property=\"og:title\" content=\"Primeiros passos\" \/>\n<meta property=\"og:description\" content=\"O grupo se reunir\u00e1 com periodicidade definida, em data e hor\u00e1rio a combinar, conforme a disponibilidade da grande maioria dos participantes. Utilizaremos os diversos meios poss\u00edveis, buscando a realiza\u00e7\u00e3o de encontros on-line, gravados, a fim de disponibilizar o conte\u00fado desses estudos atrav\u00e9s de meios como o Youtube. Transcri\u00e7\u00f5es ou cria\u00e7\u00e3o de artigos sobre esses conte\u00fados [&hellip;]\" \/>\n<meta property=\"og:url\" content=\"https:\/\/www.geolegadodeallankardec.com.br\/fr\/premiers-pas\/\" \/>\n<meta property=\"og:site_name\" content=\"Grupo de Estudos O Legado de Allan Kardec\" \/>\n<meta property=\"article:modified_time\" content=\"2021-08-24T14:29:49+00:00\" \/>\n<meta name=\"twitter:card\" content=\"summary_large_image\" \/>\n<meta name=\"twitter:label1\" content=\"Dur\u00e9e de lecture estim\u00e9e\" \/>\n\t<meta name=\"twitter:data1\" content=\"1 minute\" \/>\n<script type=\"application\/ld+json\" class=\"yoast-schema-graph\">{\"@context\":\"https:\/\/schema.org\",\"@graph\":[{\"@type\":\"WebPage\",\"@id\":\"https:\/\/www.geolegadodeallankardec.com.br\/primeiros-passos\/\",\"url\":\"https:\/\/www.geolegadodeallankardec.com.br\/primeiros-passos\/\",\"name\":\"Primeiros passos - Grupo de Estudos O Legado de Allan Kardec\",\"isPartOf\":{\"@id\":\"https:\/\/www.geolegadodeallankardec.com.br\/es\/#website\"},\"datePublished\":\"2021-08-24T14:29:47+00:00\",\"dateModified\":\"2021-08-24T14:29:49+00:00\",\"breadcrumb\":{\"@id\":\"https:\/\/www.geolegadodeallankardec.com.br\/primeiros-passos\/#breadcrumb\"},\"inLanguage\":\"fr-FR\",\"potentialAction\":[{\"@type\":\"ReadAction\",\"target\":[\"https:\/\/www.geolegadodeallankardec.com.br\/primeiros-passos\/\"]}]},{\"@type\":\"BreadcrumbList\",\"@id\":\"https:\/\/www.geolegadodeallankardec.com.br\/primeiros-passos\/#breadcrumb\",\"itemListElement\":[{\"@type\":\"ListItem\",\"position\":1,\"name\":\"In\u00edcio\",\"item\":\"https:\/\/www.geolegadodeallankardec.com.br\/\"},{\"@type\":\"ListItem\",\"position\":2,\"name\":\"Primeiros passos\"}]},{\"@type\":\"WebSite\",\"@id\":\"https:\/\/www.geolegadodeallankardec.com.br\/es\/#website\",\"url\":\"https:\/\/www.geolegadodeallankardec.com.br\/es\/\",\"name\":\"Grupo de Estudos O Legado de Allan Kardec\",\"description\":\"Grupo de Estudos voltado ao aprofundamento do estudo do Espiritismo\",\"potentialAction\":[{\"@type\":\"SearchAction\",\"target\":{\"@type\":\"EntryPoint\",\"urlTemplate\":\"https:\/\/www.geolegadodeallankardec.com.br\/es\/?s={search_term_string}\"},\"query-input\":{\"@type\":\"PropertyValueSpecification\",\"valueRequired\":true,\"valueName\":\"search_term_string\"}}],\"inLanguage\":\"fr-FR\"}]}<\/script>\n<!-- \/ Yoast SEO Premium plugin. -->","yoast_head_json":{"title":"Premiers pas - Groupe d&#039;\u00e9tude L&#039;h\u00e9ritage d&#039;Allan Kardec","robots":{"index":"index","follow":"follow","max-snippet":"max-snippet:-1","max-image-preview":"max-image-preview:large","max-video-preview":"max-video-preview:-1"},"canonical":"https:\/\/www.geolegadodeallankardec.com.br\/fr\/premiers-pas\/","og_locale":"fr_FR","og_type":"article","og_title":"Primeiros passos","og_description":"O grupo se reunir\u00e1 com periodicidade definida, em data e hor\u00e1rio a combinar, conforme a disponibilidade da grande maioria dos participantes. Utilizaremos os diversos meios poss\u00edveis, buscando a realiza\u00e7\u00e3o de encontros on-line, gravados, a fim de disponibilizar o conte\u00fado desses estudos atrav\u00e9s de meios como o Youtube. Transcri\u00e7\u00f5es ou cria\u00e7\u00e3o de artigos sobre esses conte\u00fados [&hellip;]","og_url":"https:\/\/www.geolegadodeallankardec.com.br\/fr\/premiers-pas\/","og_site_name":"Grupo de Estudos O Legado de Allan Kardec","article_modified_time":"2021-08-24T14:29:49+00:00","twitter_card":"summary_large_image","twitter_misc":{"Dur\u00e9e de lecture estim\u00e9e":"1 minute"},"schema":{"@context":"https:\/\/schema.org","@graph":[{"@type":"WebPage","@id":"https:\/\/www.geolegadodeallankardec.com.br\/primeiros-passos\/","url":"https:\/\/www.geolegadodeallankardec.com.br\/primeiros-passos\/","name":"Premiers pas - Groupe d&#039;\u00e9tude L&#039;h\u00e9ritage d&#039;Allan Kardec","isPartOf":{"@id":"https:\/\/www.geolegadodeallankardec.com.br\/es\/#website"},"datePublished":"2021-08-24T14:29:47+00:00","dateModified":"2021-08-24T14:29:49+00:00","breadcrumb":{"@id":"https:\/\/www.geolegadodeallankardec.com.br\/primeiros-passos\/#breadcrumb"},"inLanguage":"fr-FR","potentialAction":[{"@type":"ReadAction","target":["https:\/\/www.geolegadodeallankardec.com.br\/primeiros-passos\/"]}]},{"@type":"BreadcrumbList","@id":"https:\/\/www.geolegadodeallankardec.com.br\/primeiros-passos\/#breadcrumb","itemListElement":[{"@type":"ListItem","position":1,"name":"In\u00edcio","item":"https:\/\/www.geolegadodeallankardec.com.br\/"},{"@type":"ListItem","position":2,"name":"Primeiros passos"}]},{"@type":"WebSite","@id":"https:\/\/www.geolegadodeallankardec.com.br\/es\/#website","url":"https:\/\/www.geolegadodeallankardec.com.br\/es\/","name":"Groupe d&#039;\u00e9tude L&#039;h\u00e9ritage d&#039;Allan Kardec","description":"Groupe d&#039;\u00e9tude visant \u00e0 approfondir l&#039;\u00e9tude du spiritisme","potentialAction":[{"@type":"SearchAction","target":{"@type":"EntryPoint","urlTemplate":"https:\/\/www.geolegadodeallankardec.com.br\/es\/?s={search_term_string}"},"query-input":{"@type":"PropertyValueSpecification","valueRequired":true,"valueName":"search_term_string"}}],"inLanguage":"fr-FR"}]}},"_links":{"self":[{"href":"https:\/\/www.geolegadodeallankardec.com.br\/fr\/wp-json\/wp\/v2\/pages\/125","targetHints":{"allow":["GET"]}}],"collection":[{"href":"https:\/\/www.geolegadodeallankardec.com.br\/fr\/wp-json\/wp\/v2\/pages"}],"about":[{"href":"https:\/\/www.geolegadodeallankardec.com.br\/fr\/wp-json\/wp\/v2\/types\/page"}],"author":[{"embeddable":true,"href":"https:\/\/www.geolegadodeallankardec.com.br\/fr\/wp-json\/wp\/v2\/users\/34"}],"replies":[{"embeddable":true,"href":"https:\/\/www.geolegadodeallankardec.com.br\/fr\/wp-json\/wp\/v2\/comments?post=125"}],"version-history":[{"count":1,"href":"https:\/\/www.geolegadodeallankardec.com.br\/fr\/wp-json\/wp\/v2\/pages\/125\/revisions"}],"predecessor-version":[{"id":126,"href":"https:\/\/www.geolegadodeallankardec.com.br\/fr\/wp-json\/wp\/v2\/pages\/125\/revisions\/126"}],"wp:attachment":[{"href":"https:\/\/www.geolegadodeallankardec.com.br\/fr\/wp-json\/wp\/v2\/media?parent=125"}],"curies":[{"name":"wp","href":"https:\/\/api.w.org\/{rel}","templated":true}]}}