{"id":1136,"date":"2021-08-30T13:00:10","date_gmt":"2021-08-30T16:00:10","guid":{"rendered":"https:\/\/geolegadodeallankardec.com.br\/?page_id=1136"},"modified":"2021-09-04T10:54:36","modified_gmt":"2021-09-04T13:54:36","slug":"soumission-de-rapports-personnels","status":"publish","type":"page","link":"https:\/\/www.geolegadodeallankardec.com.br\/fr\/submissao-de-relatos-pessoais\/","title":{"rendered":"Soumission de rapports personnels"},"content":{"rendered":"<div class=\"pdfprnt-buttons pdfprnt-buttons-page pdfprnt-top-right\"><a href=\"https:\/\/www.geolegadodeallankardec.com.br\/fr\/wp-json\/wp\/v2\/pages\/1136?print=pdf\" class=\"pdfprnt-button pdfprnt-button-pdf\" target=\"_blank\" ><img decoding=\"async\" data-src=\"https:\/\/www.geolegadodeallankardec.com.br\/wp-content\/plugins\/pdf-print\/images\/pdf.png\" alt=\"image_pdf\" title=\"PDF d&#039;affiliation\" src=\"data:image\/svg+xml;base64,PHN2ZyB3aWR0aD0iMSIgaGVpZ2h0PSIxIiB4bWxucz0iaHR0cDovL3d3dy53My5vcmcvMjAwMC9zdmciPjwvc3ZnPg==\" class=\"lazyload\" style=\"--smush-placeholder-width: 32px; --smush-placeholder-aspect-ratio: 32\/32;\" \/><\/a><a href=\"https:\/\/www.geolegadodeallankardec.com.br\/fr\/wp-json\/wp\/v2\/pages\/1136?print=print\" class=\"pdfprnt-button pdfprnt-button-print\" target=\"_blank\" ><img decoding=\"async\" data-src=\"https:\/\/www.geolegadodeallankardec.com.br\/wp-content\/plugins\/pdf-print\/images\/print.png\" alt=\"image_print\" title=\"Imprimer le contenu\" src=\"data:image\/svg+xml;base64,PHN2ZyB3aWR0aD0iMSIgaGVpZ2h0PSIxIiB4bWxucz0iaHR0cDovL3d3dy53My5vcmcvMjAwMC9zdmciPjwvc3ZnPg==\" class=\"lazyload\" style=\"--smush-placeholder-width: 32px; --smush-placeholder-aspect-ratio: 32\/32;\" \/><\/a><\/div>\n<p>Ici, dans cet espace de style Kardec, nous avons cr\u00e9\u00e9 un formulaire o\u00f9 vous, cher lecteur, pouvez nous faire part de vos signalements personnels sur des sujets li\u00e9s aux points suivants :<\/p>\n\n\n\n<p>1) Manifestations mat\u00e9rielles ou intelligentes ;<\/p>\n\n\n\n<p>2.\u00ba) Faits de lucidit\u00e9 somnambulique et d&#039;extase (tous deux connus sous le nom de &quot;voyage astral&quot;);<\/p>\n\n\n\n<p>3e) Faits \u00e0 la seconde vue, pr\u00e9dictions, intuitions, etc.\u00a0;<\/p>\n\n\n\n<p>4.\u00ba) Des faits concernant le pouvoir occulte attribu\u00e9s, \u00e0 tort ou \u00e0 raison, \u00e0 certaines personnes ;<\/p>\n\n\n\n<p>5.\u00ba) Faits de visions et d&#039;apparitions ;<\/p>\n\n\n\n<p>6.\u00ba) Des ph\u00e9nom\u00e8nes psychologiques particuliers qui surviennent parfois au moment du d\u00e9c\u00e8s\u00a0;<\/p>\n\n\n\n<p>7.\u00ba) Probl\u00e8mes moraux et psychologiques \u00e0 r\u00e9soudre;<\/p>\n\n\n\n<p>8.\u00ba) Les faits moraux, les actes notables de d\u00e9votion et d&#039;abn\u00e9gation dont la propagation peut servir d&#039;exemple utile ;<\/p>\n\n\n\n<p>9.\u00ba) Indications d&#039;ouvrages anciens ou modernes, br\u00e9siliens ou \u00e9trangers, dans lesquels des faits li\u00e9s \u00e0 la manifestation d&#039;intelligences occultes peuvent \u00eatre trouv\u00e9s, avec la d\u00e9signation et, si possible, la citation des passages. Il en est de m\u00eame de l&#039;opinion exprim\u00e9e sur l&#039;existence des Esprits et leurs rapports avec les hommes, par des auteurs anciens ou modernes, dont le nom et les connaissances font autorit\u00e9.<\/p>\n\n\n\n<p><strong>Ces rapports seront analys\u00e9s et, dans la mesure du possible, trait\u00e9s dans nos \u00e9tudes.<\/strong><\/p>\n\n\n\n<div class=\"wp-block-columns is-layout-flex wp-container-core-columns-is-layout-9d6595d7 wp-block-columns-is-layout-flex\">\n<div class=\"wp-block-column is-layout-flow wp-block-column-is-layout-flow\" style=\"flex-basis:25%\"><\/div>\n\n\n\n<div class=\"wp-block-column is-layout-flow wp-block-column-is-layout-flow\" style=\"flex-basis:50%\">\n<div class=\"forminator-guttenberg\"><div class=\"forminator-ui forminator-custom-form forminator-custom-form-1118 forminator-design--default  forminator_ajax\" data-forminator-render=\"0\" data-form=\"forminator-module-1118\" data-uid=\"69eb0b38cb437\"><br\/><\/div><form\n\t\t\t\tid=\"forminator-module-1118\"\n\t\t\t\tclass=\"forminator-ui forminator-custom-form forminator-custom-form-1118 forminator-design--default  forminator_ajax\"\n\t\t\t\tmethod=\"post\"\n\t\t\t\tdata-forminator-render=\"0\"\n\t\t\t\tdata-form-id=\"1118\"\n\t\t\t\t data-color-option=\"default\" data-design=\"default\" data-grid=\"open\" style=\"display: none;\"\n\t\t\t\tdata-uid=\"69eb0b38cb437\" action=\"\"\n\t\t\t><div role=\"alert\" aria-live=\"polite\" class=\"forminator-response-message forminator-error\" aria-hidden=\"true\"><\/div><div class=\"forminator-row\"><div id=\"name-1\" class=\"forminator-field-name forminator-col forminator-col-12\"><div class=\"forminator-field\"><label for=\"forminator-field-name-1_69eb0b38cb437\" id=\"forminator-field-name-1_69eb0b38cb437-label\" class=\"forminator-label\">Pr\u00e9nom <span class=\"forminator-required\">*<\/span><\/label><input type=\"text\" name=\"name-1\" value=\"\" placeholder=\"\" id=\"forminator-field-name-1_69eb0b38cb437\" class=\"forminator-input forminator-name--field\" aria-required=\"true\" autocomplete=\"name\" aria-describedby=\"forminator-field-name-1_69eb0b38cb437-description\" \/><span id=\"forminator-field-name-1_69eb0b38cb437-description\" class=\"forminator-description\">Ne vous inqui\u00e9tez pas, nous ne le partagerons avec personne !<\/span><\/div><\/div><\/div><div class=\"forminator-row\"><div id=\"name-2\" class=\"forminator-field-name forminator-col forminator-col-12\"><div class=\"forminator-field\"><label for=\"forminator-field-name-2_69eb0b38cb437\" id=\"forminator-field-name-2_69eb0b38cb437-label\" class=\"forminator-label\">Nom de famille<\/label><input type=\"text\" name=\"name-2\" value=\"\" placeholder=\"\" id=\"forminator-field-name-2_69eb0b38cb437\" class=\"forminator-input forminator-name--field\" aria-required=\"false\" autocomplete=\"name\" aria-describedby=\"forminator-field-name-2_69eb0b38cb437-description\" \/><span id=\"forminator-field-name-2_69eb0b38cb437-description\" class=\"forminator-description\">Ne vous inqui\u00e9tez pas, nous ne le partagerons avec personne !<\/span><\/div><\/div><\/div><div class=\"forminator-row\"><div id=\"email-1\" class=\"forminator-field-email forminator-col forminator-col-12\"><div class=\"forminator-field\"><label for=\"forminator-field-email-1_69eb0b38cb437\" id=\"forminator-field-email-1_69eb0b38cb437-label\" class=\"forminator-label\">Adresse e-mail <span class=\"forminator-required\">*<\/span><\/label><input type=\"email\" name=\"email-1\" value=\"\" placeholder=\"Ancien john@doe.com\" id=\"forminator-field-email-1_69eb0b38cb437\" class=\"forminator-input forminator-email--field\" data-required=\"1\" aria-required=\"true\" autocomplete=\"email\" \/><\/div><\/div><\/div><div class=\"forminator-row\"><div id=\"phone-1\" class=\"forminator-field-phone forminator-col forminator-col-12\"><div class=\"forminator-field\"><label for=\"forminator-field-phone-1_69eb0b38cb437\" id=\"forminator-field-phone-1_69eb0b38cb437-label\" class=\"forminator-label\">T\u00e9l\u00e9phone<\/label><input type=\"text\" name=\"phone-1\" value=\"\" placeholder=\"Ex +55 11 99999-9999\" id=\"forminator-field-phone-1_69eb0b38cb437\" class=\"forminator-input forminator-field--phone\" data-required=\"\" aria-required=\"false\" autocomplete=\"off\" data-national_mode=\"disabled\" data-country=\"BR\" data-validation=\"international\" \/><\/div><\/div><\/div><div class=\"forminator-row\"><div id=\"radio-1\" class=\"forminator-field-radio forminator-col forminator-col-12\"><div role=\"radiogroup\" class=\"forminator-field\" aria-labelledby=\"forminator-radiogroup-radio-1-69eb0b38cb437-label\"><span id=\"forminator-radiogroup-radio-1-69eb0b38cb437-label\" class=\"forminator-label\">ton histoire est <span class=\"forminator-required\">*<\/span><\/span><label id=\"forminator-field-radio-1-label-1\" for=\"forminator-field-radio-1-1-69eb0b38cb437\" class=\"forminator-radio\" title=\"Personnel\"><input type=\"radio\" name=\"radio-1\" value=\"pessoal\" id=\"forminator-field-radio-1-1-69eb0b38cb437\" aria-labelledby=\"forminator-field-radio-1-label-1\" data-calculation=\"0\"  \/><span class=\"forminator-radio-bullet\" aria-hidden=\"true\"><\/span><span class=\"forminator-radio-label\">Personnel<\/span><\/label><label id=\"forminator-field-radio-1-label-2\" for=\"forminator-field-radio-1-2-69eb0b38cb437\" class=\"forminator-radio\" title=\"T\u00e9moin\"><input type=\"radio\" name=\"radio-1\" value=\"testemunhado\" id=\"forminator-field-radio-1-2-69eb0b38cb437\" aria-labelledby=\"forminator-field-radio-1-label-2\" data-calculation=\"0\"  \/><span class=\"forminator-radio-bullet\" aria-hidden=\"true\"><\/span><span class=\"forminator-radio-label\">T\u00e9moin<\/span><\/label><label id=\"forminator-field-radio-1-label-3\" for=\"forminator-field-radio-1-3-69eb0b38cb437\" class=\"forminator-radio\" title=\"Compt\u00e9 \u00e0 la troisi\u00e8me personne\"><input type=\"radio\" name=\"radio-1\" value=\"contado-por-terceira-pessoa\" id=\"forminator-field-radio-1-3-69eb0b38cb437\" aria-labelledby=\"forminator-field-radio-1-label-3\" data-calculation=\"0\"  \/><span class=\"forminator-radio-bullet\" aria-hidden=\"true\"><\/span><span class=\"forminator-radio-label\">Compt\u00e9 \u00e0 la troisi\u00e8me personne<\/span><\/label><\/div><\/div><\/div><div class=\"forminator-row\"><div id=\"textarea-1\" class=\"forminator-field-textarea forminator-col forminator-col-12\"><div class=\"forminator-field\"><label for=\"forminator-field-textarea-1_69eb0b38cb437\" id=\"forminator-field-textarea-1_69eb0b38cb437-label\" class=\"forminator-label\">ton histoire <span class=\"forminator-required\">*<\/span><\/label><textarea name=\"textarea-1\" placeholder=\"Nous sommes int\u00e9ress\u00e9s par les rapports suivants : 1.\u00ba) Manifestations mat\u00e9rielles ou intelligentes ; 2\u00e8me) Faits de lucidit\u00e9 somnambulique et d&#039;extase (tous deux connus sous le nom de &quot;voyage astral&quot;); 3e) Faits \u00e0 la seconde vue, pr\u00e9dictions, intuitions, etc.\u00a0; 4.\u00ba) Des faits concernant le pouvoir occulte attribu\u00e9s, \u00e0 tort ou \u00e0 raison, \u00e0 certaines personnes ; 5.\u00ba) Faits de visions et d&#039;apparitions ; 6.\u00ba) Des ph\u00e9nom\u00e8nes psychologiques particuliers qui surviennent parfois au moment du d\u00e9c\u00e8s\u00a0; 7.\u00ba) Probl\u00e8mes moraux et psychologiques \u00e0 r\u00e9soudre; 8.\u00ba) Les faits moraux, les actes notables de d\u00e9votion et d&#039;abn\u00e9gation dont la propagation peut servir d&#039;exemple utile ; 9.\u00ba) Indications d&#039;ouvrages anciens ou modernes, br\u00e9siliens ou \u00e9trangers, dans lesquels se trouvent des faits li\u00e9s \u00e0 la manifestation d&#039;intelligences occultes avec la d\u00e9signation et, si possible, la citation des passages. Il en est de m\u00eame de l&#039;opinion exprim\u00e9e sur l&#039;existence des Esprits et leurs rapports avec les hommes, par des auteurs anciens ou modernes, dont le nom et les connaissances font autorit\u00e9.\" id=\"forminator-field-textarea-1_69eb0b38cb437\" class=\"forminator-textarea\" rows=\"6\" style=\"--forminator-textarea-min-height:140px;\" ><\/textarea><\/div><\/div><\/div><div class=\"forminator-row\"><div id=\"captcha-1\" class=\"forminator-field-captcha forminator-col forminator-col-12\"><div class=\"forminator-captcha-left forminator-g-recaptcha\" data-theme=\"light\"  data-sitekey=\"6LcB8yAcAAAAAGEosDEOt3qJYORCW9AkuOb7_oAW\" data-size=\"normal\"><\/div> <\/div><\/div><input type=\"hidden\" name=\"referer_url\" value=\"\" \/><div class=\"forminator-row forminator-row-last\"><div class=\"forminator-col\"><div class=\"forminator-field\"><button class=\"forminator-button forminator-button-submit\">Envoyer le message<\/button><\/div><\/div><\/div><input type=\"hidden\" id=\"forminator_nonce\" name=\"forminator_nonce\" value=\"d0bc5c420d\" \/><input type=\"hidden\" name=\"_wp_http_referer\" value=\"\/fr\/wp-json\/wp\/v2\/pages\/1136\" \/><input type=\"hidden\" name=\"form_id\" value=\"1118\"><input type=\"hidden\" name=\"page_id\" value=\"1136\"><input type=\"hidden\" name=\"form_type\" value=\"default\"><input type=\"hidden\" name=\"current_url\" value=\"https:\/\/www.geolegadodeallankardec.com.br\/fr\/submissao-de-relatos-pessoais\/\"><input type=\"hidden\" name=\"render_id\" value=\"0\"><input type=\"hidden\" name=\"action\" value=\"forminator_submit_form_custom-forms\"><label for=\"input_7\" class=\"forminator-hidden\" aria-hidden=\"true\">Veuillez ne pas remplir ce champ. <input id=\"input_7\" type=\"text\" name=\"input_7\" value=\"\" autocomplete=\"off\"><\/label><input type=\"hidden\" name=\"trp-form-language\" value=\"fr\"\/><\/form><\/div>\n<\/div>\n\n\n\n<div class=\"wp-block-column is-layout-flow wp-block-column-is-layout-flow\" style=\"flex-basis:25%\"><\/div>\n<\/div>","protected":false},"excerpt":{"rendered":"<p>Aqui, neste espa\u00e7o, \u00e0 moda de Kardec, destinamos um formul\u00e1rio onde voc\u00ea, prezado leitor, poder\u00e1 nos informar de seus relatos pessoais a respeito de assuntos ligados aos seguintes pontos: 1.\u00ba) Manifesta\u00e7\u00f5es materiais ou inteligentes; 2.\u00ba) Fatos de lucidez sonamb\u00falica e de \u00eaxtase (ambos conhecidos popularmente como &#8220;Viagem Astral&#8221;); 3.\u00ba) Fatos de segunda vista, previs\u00f5es, pressentimentos, [&hellip;]<\/p>\n","protected":false},"author":12,"featured_media":0,"parent":0,"menu_order":0,"comment_status":"closed","ping_status":"closed","template":"","meta":{"footnotes":""},"class_list":["post-1136","page","type-page","status-publish","hentry"],"yoast_head":"<!-- This site is optimized with the Yoast SEO Premium plugin v21.1 (Yoast SEO v27.2) - https:\/\/yoast.com\/product\/yoast-seo-premium-wordpress\/ -->\n<title>Submiss\u00e3o de Relatos Pessoais - Grupo de Estudos O Legado de Allan Kardec<\/title>\n<meta name=\"robots\" content=\"index, follow, max-snippet:-1, max-image-preview:large, max-video-preview:-1\" \/>\n<link rel=\"canonical\" href=\"https:\/\/www.geolegadodeallankardec.com.br\/fr\/soumission-de-rapports-personnels\/\" \/>\n<meta property=\"og:locale\" content=\"fr_FR\" \/>\n<meta property=\"og:type\" content=\"article\" \/>\n<meta property=\"og:title\" content=\"Submiss\u00e3o de Relatos Pessoais\" \/>\n<meta property=\"og:description\" content=\"Aqui, neste espa\u00e7o, \u00e0 moda de Kardec, destinamos um formul\u00e1rio onde voc\u00ea, prezado leitor, poder\u00e1 nos informar de seus relatos pessoais a respeito de assuntos ligados aos seguintes pontos: 1.\u00ba) Manifesta\u00e7\u00f5es materiais ou inteligentes; 2.\u00ba) Fatos de lucidez sonamb\u00falica e de \u00eaxtase (ambos conhecidos popularmente como &#8220;Viagem Astral&#8221;); 3.\u00ba) Fatos de segunda vista, previs\u00f5es, pressentimentos, [&hellip;]\" \/>\n<meta property=\"og:url\" content=\"https:\/\/www.geolegadodeallankardec.com.br\/fr\/soumission-de-rapports-personnels\/\" \/>\n<meta property=\"og:site_name\" content=\"Grupo de Estudos O Legado de Allan Kardec\" \/>\n<meta property=\"article:modified_time\" content=\"2021-09-04T13:54:36+00:00\" \/>\n<meta name=\"twitter:card\" content=\"summary_large_image\" \/>\n<meta name=\"twitter:label1\" content=\"Dur\u00e9e de lecture estim\u00e9e\" \/>\n\t<meta name=\"twitter:data1\" content=\"1 minute\" \/>\n<script type=\"application\/ld+json\" class=\"yoast-schema-graph\">{\"@context\":\"https:\/\/schema.org\",\"@graph\":[{\"@type\":\"WebPage\",\"@id\":\"https:\/\/www.geolegadodeallankardec.com.br\/en\/submission-of-personal-reports\/\",\"url\":\"https:\/\/www.geolegadodeallankardec.com.br\/en\/submission-of-personal-reports\/\",\"name\":\"Submiss\u00e3o de Relatos Pessoais - Grupo de Estudos O Legado de Allan Kardec\",\"isPartOf\":{\"@id\":\"https:\/\/www.geolegadodeallankardec.com.br\/es\/#website\"},\"datePublished\":\"2021-08-30T16:00:10+00:00\",\"dateModified\":\"2021-09-04T13:54:36+00:00\",\"breadcrumb\":{\"@id\":\"https:\/\/www.geolegadodeallankardec.com.br\/en\/submission-of-personal-reports\/#breadcrumb\"},\"inLanguage\":\"fr-FR\",\"potentialAction\":[{\"@type\":\"ReadAction\",\"target\":[\"https:\/\/www.geolegadodeallankardec.com.br\/en\/submission-of-personal-reports\/\"]}]},{\"@type\":\"BreadcrumbList\",\"@id\":\"https:\/\/www.geolegadodeallankardec.com.br\/en\/submission-of-personal-reports\/#breadcrumb\",\"itemListElement\":[{\"@type\":\"ListItem\",\"position\":1,\"name\":\"In\u00edcio\",\"item\":\"https:\/\/www.geolegadodeallankardec.com.br\/\"},{\"@type\":\"ListItem\",\"position\":2,\"name\":\"Submiss\u00e3o de Relatos Pessoais\"}]},{\"@type\":\"WebSite\",\"@id\":\"https:\/\/www.geolegadodeallankardec.com.br\/es\/#website\",\"url\":\"https:\/\/www.geolegadodeallankardec.com.br\/es\/\",\"name\":\"Grupo de Estudos O Legado de Allan Kardec\",\"description\":\"Grupo de Estudos voltado ao aprofundamento do estudo do Espiritismo\",\"potentialAction\":[{\"@type\":\"SearchAction\",\"target\":{\"@type\":\"EntryPoint\",\"urlTemplate\":\"https:\/\/www.geolegadodeallankardec.com.br\/es\/?s={search_term_string}\"},\"query-input\":{\"@type\":\"PropertyValueSpecification\",\"valueRequired\":true,\"valueName\":\"search_term_string\"}}],\"inLanguage\":\"fr-FR\"}]}<\/script>\n<!-- \/ Yoast SEO Premium plugin. -->","yoast_head_json":{"title":"Soumission de rapports personnels - Groupe d&#039;\u00e9tude L&#039;h\u00e9ritage d&#039;Allan Kardec","robots":{"index":"index","follow":"follow","max-snippet":"max-snippet:-1","max-image-preview":"max-image-preview:large","max-video-preview":"max-video-preview:-1"},"canonical":"https:\/\/www.geolegadodeallankardec.com.br\/fr\/soumission-de-rapports-personnels\/","og_locale":"fr_FR","og_type":"article","og_title":"Submiss\u00e3o de Relatos Pessoais","og_description":"Aqui, neste espa\u00e7o, \u00e0 moda de Kardec, destinamos um formul\u00e1rio onde voc\u00ea, prezado leitor, poder\u00e1 nos informar de seus relatos pessoais a respeito de assuntos ligados aos seguintes pontos: 1.\u00ba) Manifesta\u00e7\u00f5es materiais ou inteligentes; 2.\u00ba) Fatos de lucidez sonamb\u00falica e de \u00eaxtase (ambos conhecidos popularmente como &#8220;Viagem Astral&#8221;); 3.\u00ba) Fatos de segunda vista, previs\u00f5es, pressentimentos, [&hellip;]","og_url":"https:\/\/www.geolegadodeallankardec.com.br\/fr\/soumission-de-rapports-personnels\/","og_site_name":"Grupo de Estudos O Legado de Allan Kardec","article_modified_time":"2021-09-04T13:54:36+00:00","twitter_card":"summary_large_image","twitter_misc":{"Dur\u00e9e de lecture estim\u00e9e":"1 minute"},"schema":{"@context":"https:\/\/schema.org","@graph":[{"@type":"WebPage","@id":"https:\/\/www.geolegadodeallankardec.com.br\/en\/submission-of-personal-reports\/","url":"https:\/\/www.geolegadodeallankardec.com.br\/en\/submission-of-personal-reports\/","name":"Soumission de rapports personnels - Groupe d&#039;\u00e9tude L&#039;h\u00e9ritage d&#039;Allan Kardec","isPartOf":{"@id":"https:\/\/www.geolegadodeallankardec.com.br\/es\/#website"},"datePublished":"2021-08-30T16:00:10+00:00","dateModified":"2021-09-04T13:54:36+00:00","breadcrumb":{"@id":"https:\/\/www.geolegadodeallankardec.com.br\/en\/submission-of-personal-reports\/#breadcrumb"},"inLanguage":"fr-FR","potentialAction":[{"@type":"ReadAction","target":["https:\/\/www.geolegadodeallankardec.com.br\/en\/submission-of-personal-reports\/"]}]},{"@type":"BreadcrumbList","@id":"https:\/\/www.geolegadodeallankardec.com.br\/en\/submission-of-personal-reports\/#breadcrumb","itemListElement":[{"@type":"ListItem","position":1,"name":"In\u00edcio","item":"https:\/\/www.geolegadodeallankardec.com.br\/"},{"@type":"ListItem","position":2,"name":"Submiss\u00e3o de Relatos Pessoais"}]},{"@type":"WebSite","@id":"https:\/\/www.geolegadodeallankardec.com.br\/es\/#website","url":"https:\/\/www.geolegadodeallankardec.com.br\/es\/","name":"Groupe d&#039;\u00e9tude L&#039;h\u00e9ritage d&#039;Allan Kardec","description":"Groupe d&#039;\u00e9tude visant \u00e0 approfondir l&#039;\u00e9tude du spiritisme","potentialAction":[{"@type":"SearchAction","target":{"@type":"EntryPoint","urlTemplate":"https:\/\/www.geolegadodeallankardec.com.br\/es\/?s={search_term_string}"},"query-input":{"@type":"PropertyValueSpecification","valueRequired":true,"valueName":"search_term_string"}}],"inLanguage":"fr-FR"}]}},"_links":{"self":[{"href":"https:\/\/www.geolegadodeallankardec.com.br\/fr\/wp-json\/wp\/v2\/pages\/1136","targetHints":{"allow":["GET"]}}],"collection":[{"href":"https:\/\/www.geolegadodeallankardec.com.br\/fr\/wp-json\/wp\/v2\/pages"}],"about":[{"href":"https:\/\/www.geolegadodeallankardec.com.br\/fr\/wp-json\/wp\/v2\/types\/page"}],"author":[{"embeddable":true,"href":"https:\/\/www.geolegadodeallankardec.com.br\/fr\/wp-json\/wp\/v2\/users\/12"}],"replies":[{"embeddable":true,"href":"https:\/\/www.geolegadodeallankardec.com.br\/fr\/wp-json\/wp\/v2\/comments?post=1136"}],"version-history":[{"count":3,"href":"https:\/\/www.geolegadodeallankardec.com.br\/fr\/wp-json\/wp\/v2\/pages\/1136\/revisions"}],"predecessor-version":[{"id":1432,"href":"https:\/\/www.geolegadodeallankardec.com.br\/fr\/wp-json\/wp\/v2\/pages\/1136\/revisions\/1432"}],"wp:attachment":[{"href":"https:\/\/www.geolegadodeallankardec.com.br\/fr\/wp-json\/wp\/v2\/media?parent=1136"}],"curies":[{"name":"wp","href":"https:\/\/api.w.org\/{rel}","templated":true}]}}