{"id":7054,"date":"2023-05-08T11:48:22","date_gmt":"2023-05-08T14:48:22","guid":{"rendered":"https:\/\/www.geolegadodeallankardec.com.br\/?page_id=7054"},"modified":"2023-05-08T11:48:28","modified_gmt":"2023-05-08T14:48:28","slug":"indicar-errores-en-articulos-o-paginas","status":"publish","type":"page","link":"https:\/\/www.geolegadodeallankardec.com.br\/es\/indicar-erros-em-artigos-ou-paginas\/","title":{"rendered":"Indicar errores en art\u00edculos o p\u00e1ginas"},"content":{"rendered":"<div class=\"pdfprnt-buttons pdfprnt-buttons-page pdfprnt-top-right\"><a href=\"https:\/\/www.geolegadodeallankardec.com.br\/es\/wp-json\/wp\/v2\/pages\/7054?print=pdf\" class=\"pdfprnt-button pdfprnt-button-pdf\" target=\"_blank\" ><img decoding=\"async\" data-src=\"https:\/\/www.geolegadodeallankardec.com.br\/wp-content\/plugins\/pdf-print\/images\/pdf.png\" alt=\"imagen_pdf\" title=\"Ver PDF\" src=\"data:image\/svg+xml;base64,PHN2ZyB3aWR0aD0iMSIgaGVpZ2h0PSIxIiB4bWxucz0iaHR0cDovL3d3dy53My5vcmcvMjAwMC9zdmciPjwvc3ZnPg==\" class=\"lazyload\" style=\"--smush-placeholder-width: 32px; --smush-placeholder-aspect-ratio: 32\/32;\" \/><\/a><a href=\"https:\/\/www.geolegadodeallankardec.com.br\/es\/wp-json\/wp\/v2\/pages\/7054?print=print\" class=\"pdfprnt-button pdfprnt-button-print\" target=\"_blank\" ><img decoding=\"async\" data-src=\"https:\/\/www.geolegadodeallankardec.com.br\/wp-content\/plugins\/pdf-print\/images\/print.png\" alt=\"imagen_impresi\u00f3n\" title=\"Imprimir contenido\" src=\"data:image\/svg+xml;base64,PHN2ZyB3aWR0aD0iMSIgaGVpZ2h0PSIxIiB4bWxucz0iaHR0cDovL3d3dy53My5vcmcvMjAwMC9zdmciPjwvc3ZnPg==\" class=\"lazyload\" style=\"--smush-placeholder-width: 32px; --smush-placeholder-aspect-ratio: 32\/32;\" \/><\/a><\/div>\n<p>Ingrese su nombre, direcci\u00f3n de correo electr\u00f3nico e informaci\u00f3n que nos ayudar\u00e1 a corregir errores o errores en los textos publicados en este sitio a continuaci\u00f3n:<\/p>\n\n\n\n<div class=\"forminator-guttenberg\"><div class=\"forminator-ui forminator-custom-form forminator-custom-form-7053 forminator-design--default  forminator_ajax\" data-forminator-render=\"0\" data-form=\"forminator-module-7053\" data-uid=\"69eb0a9e6c7df\"><br\/><\/div><form\n\t\t\t\tid=\"forminator-module-7053\"\n\t\t\t\tclass=\"forminator-ui forminator-custom-form forminator-custom-form-7053 forminator-design--default  forminator_ajax\"\n\t\t\t\tmethod=\"post\"\n\t\t\t\tdata-forminator-render=\"0\"\n\t\t\t\tdata-form-id=\"7053\"\n\t\t\t\tenctype=\"multipart\/form-data\" data-color-option=\"default\" data-design=\"default\" data-grid=\"open\" style=\"display: none;\"\n\t\t\t\tdata-uid=\"69eb0a9e6c7df\" action=\"\"\n\t\t\t><div role=\"alert\" aria-live=\"polite\" class=\"forminator-response-message forminator-error\" aria-hidden=\"true\"><\/div><div class=\"forminator-row\"><div id=\"name-1\" class=\"forminator-field-name forminator-col forminator-col-12\"><div class=\"forminator-field\"><label for=\"forminator-field-name-1_69eb0a9e6c7df\" id=\"forminator-field-name-1_69eb0a9e6c7df-label\" class=\"forminator-label\">Nombre <span class=\"forminator-required\">*<\/span><\/label><input type=\"text\" name=\"name-1\" value=\"\" placeholder=\"\" id=\"forminator-field-name-1_69eb0a9e6c7df\" class=\"forminator-input forminator-name--field\" aria-required=\"true\" autocomplete=\"name\" \/><\/div><\/div><\/div><div class=\"forminator-row\"><div id=\"email-1\" class=\"forminator-field-email forminator-col forminator-col-12\"><div class=\"forminator-field\"><label for=\"forminator-field-email-1_69eb0a9e6c7df\" id=\"forminator-field-email-1_69eb0a9e6c7df-label\" class=\"forminator-label\">Direcci\u00f3n de correo electr\u00f3nico <span class=\"forminator-required\">*<\/span><\/label><input type=\"email\" name=\"email-1\" value=\"\" placeholder=\"Ex john@doe.com\" id=\"forminator-field-email-1_69eb0a9e6c7df\" class=\"forminator-input forminator-email--field\" data-required=\"1\" aria-required=\"true\" autocomplete=\"email\" \/><\/div><\/div><\/div><div class=\"forminator-row\"><div id=\"text-1\" class=\"forminator-field-text forminator-col forminator-col-12\"><div class=\"forminator-field\"><label for=\"forminator-field-text-1_69eb0a9e6c7df\" id=\"forminator-field-text-1_69eb0a9e6c7df-label\" class=\"forminator-label\">T\u00edtulo del art\u00edculo o p\u00e1gina <span class=\"forminator-required\">*<\/span><\/label><input type=\"text\" name=\"text-1\" value=\"\" placeholder=\"Ex. &quot;\u00bfEl Espiritismo es Ciencia o Religi\u00f3n?&quot;\" id=\"forminator-field-text-1_69eb0a9e6c7df\" class=\"forminator-input forminator-name--field\" data-required=\"1\" \/><\/div><\/div><\/div><div class=\"forminator-row\"><div id=\"textarea-1\" class=\"forminator-field-textarea forminator-col forminator-col-12\"><div class=\"forminator-field\"><label for=\"forminator-field-textarea-1_69eb0a9e6c7df\" id=\"forminator-field-textarea-1_69eb0a9e6c7df-label\" class=\"forminator-label\">Indique el error o error encontrado, o env\u00ede una captura de pantalla, a continuaci\u00f3n <span class=\"forminator-required\">*<\/span><\/label><textarea name=\"textarea-1\" placeholder=\"De ser posible, copie aqu\u00ed el extracto del texto original, e indique su probable correcci\u00f3n.\" id=\"forminator-field-textarea-1_69eb0a9e6c7df\" class=\"forminator-textarea\" rows=\"6\" style=\"--forminator-textarea-min-height:140px;\" ><\/textarea><\/div><\/div><\/div><div class=\"forminator-row\"><div id=\"upload-1\" class=\"forminator-field-upload forminator-col forminator-col-12\"><div class=\"forminator-field\"><label for=\"forminator-field-upload-1_69eb0a9e6c7df\" id=\"forminator-field-upload-1_69eb0a9e6c7df-label\" class=\"forminator-label\">Enviar archivo<\/label><div class=\"forminator-file-upload\" data-element=\"upload-1_69eb0a9e6c7df\"><input type=\"file\" name=\"upload-1\" id=\"forminator-field-upload-1_69eb0a9e6c7df\" class=\"forminator-input-file\" accept=\".jpg,.jpeg,.jpe,.png,.webp,.woff,.redux\" tabindex=\"-1\"><button id=\"forminator-field-upload-1_69eb0a9e6c7df_button\" class=\"forminator-button forminator-button-upload\" data-id=\"forminator-field-upload-1_69eb0a9e6c7df\">Seleccionar archivo<\/button><span data-empty-text=\"Ning\u00fan archivo seleccionado\">Nadie seleccion\u00f3 el archivo<\/span><button class=\"forminator-button-delete\" style=\"display: none;\"><i class=\"forminator-icon-close\" aria-hidden=\"true\"><\/i><span class=\"forminator-screen-reader-only\">Eliminar el archivo cargado<\/span><\/button><\/div><\/div><\/div><\/div><div class=\"forminator-row\"><div id=\"radio-1\" class=\"forminator-field-radio forminator-col forminator-col-12\"><div role=\"radiogroup\" class=\"forminator-field\" aria-labelledby=\"forminator-radiogroup-radio-1-69eb0a9e6c7df-label\" aria-describedby=\"forminator-radiogroup-radio-1-69eb0a9e6c7df-description\"><span id=\"forminator-radiogroup-radio-1-69eb0a9e6c7df-label\" class=\"forminator-label\">\u00bfTe gustar\u00eda ayudarnos revisando textos en los idiomas que hablas? <span class=\"forminator-required\">*<\/span><\/span><label id=\"forminator-field-radio-1-label-1\" for=\"forminator-field-radio-1-1-69eb0a9e6c7df\" class=\"forminator-radio\" title=\"S\u00ed, me gustar\u00eda\"><input type=\"radio\" name=\"radio-1\" value=\"one\" id=\"forminator-field-radio-1-1-69eb0a9e6c7df\" aria-labelledby=\"forminator-field-radio-1-label-1\" data-calculation=\"0\"   data-hidden-behavior=\"zero\" aria-describedby=\"forminator-field-radio-1-69eb0a9e6c7df-description\"\/><span class=\"forminator-radio-bullet\" aria-hidden=\"true\"><\/span><span class=\"forminator-radio-label\">S\u00ed, me gustar\u00eda<\/span><\/label><label id=\"forminator-field-radio-1-label-2\" for=\"forminator-field-radio-1-2-69eb0a9e6c7df\" class=\"forminator-radio\" title=\"Desafortunadamente no puedo\"><input type=\"radio\" name=\"radio-1\" value=\"two\" id=\"forminator-field-radio-1-2-69eb0a9e6c7df\" aria-labelledby=\"forminator-field-radio-1-label-2\" data-calculation=\"0\"   data-hidden-behavior=\"zero\" aria-describedby=\"forminator-field-radio-1-69eb0a9e6c7df-description\"\/><span class=\"forminator-radio-bullet\" aria-hidden=\"true\"><\/span><span class=\"forminator-radio-label\">Desafortunadamente no puedo<\/span><\/label><span id=\"forminator-radiogroup-radio-1-69eb0a9e6c7df-description\" class=\"forminator-description\">En caso afirmativo, nos pondremos en contacto con usted y le daremos instrucciones sobre c\u00f3mo hacerlo. De esta manera, puedes ayudarnos mientras haces tus lecturas.<\/span><\/div><\/div><\/div><div class=\"forminator-row\"><div id=\"phone-1\" class=\"forminator-field-phone forminator-col forminator-col-12\"><div class=\"forminator-field\"><label for=\"forminator-field-phone-1_69eb0a9e6c7df\" id=\"forminator-field-phone-1_69eb0a9e6c7df-label\" class=\"forminator-label\">Tel\u00e9fono<\/label><input type=\"text\" name=\"phone-1\" value=\"\" placeholder=\"Ej. +1 300 400 5000\" id=\"forminator-field-phone-1_69eb0a9e6c7df\" class=\"forminator-input forminator-field--phone\" data-required=\"\" aria-required=\"false\" autocomplete=\"off\" data-national_mode=\"disabled\" data-country=\"br\" data-validation=\"international\" aria-describedby=\"forminator-field-phone-1_69eb0a9e6c7df-description\" \/><span id=\"forminator-field-phone-1_69eb0a9e6c7df-description\" class=\"forminator-description\">Si es posible, proporcione su n\u00famero de WhatsApp, para que podamos contactarlo m\u00e1s f\u00e1cilmente.<\/span><\/div><\/div><\/div><div class=\"forminator-row\"><div id=\"consent-1\" class=\"forminator-field-consent forminator-col forminator-col-12\"><div class=\"forminator-field\"><label for=\"forminator-field-consent-1_69eb0a9e6c7df\" id=\"forminator-field-consent-1_69eb0a9e6c7df-label\" class=\"forminator-label\">consentir<\/label><div class=\"forminator-checkbox__wrapper\"><label id=\"forminator-field-consent-1_69eb0a9e6c7df__label\" class=\"forminator-checkbox forminator-consent\"><input type=\"checkbox\" name=\"consent-1\" id=\"forminator-field-consent-1_69eb0a9e6c7df\" value=\"checked\" aria-labelledby=\"forminator-field-consent-1_69eb0a9e6c7df-label\" aria-describedby=\"forminator-field-consent-1_69eb0a9e6c7df__description\" data-required=\"false\" aria-required=\"false\" \/><span class=\"forminator-checkbox-box\" aria-hidden=\"true\"><\/span><\/label><div id=\"forminator-field-consent-1_69eb0a9e6c7df__description\" class=\"forminator-checkbox__label forminator-consent__label\"><p>si, estoy de acuerdo con el <a rel=\"noopener\" href=\"#\">pol\u00edticas de privacidad<\/a> y <a rel=\"noopener\" href=\"#\">t\u00e9rminos y Condiciones<\/a>.<\/p><\/div><\/div><\/div><\/div><\/div><div class=\"forminator-row\"><div id=\"captcha-1\" class=\"forminator-field-captcha forminator-col forminator-col-12\"><div class=\"forminator-captcha-left forminator-g-recaptcha\" data-theme=\"light\"  data-sitekey=\"6LcB8yAcAAAAAGEosDEOt3qJYORCW9AkuOb7_oAW\" data-size=\"normal\"><\/div> <\/div><\/div><input type=\"hidden\" name=\"referer_url\" value=\"\" \/><div class=\"forminator-row forminator-row-last\"><div class=\"forminator-col\"><div class=\"forminator-field\"><button class=\"forminator-button forminator-button-submit\">Enviar mensaje<\/button><\/div><\/div><\/div><input type=\"hidden\" id=\"forminator_nonce\" name=\"forminator_nonce\" value=\"a37da62bc9\" \/><input type=\"hidden\" name=\"_wp_http_referer\" value=\"\/es\/wp-json\/wp\/v2\/pages\/7054\" \/><input type=\"hidden\" name=\"form_id\" value=\"7053\"><input type=\"hidden\" name=\"page_id\" value=\"7054\"><input type=\"hidden\" name=\"form_type\" value=\"default\"><input type=\"hidden\" name=\"current_url\" value=\"https:\/\/www.geolegadodeallankardec.com.br\/es\/indicar-erros-em-artigos-ou-paginas\/\"><input type=\"hidden\" name=\"render_id\" value=\"0\"><input type=\"hidden\" name=\"action\" value=\"forminator_submit_form_custom-forms\"><input type=\"hidden\" name=\"trp-form-language\" value=\"es\"\/><\/form><\/div>","protected":false},"excerpt":{"rendered":"<p>Ingrese su nombre, direcci\u00f3n de correo electr\u00f3nico e informaci\u00f3n que nos ayudar\u00e1 a corregir errores o errores en los textos publicados en este sitio a continuaci\u00f3n:<\/p>","protected":false},"author":12,"featured_media":0,"parent":0,"menu_order":0,"comment_status":"closed","ping_status":"closed","template":"","meta":{"footnotes":""},"class_list":["post-7054","page","type-page","status-publish","hentry"],"yoast_head":"<!-- This site is optimized with the Yoast SEO Premium plugin v21.1 (Yoast SEO v27.2) - https:\/\/yoast.com\/product\/yoast-seo-premium-wordpress\/ -->\n<title>Indicar erros em artigos ou p\u00e1ginas - Grupo de Estudos O Legado de Allan Kardec<\/title>\n<meta name=\"robots\" content=\"index, follow, max-snippet:-1, max-image-preview:large, max-video-preview:-1\" \/>\n<link rel=\"canonical\" href=\"https:\/\/www.geolegadodeallankardec.com.br\/es\/indicar-errores-en-articulos-o-paginas\/\" \/>\n<meta property=\"og:locale\" content=\"es_ES\" \/>\n<meta property=\"og:type\" content=\"article\" \/>\n<meta property=\"og:title\" content=\"Indicar erros em artigos ou p\u00e1ginas\" \/>\n<meta property=\"og:description\" content=\"Informe abaixo seu nome, seu e-mail e as informa\u00e7\u00f5es que nos ajudem a corrigir erros ou enganos em textos publicados neste site:\" \/>\n<meta property=\"og:url\" content=\"https:\/\/www.geolegadodeallankardec.com.br\/es\/indicar-errores-en-articulos-o-paginas\/\" \/>\n<meta property=\"og:site_name\" content=\"Grupo de Estudos O Legado de Allan Kardec\" \/>\n<meta property=\"article:modified_time\" content=\"2023-05-08T14:48:28+00:00\" \/>\n<meta name=\"twitter:card\" content=\"summary_large_image\" \/>\n<script type=\"application\/ld+json\" class=\"yoast-schema-graph\">{\"@context\":\"https:\/\/schema.org\",\"@graph\":[{\"@type\":\"WebPage\",\"@id\":\"https:\/\/www.geolegadodeallankardec.com.br\/indicar-erros-em-artigos-ou-paginas\/\",\"url\":\"https:\/\/www.geolegadodeallankardec.com.br\/indicar-erros-em-artigos-ou-paginas\/\",\"name\":\"Indicar erros em artigos ou p\u00e1ginas - Grupo de Estudos O Legado de Allan Kardec\",\"isPartOf\":{\"@id\":\"https:\/\/www.geolegadodeallankardec.com.br\/es\/#website\"},\"datePublished\":\"2023-05-08T14:48:22+00:00\",\"dateModified\":\"2023-05-08T14:48:28+00:00\",\"breadcrumb\":{\"@id\":\"https:\/\/www.geolegadodeallankardec.com.br\/indicar-erros-em-artigos-ou-paginas\/#breadcrumb\"},\"inLanguage\":\"es\",\"potentialAction\":[{\"@type\":\"ReadAction\",\"target\":[\"https:\/\/www.geolegadodeallankardec.com.br\/indicar-erros-em-artigos-ou-paginas\/\"]}]},{\"@type\":\"BreadcrumbList\",\"@id\":\"https:\/\/www.geolegadodeallankardec.com.br\/indicar-erros-em-artigos-ou-paginas\/#breadcrumb\",\"itemListElement\":[{\"@type\":\"ListItem\",\"position\":1,\"name\":\"In\u00edcio\",\"item\":\"https:\/\/www.geolegadodeallankardec.com.br\/\"},{\"@type\":\"ListItem\",\"position\":2,\"name\":\"Indicar erros em artigos ou p\u00e1ginas\"}]},{\"@type\":\"WebSite\",\"@id\":\"https:\/\/www.geolegadodeallankardec.com.br\/es\/#website\",\"url\":\"https:\/\/www.geolegadodeallankardec.com.br\/es\/\",\"name\":\"Grupo de Estudos O Legado de Allan Kardec\",\"description\":\"Grupo de Estudos voltado ao aprofundamento do estudo do Espiritismo\",\"potentialAction\":[{\"@type\":\"SearchAction\",\"target\":{\"@type\":\"EntryPoint\",\"urlTemplate\":\"https:\/\/www.geolegadodeallankardec.com.br\/es\/?s={search_term_string}\"},\"query-input\":{\"@type\":\"PropertyValueSpecification\",\"valueRequired\":true,\"valueName\":\"search_term_string\"}}],\"inLanguage\":\"es\"}]}<\/script>\n<!-- \/ Yoast SEO Premium plugin. -->","yoast_head_json":{"title":"Se\u00f1alar errores en art\u00edculos o p\u00e1ginas - Grupo de Estudio sobre el Legado de Allan Kardec","robots":{"index":"index","follow":"follow","max-snippet":"max-snippet:-1","max-image-preview":"max-image-preview:large","max-video-preview":"max-video-preview:-1"},"canonical":"https:\/\/www.geolegadodeallankardec.com.br\/es\/indicar-errores-en-articulos-o-paginas\/","og_locale":"es_ES","og_type":"article","og_title":"Indicar erros em artigos ou p\u00e1ginas","og_description":"Informe abaixo seu nome, seu e-mail e as informa\u00e7\u00f5es que nos ajudem a corrigir erros ou enganos em textos publicados neste site:","og_url":"https:\/\/www.geolegadodeallankardec.com.br\/es\/indicar-errores-en-articulos-o-paginas\/","og_site_name":"Grupo de Estudos O Legado de Allan Kardec","article_modified_time":"2023-05-08T14:48:28+00:00","twitter_card":"summary_large_image","schema":{"@context":"https:\/\/schema.org","@graph":[{"@type":"WebPage","@id":"https:\/\/www.geolegadodeallankardec.com.br\/indicar-erros-em-artigos-ou-paginas\/","url":"https:\/\/www.geolegadodeallankardec.com.br\/indicar-erros-em-artigos-ou-paginas\/","name":"Se\u00f1alar errores en art\u00edculos o p\u00e1ginas - Grupo de Estudio sobre el Legado de Allan Kardec","isPartOf":{"@id":"https:\/\/www.geolegadodeallankardec.com.br\/es\/#website"},"datePublished":"2023-05-08T14:48:22+00:00","dateModified":"2023-05-08T14:48:28+00:00","breadcrumb":{"@id":"https:\/\/www.geolegadodeallankardec.com.br\/indicar-erros-em-artigos-ou-paginas\/#breadcrumb"},"inLanguage":"es","potentialAction":[{"@type":"ReadAction","target":["https:\/\/www.geolegadodeallankardec.com.br\/indicar-erros-em-artigos-ou-paginas\/"]}]},{"@type":"BreadcrumbList","@id":"https:\/\/www.geolegadodeallankardec.com.br\/indicar-erros-em-artigos-ou-paginas\/#breadcrumb","itemListElement":[{"@type":"ListItem","position":1,"name":"In\u00edcio","item":"https:\/\/www.geolegadodeallankardec.com.br\/"},{"@type":"ListItem","position":2,"name":"Indicar erros em artigos ou p\u00e1ginas"}]},{"@type":"WebSite","@id":"https:\/\/www.geolegadodeallankardec.com.br\/es\/#website","url":"https:\/\/www.geolegadodeallankardec.com.br\/es\/","name":"Grupo de Estudio El Legado de Allan Kardec","description":"Grupo de Estudio destinado a profundizar el estudio del Espiritismo","potentialAction":[{"@type":"SearchAction","target":{"@type":"EntryPoint","urlTemplate":"https:\/\/www.geolegadodeallankardec.com.br\/es\/?s={search_term_string}"},"query-input":{"@type":"PropertyValueSpecification","valueRequired":true,"valueName":"search_term_string"}}],"inLanguage":"es"}]}},"_links":{"self":[{"href":"https:\/\/www.geolegadodeallankardec.com.br\/es\/wp-json\/wp\/v2\/pages\/7054","targetHints":{"allow":["GET"]}}],"collection":[{"href":"https:\/\/www.geolegadodeallankardec.com.br\/es\/wp-json\/wp\/v2\/pages"}],"about":[{"href":"https:\/\/www.geolegadodeallankardec.com.br\/es\/wp-json\/wp\/v2\/types\/page"}],"author":[{"embeddable":true,"href":"https:\/\/www.geolegadodeallankardec.com.br\/es\/wp-json\/wp\/v2\/users\/12"}],"replies":[{"embeddable":true,"href":"https:\/\/www.geolegadodeallankardec.com.br\/es\/wp-json\/wp\/v2\/comments?post=7054"}],"version-history":[{"count":1,"href":"https:\/\/www.geolegadodeallankardec.com.br\/es\/wp-json\/wp\/v2\/pages\/7054\/revisions"}],"predecessor-version":[{"id":7055,"href":"https:\/\/www.geolegadodeallankardec.com.br\/es\/wp-json\/wp\/v2\/pages\/7054\/revisions\/7055"}],"wp:attachment":[{"href":"https:\/\/www.geolegadodeallankardec.com.br\/es\/wp-json\/wp\/v2\/media?parent=7054"}],"curies":[{"name":"gracias","href":"https:\/\/api.w.org\/{rel}","templated":true}]}}