{"id":589,"date":"2021-08-26T10:13:40","date_gmt":"2021-08-26T13:13:40","guid":{"rendered":"https:\/\/geolegadodeallankardec.com.br\/?page_id=589"},"modified":"2023-09-13T09:44:33","modified_gmt":"2023-09-13T12:44:33","slug":"informacion-del-grupo","status":"publish","type":"page","link":"https:\/\/www.geolegadodeallankardec.com.br\/es\/informacoes-do-grupo\/","title":{"rendered":"Informaci\u00f3n del grupo"},"content":{"rendered":"<div class=\"pdfprnt-buttons pdfprnt-buttons-page pdfprnt-top-right\"><a href=\"https:\/\/www.geolegadodeallankardec.com.br\/es\/wp-json\/wp\/v2\/pages\/589?print=pdf\" class=\"pdfprnt-button pdfprnt-button-pdf\" target=\"_blank\" ><img decoding=\"async\" data-src=\"https:\/\/www.geolegadodeallankardec.com.br\/wp-content\/plugins\/pdf-print\/images\/pdf.png\" alt=\"imagen_pdf\" title=\"Ver PDF\" src=\"data:image\/svg+xml;base64,PHN2ZyB3aWR0aD0iMSIgaGVpZ2h0PSIxIiB4bWxucz0iaHR0cDovL3d3dy53My5vcmcvMjAwMC9zdmciPjwvc3ZnPg==\" class=\"lazyload\" style=\"--smush-placeholder-width: 32px; --smush-placeholder-aspect-ratio: 32\/32;\" \/><\/a><a href=\"https:\/\/www.geolegadodeallankardec.com.br\/es\/wp-json\/wp\/v2\/pages\/589?print=print\" class=\"pdfprnt-button pdfprnt-button-print\" target=\"_blank\" ><img decoding=\"async\" data-src=\"https:\/\/www.geolegadodeallankardec.com.br\/wp-content\/plugins\/pdf-print\/images\/print.png\" alt=\"imagen_impresi\u00f3n\" title=\"Imprimir contenido\" src=\"data:image\/svg+xml;base64,PHN2ZyB3aWR0aD0iMSIgaGVpZ2h0PSIxIiB4bWxucz0iaHR0cDovL3d3dy53My5vcmcvMjAwMC9zdmciPjwvc3ZnPg==\" class=\"lazyload\" style=\"--smush-placeholder-width: 32px; --smush-placeholder-aspect-ratio: 32\/32;\" \/><\/a><\/div><p class=\"has-normal-font-size\">Para comprender mejor los prop\u00f3sitos de este grupo, lea la p\u00e1gina\u00a0<strong>&quot;<a href=\"https:\/\/www.geolegadodeallankardec.com.br\/es\/proposito-de-grupo\/\">prop\u00f3sito del grupo<\/a>&quot;, con cuidado<\/strong>. Descubre nuestro \u201c<a href=\"https:\/\/www.geolegadodeallankardec.com.br\/es\/regimiento\/\"><strong>regimiento<\/strong><\/a>&quot; y los &quot;<strong><a href=\"https:\/\/www.geolegadodeallankardec.com.br\/es\/primeros-pasos\/\">Primeros pasos<\/a><\/strong>Recomendado.<\/p>\n<p>Como grupo de estudio, necesitamos construir sobre algo. Para eso, optamos por seguir los estudios a trav\u00e9s de la Revista Esp\u00edrita, en orden cronol\u00f3gico, lo que nos dar\u00e1 base para muchas profundizaciones. Este estudio producir\u00e1:<\/p>\n<ul>\n<li>videos, para ser publicados en nuestro\u00a0<a href=\"https:\/\/www.youtube.com\/channel\/UCrsXr9UwsZ4G41jGpV48hKA\"><strong>canal de Youtube<\/strong><\/a><\/li>\n<li>art\u00edculos, para ser publicados en este sitio<\/li>\n<li>se pueden utilizar otros medios, como nuestro\u00a0<a href=\"https:\/\/www.facebook.com\/groups\/geolegadodeak\"><strong>Grupo<\/strong><\/a>\u00a0es nuestra\u00a0<strong><a href=\"https:\/\/www.facebook.com\/geolegadodeak\">P\u00e1gina<\/a><\/strong>, ambos en Facebook.<\/li>\n<\/ul>\n<p class=\"has-normal-font-size\">En cuanto a la organizaci\u00f3n de este grupo y el deseo de hacerlo multiplicar por todas partes, le pedimos que lea atentamente el contenido de la \u201c<strong><a href=\"https:\/\/www.geolegadodeallankardec.com.br\/es\/folleto-de-recomendaciones\/\">folleto de recomendaciones<\/a><\/strong>\u201d y p\u00e1gina \u201c<strong><a href=\"https:\/\/www.geolegadodeallankardec.com.br\/es\/como-crear-tu-grupo\/\">como crear tu grupo<\/a><\/strong>\u201c.<\/p>\n<p>Finalmente, tenemos en \u201c<strong><a href=\"https:\/\/www.geolegadodeallankardec.com.br\/es\/forum-2\/\" target=\"_blank\" rel=\"noreferrer noopener\" data-type=\"URL\" data-id=\"https:\/\/geolegadodeallankardec.com.br\/forum-2\/\">foro<\/a><\/strong>\u201d el \u00e1rea donde los miembros pueden interactuar con respecto a discusiones internas y p\u00fablicas; en &quot;<strong><a href=\"https:\/\/www.geolegadodeallankardec.com.br\/es\/ultimos-videos\/\" data-type=\"URL\" data-id=\"https:\/\/geolegadodeallankardec.com.br\/ultimos-videos\/\">\u00faltimos vid\u00e9os<\/a><\/strong>\u201d tenemos la lista de los \u00faltimos contenidos de Youtube, producidos por este grupo y, en \u201c<strong><a href=\"https:\/\/www.geolegadodeallankardec.com.br\/es\/articulos-2\/\" target=\"_blank\" rel=\"noreferrer noopener\" data-type=\"URL\" data-id=\"https:\/\/geolegadodeallankardec.com.br\/artigos\/\">art\u00edculos<\/a><\/strong>\u201c, tenemos una secci\u00f3n dedicada a la publicaci\u00f3n de art\u00edculos sobre temas relevantes para este colectivo.<\/p>\n<p>Los miembros que ser\u00e1n aceptados en este grupo ser\u00e1n investigados cuidadosamente acerca de sus intenciones. Si cree que puede agregar a este grupo, o si simplemente desea seguir el contenido y las reuniones como &quot;principiante&quot;,\u00a0<a href=\"https:\/\/www.geolegadodeallankardec.com.br\/es\/como-unirse-a-este-grupo\/\"><strong>Haga clic aqu\u00ed<\/strong><\/a>. \u00a1Estaremos muy felices de tenerte con nosotros!<\/p>","protected":false},"excerpt":{"rendered":"<p>Para bem compreender os prop\u00f3sitos deste grupo, leia a p\u00e1gina\u00a0\u201cprop\u00f3sito do grupo\u201c, com muita aten\u00e7\u00e3o. Conhe\u00e7a o nosso \u201cregimento\u201d e os \u201cprimeiros passos\u201d recomendados. Como grupo de estudos, precisamos nos basear em algo. Para isso, escolhemos seguir os estudos atrav\u00e9s da Revista Esp\u00edrita, em ordem cronol\u00f3gica, o que nos dar\u00e1 base para muitos aprofundamentos. Esse [&hellip;]<\/p>\n","protected":false},"author":12,"featured_media":0,"parent":0,"menu_order":0,"comment_status":"closed","ping_status":"closed","template":"","meta":{"footnotes":""},"class_list":["post-589","page","type-page","status-publish","hentry"],"yoast_head":"<!-- This site is optimized with the Yoast SEO Premium plugin v21.1 (Yoast SEO v27.2) - https:\/\/yoast.com\/product\/yoast-seo-premium-wordpress\/ -->\n<title>Informa\u00e7\u00f5es do Grupo - Grupo de Estudos O Legado de Allan Kardec<\/title>\n<meta name=\"robots\" content=\"index, follow, max-snippet:-1, max-image-preview:large, max-video-preview:-1\" \/>\n<link rel=\"canonical\" href=\"https:\/\/www.geolegadodeallankardec.com.br\/es\/informacion-del-grupo\/\" \/>\n<meta property=\"og:locale\" content=\"es_ES\" \/>\n<meta property=\"og:type\" content=\"article\" \/>\n<meta property=\"og:title\" content=\"Informa\u00e7\u00f5es do Grupo\" \/>\n<meta property=\"og:description\" content=\"Para bem compreender os prop\u00f3sitos deste grupo, leia a p\u00e1gina\u00a0\u201cprop\u00f3sito do grupo\u201c, com muita aten\u00e7\u00e3o. Conhe\u00e7a o nosso \u201cregimento\u201d e os \u201cprimeiros passos\u201d recomendados. Como grupo de estudos, precisamos nos basear em algo. Para isso, escolhemos seguir os estudos atrav\u00e9s da Revista Esp\u00edrita, em ordem cronol\u00f3gica, o que nos dar\u00e1 base para muitos aprofundamentos. Esse [&hellip;]\" \/>\n<meta property=\"og:url\" content=\"https:\/\/www.geolegadodeallankardec.com.br\/es\/informacion-del-grupo\/\" \/>\n<meta property=\"og:site_name\" content=\"Grupo de Estudos O Legado de Allan Kardec\" \/>\n<meta property=\"article:modified_time\" content=\"2023-09-13T12:44:33+00:00\" \/>\n<meta name=\"twitter:card\" content=\"summary_large_image\" \/>\n<meta name=\"twitter:label1\" content=\"Tiempo de lectura\" \/>\n\t<meta name=\"twitter:data1\" content=\"1 minuto\" \/>\n<script type=\"application\/ld+json\" class=\"yoast-schema-graph\">{\"@context\":\"https:\/\/schema.org\",\"@graph\":[{\"@type\":\"WebPage\",\"@id\":\"https:\/\/www.geolegadodeallankardec.com.br\/informacoes-do-grupo\/\",\"url\":\"https:\/\/www.geolegadodeallankardec.com.br\/informacoes-do-grupo\/\",\"name\":\"Informa\u00e7\u00f5es do Grupo - Grupo de Estudos O Legado de Allan Kardec\",\"isPartOf\":{\"@id\":\"https:\/\/www.geolegadodeallankardec.com.br\/es\/#website\"},\"datePublished\":\"2021-08-26T13:13:40+00:00\",\"dateModified\":\"2023-09-13T12:44:33+00:00\",\"breadcrumb\":{\"@id\":\"https:\/\/www.geolegadodeallankardec.com.br\/informacoes-do-grupo\/#breadcrumb\"},\"inLanguage\":\"es\",\"potentialAction\":[{\"@type\":\"ReadAction\",\"target\":[\"https:\/\/www.geolegadodeallankardec.com.br\/informacoes-do-grupo\/\"]}]},{\"@type\":\"BreadcrumbList\",\"@id\":\"https:\/\/www.geolegadodeallankardec.com.br\/informacoes-do-grupo\/#breadcrumb\",\"itemListElement\":[{\"@type\":\"ListItem\",\"position\":1,\"name\":\"In\u00edcio\",\"item\":\"https:\/\/www.geolegadodeallankardec.com.br\/\"},{\"@type\":\"ListItem\",\"position\":2,\"name\":\"Informa\u00e7\u00f5es do Grupo\"}]},{\"@type\":\"WebSite\",\"@id\":\"https:\/\/www.geolegadodeallankardec.com.br\/es\/#website\",\"url\":\"https:\/\/www.geolegadodeallankardec.com.br\/es\/\",\"name\":\"Grupo de Estudos O Legado de Allan Kardec\",\"description\":\"Grupo de Estudos voltado ao aprofundamento do estudo do Espiritismo\",\"potentialAction\":[{\"@type\":\"SearchAction\",\"target\":{\"@type\":\"EntryPoint\",\"urlTemplate\":\"https:\/\/www.geolegadodeallankardec.com.br\/es\/?s={search_term_string}\"},\"query-input\":{\"@type\":\"PropertyValueSpecification\",\"valueRequired\":true,\"valueName\":\"search_term_string\"}}],\"inLanguage\":\"es\"}]}<\/script>\n<!-- \/ Yoast SEO Premium plugin. -->","yoast_head_json":{"title":"Informaci\u00f3n del Grupo - Grupo de Estudio El Legado de Allan Kardec","robots":{"index":"index","follow":"follow","max-snippet":"max-snippet:-1","max-image-preview":"max-image-preview:large","max-video-preview":"max-video-preview:-1"},"canonical":"https:\/\/www.geolegadodeallankardec.com.br\/es\/informacion-del-grupo\/","og_locale":"es_ES","og_type":"article","og_title":"Informa\u00e7\u00f5es do Grupo","og_description":"Para bem compreender os prop\u00f3sitos deste grupo, leia a p\u00e1gina\u00a0\u201cprop\u00f3sito do grupo\u201c, com muita aten\u00e7\u00e3o. Conhe\u00e7a o nosso \u201cregimento\u201d e os \u201cprimeiros passos\u201d recomendados. Como grupo de estudos, precisamos nos basear em algo. Para isso, escolhemos seguir os estudos atrav\u00e9s da Revista Esp\u00edrita, em ordem cronol\u00f3gica, o que nos dar\u00e1 base para muitos aprofundamentos. Esse [&hellip;]","og_url":"https:\/\/www.geolegadodeallankardec.com.br\/es\/informacion-del-grupo\/","og_site_name":"Grupo de Estudos O Legado de Allan Kardec","article_modified_time":"2023-09-13T12:44:33+00:00","twitter_card":"summary_large_image","twitter_misc":{"Tiempo de lectura":"1 minuto"},"schema":{"@context":"https:\/\/schema.org","@graph":[{"@type":"WebPage","@id":"https:\/\/www.geolegadodeallankardec.com.br\/informacoes-do-grupo\/","url":"https:\/\/www.geolegadodeallankardec.com.br\/informacoes-do-grupo\/","name":"Informaci\u00f3n del Grupo - Grupo de Estudio El Legado de Allan Kardec","isPartOf":{"@id":"https:\/\/www.geolegadodeallankardec.com.br\/es\/#website"},"datePublished":"2021-08-26T13:13:40+00:00","dateModified":"2023-09-13T12:44:33+00:00","breadcrumb":{"@id":"https:\/\/www.geolegadodeallankardec.com.br\/informacoes-do-grupo\/#breadcrumb"},"inLanguage":"es","potentialAction":[{"@type":"ReadAction","target":["https:\/\/www.geolegadodeallankardec.com.br\/informacoes-do-grupo\/"]}]},{"@type":"BreadcrumbList","@id":"https:\/\/www.geolegadodeallankardec.com.br\/informacoes-do-grupo\/#breadcrumb","itemListElement":[{"@type":"ListItem","position":1,"name":"In\u00edcio","item":"https:\/\/www.geolegadodeallankardec.com.br\/"},{"@type":"ListItem","position":2,"name":"Informa\u00e7\u00f5es do Grupo"}]},{"@type":"WebSite","@id":"https:\/\/www.geolegadodeallankardec.com.br\/es\/#website","url":"https:\/\/www.geolegadodeallankardec.com.br\/es\/","name":"Grupo de Estudio El Legado de Allan Kardec","description":"Grupo de Estudio destinado a profundizar el estudio del Espiritismo","potentialAction":[{"@type":"SearchAction","target":{"@type":"EntryPoint","urlTemplate":"https:\/\/www.geolegadodeallankardec.com.br\/es\/?s={search_term_string}"},"query-input":{"@type":"PropertyValueSpecification","valueRequired":true,"valueName":"search_term_string"}}],"inLanguage":"es"}]}},"_links":{"self":[{"href":"https:\/\/www.geolegadodeallankardec.com.br\/es\/wp-json\/wp\/v2\/pages\/589","targetHints":{"allow":["GET"]}}],"collection":[{"href":"https:\/\/www.geolegadodeallankardec.com.br\/es\/wp-json\/wp\/v2\/pages"}],"about":[{"href":"https:\/\/www.geolegadodeallankardec.com.br\/es\/wp-json\/wp\/v2\/types\/page"}],"author":[{"embeddable":true,"href":"https:\/\/www.geolegadodeallankardec.com.br\/es\/wp-json\/wp\/v2\/users\/12"}],"replies":[{"embeddable":true,"href":"https:\/\/www.geolegadodeallankardec.com.br\/es\/wp-json\/wp\/v2\/comments?post=589"}],"version-history":[{"count":17,"href":"https:\/\/www.geolegadodeallankardec.com.br\/es\/wp-json\/wp\/v2\/pages\/589\/revisions"}],"predecessor-version":[{"id":7260,"href":"https:\/\/www.geolegadodeallankardec.com.br\/es\/wp-json\/wp\/v2\/pages\/589\/revisions\/7260"}],"wp:attachment":[{"href":"https:\/\/www.geolegadodeallankardec.com.br\/es\/wp-json\/wp\/v2\/media?parent=589"}],"curies":[{"name":"gracias","href":"https:\/\/api.w.org\/{rel}","templated":true}]}}