{"id":259,"date":"2021-08-24T15:38:53","date_gmt":"2021-08-24T18:38:53","guid":{"rendered":"https:\/\/geolegadodeallankardec.com.br\/?page_id=259"},"modified":"2023-10-30T10:03:11","modified_gmt":"2023-10-30T13:03:11","slug":"grupos-asociados","status":"publish","type":"page","link":"https:\/\/www.geolegadodeallankardec.com.br\/es\/grupos-parceiros\/","title":{"rendered":"Grupos de Estudio del Espiritismo"},"content":{"rendered":"<div class=\"pdfprnt-buttons pdfprnt-buttons-page pdfprnt-top-right\"><a href=\"https:\/\/www.geolegadodeallankardec.com.br\/es\/wp-json\/wp\/v2\/pages\/259?print=pdf\" class=\"pdfprnt-button pdfprnt-button-pdf\" target=\"_blank\" ><img decoding=\"async\" data-src=\"https:\/\/www.geolegadodeallankardec.com.br\/wp-content\/plugins\/pdf-print\/images\/pdf.png\" alt=\"imagen_pdf\" title=\"Ver PDF\" src=\"data:image\/svg+xml;base64,PHN2ZyB3aWR0aD0iMSIgaGVpZ2h0PSIxIiB4bWxucz0iaHR0cDovL3d3dy53My5vcmcvMjAwMC9zdmciPjwvc3ZnPg==\" class=\"lazyload\" style=\"--smush-placeholder-width: 32px; --smush-placeholder-aspect-ratio: 32\/32;\" \/><\/a><a href=\"https:\/\/www.geolegadodeallankardec.com.br\/es\/wp-json\/wp\/v2\/pages\/259?print=print\" class=\"pdfprnt-button pdfprnt-button-print\" target=\"_blank\" ><img decoding=\"async\" data-src=\"https:\/\/www.geolegadodeallankardec.com.br\/wp-content\/plugins\/pdf-print\/images\/print.png\" alt=\"imagen_impresi\u00f3n\" title=\"Imprimir contenido\" src=\"data:image\/svg+xml;base64,PHN2ZyB3aWR0aD0iMSIgaGVpZ2h0PSIxIiB4bWxucz0iaHR0cDovL3d3dy53My5vcmcvMjAwMC9zdmciPjwvc3ZnPg==\" class=\"lazyload\" style=\"--smush-placeholder-width: 32px; --smush-placeholder-aspect-ratio: 32\/32;\" \/><\/a><\/div>\n<p class=\"destaque\">Registra tu grupo tambi\u00e9n, ayudando a fortalecer esta red. <a href=\"https:\/\/www.geolegadodeallankardec.com.br\/es\/registro-de-grupos-socios\/\">Haga clic aqu\u00ed<\/a>.<\/p>\n\n\n\n<div class=\"wp-block-yoast-seo-table-of-contents yoast-table-of-contents\"><h2>\u00cdndice<\/h2><ul><li><a href=\"#h-neecc-nucleo-de-estudos-espiritas-casa-do-caminho-suica\" data-level=\"2\">NEECC \u2014 Centro de Estudios Esp\u00edritas Casa do Caminho \u2014 Suiza<\/a><\/li><li><a href=\"#h-nucleo-de-estudo-e-pesquisa-espirita-zilda-gama\" data-level=\"2\">Centro de Estudios e Investigaciones Esp\u00edritas Zilda Gama<\/a><\/li><\/ul><\/div>\n\n\n\n<hr class=\"wp-block-separator has-alpha-channel-opacity\"\/>\n\n\n\n<h2 class=\"wp-block-heading\" id=\"h-neecc-nucleo-de-estudos-espiritas-casa-do-caminho-suica\"><strong>NEECC \u2014 Centro de Estudios Esp\u00edritas Casa do Caminho<\/strong> \u2014 <strong>Suiza<\/strong><\/h2>\n\n\n\n<figure class=\"wp-block-image size-full\"><img fetchpriority=\"high\" decoding=\"async\" width=\"1000\" height=\"272\" src=\"https:\/\/www.geolegadodeallankardec.com.br\/wp-content\/uploads\/2023\/10\/image-3.png\" alt=\"\" class=\"wp-image-7974\" srcset=\"https:\/\/www.geolegadodeallankardec.com.br\/wp-content\/uploads\/2023\/10\/image-3.png 1000w, https:\/\/www.geolegadodeallankardec.com.br\/wp-content\/uploads\/2023\/10\/image-3-300x82.png 300w, https:\/\/www.geolegadodeallankardec.com.br\/wp-content\/uploads\/2023\/10\/image-3-768x209.png 768w, https:\/\/www.geolegadodeallankardec.com.br\/wp-content\/uploads\/2023\/10\/image-3-18x5.png 18w, https:\/\/www.geolegadodeallankardec.com.br\/wp-content\/uploads\/2023\/10\/image-3-370x101.png 370w\" sizes=\"(max-width: 1000px) 100vw, 1000px\" \/><\/figure>\n\n\n\n<div class=\"wp-block-columns is-layout-flex wp-container-core-columns-is-layout-9d6595d7 wp-block-columns-is-layout-flex\">\n<div class=\"wp-block-column is-layout-flow wp-block-column-is-layout-flow\">\n<p>Lunes:<br>G\u00e9nesis \u2013 milagros y predicciones seg\u00fan el Espiritismo.<br>Mi\u00e9rcoles:<br>Cielo e Infierno \u2013 O justicia divina seg\u00fan el Espiritismo.<br>Horarios.<br>CH \u2013 7pm \u2013 8:30pm<br>BR \u2013 15:00 \u2013 16:30<\/p>\n<\/div>\n\n\n\n<div class=\"wp-block-column is-layout-flow wp-block-column-is-layout-flow\">\n<p>Sitio:<br><a href=\"https:\/\/www.neecc.ch\/\" rel=\"noreferrer noopener\" target=\"_blank\">https:\/\/www.neecc.ch<\/a><br>YouTube:<br>NEECC \u2013 Biel\/Bienne<br>Facebook:<br>Casa del Camino Biel\/Bienne<br>NeeccBiel (perfil)<\/p>\n<\/div>\n<\/div>\n\n\n\n<h2 class=\"wp-block-heading\" id=\"h-nucleo-de-estudo-e-pesquisa-espirita-zilda-gama\">Centro de Estudios e Investigaciones Esp\u00edritas Zilda Gama<\/h2>\n\n\n<div class=\"wp-block-image\">\n<figure class=\"aligncenter size-full is-resized\"><img decoding=\"async\" width=\"960\" height=\"540\" data-src=\"https:\/\/www.geolegadodeallankardec.com.br\/wp-content\/uploads\/2023\/10\/image-4.png\" alt=\"\" class=\"wp-image-8005 lazyload\" style=\"--smush-placeholder-width: 960px; --smush-placeholder-aspect-ratio: 960\/540;aspect-ratio:1.7777777777777777;width:636px;height:auto\" data-srcset=\"https:\/\/www.geolegadodeallankardec.com.br\/wp-content\/uploads\/2023\/10\/image-4.png 960w, https:\/\/www.geolegadodeallankardec.com.br\/wp-content\/uploads\/2023\/10\/image-4-300x169.png 300w, https:\/\/www.geolegadodeallankardec.com.br\/wp-content\/uploads\/2023\/10\/image-4-768x432.png 768w, https:\/\/www.geolegadodeallankardec.com.br\/wp-content\/uploads\/2023\/10\/image-4-18x10.png 18w, https:\/\/www.geolegadodeallankardec.com.br\/wp-content\/uploads\/2023\/10\/image-4-370x208.png 370w\" data-sizes=\"(max-width: 960px) 100vw, 960px\" src=\"data:image\/svg+xml;base64,PHN2ZyB3aWR0aD0iMSIgaGVpZ2h0PSIxIiB4bWxucz0iaHR0cDovL3d3dy53My5vcmcvMjAwMC9zdmciPjwvc3ZnPg==\" \/><\/figure>\n<\/div>\n\n\n<div class=\"wp-block-columns is-layout-flex wp-container-core-columns-is-layout-9d6595d7 wp-block-columns-is-layout-flex\">\n<div class=\"wp-block-column is-layout-flow wp-block-column-is-layout-flow\">\n<p>Domingo \u2013 14 h \u2013 Estudio de la obra fundamental \u2013 \u201cel Evangelio seg\u00fan el Espiritismo\u201d<br>Martes \u2013 19:30 \u2013 Estudio de obras fundamentales \u2013 Por tema.<br>Mi\u00e9rcoles \u2013 19 h \u2013 Estudio de obras fundamentales \u2013 Por tema<br>S\u00e1bado \u2013 7pm \u2013 G\u00e9nesis \u2013 Original<br>S\u00e1bado \u2013 7pm \u2013 Cielo e Infierno \u2013 Original \u2013 NOTA: Cada s\u00e1bado es un libro para estudiar<\/p>\n<\/div>\n\n\n\n<div class=\"wp-block-column is-layout-flow wp-block-column-is-layout-flow\">\n<p>grupo de facebook: <a href=\"https:\/\/www.facebook.com\/groups\/264812334711945\">https:\/\/www.facebook.com\/groups\/264812334711945<\/a><\/p>\n\n\n\n<p>Contacto: <a href=\"mailto:cezgama@yahoo.com.br\">cezgama@yahoo.com.br<\/a><\/p>\n<\/div>\n<\/div>","protected":false},"excerpt":{"rendered":"<p>Cadastre o seu grupo tamb\u00e9m, ajudando a fortalecer essa rede. Clique aqui. NEECC \u2014 N\u00facleo de Estudos Esp\u00edritas Casa do Caminho \u2014 Su\u00ed\u00e7a Segundas:A G\u00eanese &#8211; os milagres e as predi\u00e7\u00f5es segundo o Espiritismo.Quartas:O C\u00e9u e o Inferno &#8211; Ou a justi\u00e7a divina segundo o Espiritismo.Hor\u00e1rios.CH &#8211; 19h &#8211; 20h30BR &#8211; 15h &#8211; 16h30 Site:https:\/\/www.neecc.chYouTube:NEECC [&hellip;]<\/p>\n","protected":false},"author":34,"featured_media":0,"parent":0,"menu_order":0,"comment_status":"closed","ping_status":"closed","template":"","meta":{"footnotes":""},"class_list":["post-259","page","type-page","status-publish","hentry"],"yoast_head":"<!-- This site is optimized with the Yoast SEO Premium plugin v21.1 (Yoast SEO v27.2) - https:\/\/yoast.com\/product\/yoast-seo-premium-wordpress\/ -->\n<title>Grupos de Estudos de Espiritismo - Grupo de Estudos O Legado de Allan Kardec<\/title>\n<meta name=\"description\" content=\"Aqui temos uma lista de Grupos de Estudos de Espiritismo, pelo Brasil e pelo mundo. A ideia \u00e9 fortalecer nossa rede de contatos.\" \/>\n<meta name=\"robots\" content=\"index, follow, max-snippet:-1, max-image-preview:large, max-video-preview:-1\" \/>\n<link rel=\"canonical\" href=\"https:\/\/www.geolegadodeallankardec.com.br\/es\/grupos-asociados\/\" \/>\n<meta property=\"og:locale\" content=\"es_ES\" \/>\n<meta property=\"og:type\" content=\"article\" \/>\n<meta property=\"og:title\" content=\"Grupos de Estudos de Espiritismo\" \/>\n<meta property=\"og:description\" content=\"Aqui temos uma lista de Grupos de Estudos de Espiritismo, pelo Brasil e pelo mundo. A ideia \u00e9 fortalecer nossa rede de contatos.\" \/>\n<meta property=\"og:url\" content=\"https:\/\/www.geolegadodeallankardec.com.br\/es\/grupos-asociados\/\" \/>\n<meta property=\"og:site_name\" content=\"Grupo de Estudos O Legado de Allan Kardec\" \/>\n<meta property=\"article:modified_time\" content=\"2023-10-30T13:03:11+00:00\" \/>\n<meta property=\"og:image\" content=\"https:\/\/www.geolegadodeallankardec.com.br\/wp-content\/uploads\/2023\/10\/image-3.png\" \/>\n<meta name=\"twitter:card\" content=\"summary_large_image\" \/>\n<meta name=\"twitter:label1\" content=\"Tiempo de lectura\" \/>\n\t<meta name=\"twitter:data1\" content=\"2 minutos\" \/>\n<script type=\"application\/ld+json\" class=\"yoast-schema-graph\">{\"@context\":\"https:\/\/schema.org\",\"@graph\":[{\"@type\":\"WebPage\",\"@id\":\"https:\/\/www.geolegadodeallankardec.com.br\/grupos-parceiros\/\",\"url\":\"https:\/\/www.geolegadodeallankardec.com.br\/grupos-parceiros\/\",\"name\":\"Grupos de Estudos de Espiritismo - Grupo de Estudos O Legado de Allan Kardec\",\"isPartOf\":{\"@id\":\"https:\/\/www.geolegadodeallankardec.com.br\/es\/#website\"},\"primaryImageOfPage\":{\"@id\":\"https:\/\/www.geolegadodeallankardec.com.br\/grupos-parceiros\/#primaryimage\"},\"image\":{\"@id\":\"https:\/\/www.geolegadodeallankardec.com.br\/grupos-parceiros\/#primaryimage\"},\"thumbnailUrl\":\"https:\/\/www.geolegadodeallankardec.com.br\/wp-content\/uploads\/2023\/10\/image-3.png\",\"datePublished\":\"2021-08-24T18:38:53+00:00\",\"dateModified\":\"2023-10-30T13:03:11+00:00\",\"description\":\"Aqui temos uma lista de Grupos de Estudos de Espiritismo, pelo Brasil e pelo mundo. A ideia \u00e9 fortalecer nossa rede de contatos.\",\"breadcrumb\":{\"@id\":\"https:\/\/www.geolegadodeallankardec.com.br\/grupos-parceiros\/#breadcrumb\"},\"inLanguage\":\"es\",\"potentialAction\":[{\"@type\":\"ReadAction\",\"target\":[\"https:\/\/www.geolegadodeallankardec.com.br\/grupos-parceiros\/\"]}],\"accessibilityFeature\":[\"tableOfContents\"]},{\"@type\":\"ImageObject\",\"inLanguage\":\"es\",\"@id\":\"https:\/\/www.geolegadodeallankardec.com.br\/grupos-parceiros\/#primaryimage\",\"url\":\"https:\/\/www.geolegadodeallankardec.com.br\/wp-content\/uploads\/2023\/10\/image-3.png\",\"contentUrl\":\"https:\/\/www.geolegadodeallankardec.com.br\/wp-content\/uploads\/2023\/10\/image-3.png\"},{\"@type\":\"BreadcrumbList\",\"@id\":\"https:\/\/www.geolegadodeallankardec.com.br\/grupos-parceiros\/#breadcrumb\",\"itemListElement\":[{\"@type\":\"ListItem\",\"position\":1,\"name\":\"In\u00edcio\",\"item\":\"https:\/\/www.geolegadodeallankardec.com.br\/\"},{\"@type\":\"ListItem\",\"position\":2,\"name\":\"Grupos de Estudos de Espiritismo\"}]},{\"@type\":\"WebSite\",\"@id\":\"https:\/\/www.geolegadodeallankardec.com.br\/es\/#website\",\"url\":\"https:\/\/www.geolegadodeallankardec.com.br\/es\/\",\"name\":\"Grupo de Estudos O Legado de Allan Kardec\",\"description\":\"Grupo de Estudos voltado ao aprofundamento do estudo do Espiritismo\",\"potentialAction\":[{\"@type\":\"SearchAction\",\"target\":{\"@type\":\"EntryPoint\",\"urlTemplate\":\"https:\/\/www.geolegadodeallankardec.com.br\/es\/?s={search_term_string}\"},\"query-input\":{\"@type\":\"PropertyValueSpecification\",\"valueRequired\":true,\"valueName\":\"search_term_string\"}}],\"inLanguage\":\"es\"}]}<\/script>\n<!-- \/ Yoast SEO Premium plugin. -->","yoast_head_json":{"title":"Grupos de Estudio sobre el Espiritismo - Grupo de Estudio El Legado de Allan Kardec","description":"Aqu\u00ed tenemos una lista de Grupos de Estudio del Espiritismo, en todo Brasil y en el mundo. La idea es fortalecer nuestra red de contactos.","robots":{"index":"index","follow":"follow","max-snippet":"max-snippet:-1","max-image-preview":"max-image-preview:large","max-video-preview":"max-video-preview:-1"},"canonical":"https:\/\/www.geolegadodeallankardec.com.br\/es\/grupos-asociados\/","og_locale":"es_ES","og_type":"article","og_title":"Grupos de Estudos de Espiritismo","og_description":"Aqui temos uma lista de Grupos de Estudos de Espiritismo, pelo Brasil e pelo mundo. A ideia \u00e9 fortalecer nossa rede de contatos.","og_url":"https:\/\/www.geolegadodeallankardec.com.br\/es\/grupos-asociados\/","og_site_name":"Grupo de Estudos O Legado de Allan Kardec","article_modified_time":"2023-10-30T13:03:11+00:00","og_image":[{"url":"https:\/\/www.geolegadodeallankardec.com.br\/wp-content\/uploads\/2023\/10\/image-3.png","type":"","width":"","height":""}],"twitter_card":"summary_large_image","twitter_misc":{"Tiempo de lectura":"2 minutos"},"schema":{"@context":"https:\/\/schema.org","@graph":[{"@type":"WebPage","@id":"https:\/\/www.geolegadodeallankardec.com.br\/grupos-parceiros\/","url":"https:\/\/www.geolegadodeallankardec.com.br\/grupos-parceiros\/","name":"Grupos de Estudio sobre el Espiritismo - Grupo de Estudio El Legado de Allan Kardec","isPartOf":{"@id":"https:\/\/www.geolegadodeallankardec.com.br\/es\/#website"},"primaryImageOfPage":{"@id":"https:\/\/www.geolegadodeallankardec.com.br\/grupos-parceiros\/#primaryimage"},"image":{"@id":"https:\/\/www.geolegadodeallankardec.com.br\/grupos-parceiros\/#primaryimage"},"thumbnailUrl":"https:\/\/www.geolegadodeallankardec.com.br\/wp-content\/uploads\/2023\/10\/image-3.png","datePublished":"2021-08-24T18:38:53+00:00","dateModified":"2023-10-30T13:03:11+00:00","description":"Aqu\u00ed tenemos una lista de Grupos de Estudio del Espiritismo, en todo Brasil y en el mundo. La idea es fortalecer nuestra red de contactos.","breadcrumb":{"@id":"https:\/\/www.geolegadodeallankardec.com.br\/grupos-parceiros\/#breadcrumb"},"inLanguage":"es","potentialAction":[{"@type":"ReadAction","target":["https:\/\/www.geolegadodeallankardec.com.br\/grupos-parceiros\/"]}],"accessibilityFeature":["tableOfContents"]},{"@type":"ImageObject","inLanguage":"es","@id":"https:\/\/www.geolegadodeallankardec.com.br\/grupos-parceiros\/#primaryimage","url":"https:\/\/www.geolegadodeallankardec.com.br\/wp-content\/uploads\/2023\/10\/image-3.png","contentUrl":"https:\/\/www.geolegadodeallankardec.com.br\/wp-content\/uploads\/2023\/10\/image-3.png"},{"@type":"BreadcrumbList","@id":"https:\/\/www.geolegadodeallankardec.com.br\/grupos-parceiros\/#breadcrumb","itemListElement":[{"@type":"ListItem","position":1,"name":"In\u00edcio","item":"https:\/\/www.geolegadodeallankardec.com.br\/"},{"@type":"ListItem","position":2,"name":"Grupos de Estudos de Espiritismo"}]},{"@type":"WebSite","@id":"https:\/\/www.geolegadodeallankardec.com.br\/es\/#website","url":"https:\/\/www.geolegadodeallankardec.com.br\/es\/","name":"Grupo de Estudio El Legado de Allan Kardec","description":"Grupo de Estudio destinado a profundizar el estudio del Espiritismo","potentialAction":[{"@type":"SearchAction","target":{"@type":"EntryPoint","urlTemplate":"https:\/\/www.geolegadodeallankardec.com.br\/es\/?s={search_term_string}"},"query-input":{"@type":"PropertyValueSpecification","valueRequired":true,"valueName":"search_term_string"}}],"inLanguage":"es"}]}},"_links":{"self":[{"href":"https:\/\/www.geolegadodeallankardec.com.br\/es\/wp-json\/wp\/v2\/pages\/259","targetHints":{"allow":["GET"]}}],"collection":[{"href":"https:\/\/www.geolegadodeallankardec.com.br\/es\/wp-json\/wp\/v2\/pages"}],"about":[{"href":"https:\/\/www.geolegadodeallankardec.com.br\/es\/wp-json\/wp\/v2\/types\/page"}],"author":[{"embeddable":true,"href":"https:\/\/www.geolegadodeallankardec.com.br\/es\/wp-json\/wp\/v2\/users\/34"}],"replies":[{"embeddable":true,"href":"https:\/\/www.geolegadodeallankardec.com.br\/es\/wp-json\/wp\/v2\/comments?post=259"}],"version-history":[{"count":13,"href":"https:\/\/www.geolegadodeallankardec.com.br\/es\/wp-json\/wp\/v2\/pages\/259\/revisions"}],"predecessor-version":[{"id":8006,"href":"https:\/\/www.geolegadodeallankardec.com.br\/es\/wp-json\/wp\/v2\/pages\/259\/revisions\/8006"}],"wp:attachment":[{"href":"https:\/\/www.geolegadodeallankardec.com.br\/es\/wp-json\/wp\/v2\/media?parent=259"}],"curies":[{"name":"gracias","href":"https:\/\/api.w.org\/{rel}","templated":true}]}}