{"id":17,"date":"2021-08-23T13:57:01","date_gmt":"2021-08-23T16:57:01","guid":{"rendered":"https:\/\/geolegadodeallankardec.com.br\/?page_id=17"},"modified":"2024-04-02T16:54:39","modified_gmt":"2024-04-02T19:54:39","slug":"obras-recomendadas","status":"publish","type":"page","link":"https:\/\/www.geolegadodeallankardec.com.br\/es\/obras-recomendadas\/","title":{"rendered":"Obras Recomendadas"},"content":{"rendered":"<div class=\"pdfprnt-buttons pdfprnt-buttons-page pdfprnt-top-right\"><a href=\"https:\/\/www.geolegadodeallankardec.com.br\/es\/wp-json\/wp\/v2\/pages\/17?print=pdf\" class=\"pdfprnt-button pdfprnt-button-pdf\" target=\"_blank\" ><img decoding=\"async\" data-src=\"https:\/\/www.geolegadodeallankardec.com.br\/wp-content\/plugins\/pdf-print\/images\/pdf.png\" alt=\"imagen_pdf\" title=\"Ver PDF\" src=\"data:image\/svg+xml;base64,PHN2ZyB3aWR0aD0iMSIgaGVpZ2h0PSIxIiB4bWxucz0iaHR0cDovL3d3dy53My5vcmcvMjAwMC9zdmciPjwvc3ZnPg==\" class=\"lazyload\" style=\"--smush-placeholder-width: 32px; --smush-placeholder-aspect-ratio: 32\/32;\" \/><\/a><a href=\"https:\/\/www.geolegadodeallankardec.com.br\/es\/wp-json\/wp\/v2\/pages\/17?print=print\" class=\"pdfprnt-button pdfprnt-button-print\" target=\"_blank\" ><img decoding=\"async\" data-src=\"https:\/\/www.geolegadodeallankardec.com.br\/wp-content\/plugins\/pdf-print\/images\/print.png\" alt=\"imagen_impresi\u00f3n\" title=\"Imprimir contenido\" src=\"data:image\/svg+xml;base64,PHN2ZyB3aWR0aD0iMSIgaGVpZ2h0PSIxIiB4bWxucz0iaHR0cDovL3d3dy53My5vcmcvMjAwMC9zdmciPjwvc3ZnPg==\" class=\"lazyload\" style=\"--smush-placeholder-width: 32px; --smush-placeholder-aspect-ratio: 32\/32;\" \/><\/a><\/div>\n<p>Las <em>obras recomendadas<\/em> para este grupo, conforman dos grupos de publicaciones muy importantes para el entendimiento mutuo general, especialmente en lo que se refiere a lo expuesto en <em>Prop\u00f3sito del grupo<\/em>. Son ellas:<\/p>\n\n\n\n<ul class=\"has-gray-background-color has-background wp-block-list\">\n<li>PDF gratuitos de Kardec \u2013 <a href=\"https:\/\/bit.ly\/3sXXBxk\" target=\"_blank\" rel=\"noreferrer noopener\">https:\/\/bit.ly\/3sXXBxk<\/a><\/li>\n\n\n\n<li>Autonom\u00eda \u2013 La historia no contada del Espiritismo: <a href=\"https:\/\/amzn.to\/3PIvbyy\">https:\/\/amzn.to\/3PIvbyy<\/a><\/li>\n\n\n\n<li>El legado de Allan Kardec: <a href=\"https:\/\/amzn.to\/3RIn2gv\">https:\/\/amzn.to\/3RIn2gv<\/a><\/li>\n\n\n\n<li>Punto final \u2013 el reencuentro con el espiritismo con Allan Kardec: <a href=\"https:\/\/amzn.to\/48PLaE7\">https:\/\/amzn.to\/48PLaE7<\/a><\/li>\n\n\n\n<li>Ni Cielo ni Infierno \u2013 Las Leyes del Alma seg\u00fan el Espiritismo: <a href=\"https:\/\/amzn.to\/3F2voYO\">https:\/\/amzn.to\/3F2voYO<\/a><\/li>\n\n\n\n<li>G\u00e9nesis \u2013 Milagros y Predicciones Seg\u00fan el Espiritismo (sin adulterar): <a href=\"https:\/\/bit.ly\/3SuJFVG\">PDF gratis<\/a> o <a href=\"https:\/\/amzn.to\/3RM91hF\">https:\/\/amzn.to\/3RM91hF<\/a><\/li>\n\n\n\n<li>Cielo e Infierno: O justicia divina seg\u00fan el Espiritismo (sin adulterar): <a href=\"https:\/\/bit.ly\/3vVYQhu\">PDF gratis<\/a> o <a href=\"https:\/\/amzn.to\/3ZGrcal\">https:\/\/amzn.to\/3ZGrcal<\/a><\/li>\n\n\n\n<li>Revoluci\u00f3n Esp\u00edrita. La teor\u00eda olvidada de Allan Kardec: <a href=\"https:\/\/amzn.to\/3t7HIUH\">https:\/\/amzn.to\/3t7HIUH<\/a><\/li>\n\n\n\n<li>Hipnotizador. La ciencia negada del magnetismo animal: <a href=\"https:\/\/amzn.to\/3PYc1X2\">https:\/\/amzn.to\/3PYc1X2<\/a><\/li>\n\n\n\n<li>El Libro de los M\u00e9diums: <a href=\"https:\/\/amzn.to\/3PDNTHK\">https:\/\/amzn.to\/3PDNTHK<\/a><\/li>\n\n\n\n<li>El libro de los esp\u00edritus: <a href=\"https:\/\/amzn.to\/3QkcFx9\">https:\/\/amzn.to\/3QkcFx9<\/a><\/li>\n\n\n\n<li>Revista Esp\u00edrita \u2013 colecci\u00f3n completa: <a href=\"https:\/\/amzn.to\/48Uxh7s\">https:\/\/amzn.to\/48Uxh7s<\/a><\/li>\n\n\n\n<li>Instrucciones Pr\u00e1cticas sobre las Manifestaciones Esp\u00edritas: <a href=\"https:\/\/amzn.to\/3QiR8Gc\">https:\/\/amzn.to\/3QiR8Gc<\/a><\/li>\n\n\n\n<li>El Espiritismo en su m\u00e1s simple expresi\u00f3n: <a href=\"https:\/\/amzn.to\/3M6fXT5\">https:\/\/amzn.to\/3M6fXT5<\/a><\/li>\n\n\n\n<li><a href=\"https:\/\/drive.google.com\/file\/d\/1YlzQ4PHfsireitW_IKl1HNzrslfZxuGv\/view?usp=sharing\" target=\"_blank\" rel=\"noreferrer noopener\">Mucha Luz, de Berthe Fropo<\/a> (PDF gratuito)<\/li>\n<\/ul>\n\n\n\n<p>* las obras Cielo e Infierno y G\u00e9nesis fueron <strong>espurio<\/strong> despu\u00e9s de la muerte de Kardec. Consulte las ediciones de la editorial FEAL, que llevan indicaci\u00f3n de obra original en la portada.<\/p>","protected":false},"excerpt":{"rendered":"<p>As obras recomendadas para este grupo perfazem dois grupos de publica\u00e7\u00f5es muito importantes para a compreens\u00e3o m\u00fatua geral, sobretudo no que tange ao exposto em Prop\u00f3sito do Grupo. S\u00e3o elas: * as obras O C\u00e9u e o Inferno e A G\u00eanese foram adulteradas ap\u00f3s a morte de Kardec. Refira-se \u00e0s edi\u00e7\u00f5es da editora FEAL, que [&hellip;]<\/p>\n","protected":false},"author":34,"featured_media":0,"parent":0,"menu_order":0,"comment_status":"closed","ping_status":"closed","template":"","meta":{"footnotes":""},"class_list":["post-17","page","type-page","status-publish","hentry"],"yoast_head":"<!-- This site is optimized with the Yoast SEO Premium plugin v21.1 (Yoast SEO v27.2) - https:\/\/yoast.com\/product\/yoast-seo-premium-wordpress\/ -->\n<title>Obras Recomendadas - Grupo de Estudos O Legado de Allan Kardec<\/title>\n<meta name=\"robots\" content=\"index, follow, max-snippet:-1, max-image-preview:large, max-video-preview:-1\" \/>\n<link rel=\"canonical\" href=\"https:\/\/www.geolegadodeallankardec.com.br\/es\/obras-recomendadas\/\" \/>\n<meta property=\"og:locale\" content=\"es_ES\" \/>\n<meta property=\"og:type\" content=\"article\" \/>\n<meta property=\"og:title\" content=\"Obras Recomendadas\" \/>\n<meta property=\"og:description\" content=\"As obras recomendadas para este grupo perfazem dois grupos de publica\u00e7\u00f5es muito importantes para a compreens\u00e3o m\u00fatua geral, sobretudo no que tange ao exposto em Prop\u00f3sito do Grupo. S\u00e3o elas: * as obras O C\u00e9u e o Inferno e A G\u00eanese foram adulteradas ap\u00f3s a morte de Kardec. Refira-se \u00e0s edi\u00e7\u00f5es da editora FEAL, que [&hellip;]\" \/>\n<meta property=\"og:url\" content=\"https:\/\/www.geolegadodeallankardec.com.br\/es\/obras-recomendadas\/\" \/>\n<meta property=\"og:site_name\" content=\"Grupo de Estudos O Legado de Allan Kardec\" \/>\n<meta property=\"article:modified_time\" content=\"2024-04-02T19:54:39+00:00\" \/>\n<meta name=\"twitter:card\" content=\"summary_large_image\" \/>\n<meta name=\"twitter:label1\" content=\"Tiempo de lectura\" \/>\n\t<meta name=\"twitter:data1\" content=\"2 minutos\" \/>\n<script type=\"application\/ld+json\" class=\"yoast-schema-graph\">{\"@context\":\"https:\/\/schema.org\",\"@graph\":[{\"@type\":\"WebPage\",\"@id\":\"https:\/\/www.geolegadodeallankardec.com.br\/obras-recomendadas\/\",\"url\":\"https:\/\/www.geolegadodeallankardec.com.br\/obras-recomendadas\/\",\"name\":\"Obras Recomendadas - Grupo de Estudos O Legado de Allan Kardec\",\"isPartOf\":{\"@id\":\"https:\/\/www.geolegadodeallankardec.com.br\/es\/#website\"},\"datePublished\":\"2021-08-23T16:57:01+00:00\",\"dateModified\":\"2024-04-02T19:54:39+00:00\",\"breadcrumb\":{\"@id\":\"https:\/\/www.geolegadodeallankardec.com.br\/obras-recomendadas\/#breadcrumb\"},\"inLanguage\":\"es\",\"potentialAction\":[{\"@type\":\"ReadAction\",\"target\":[\"https:\/\/www.geolegadodeallankardec.com.br\/obras-recomendadas\/\"]}]},{\"@type\":\"BreadcrumbList\",\"@id\":\"https:\/\/www.geolegadodeallankardec.com.br\/obras-recomendadas\/#breadcrumb\",\"itemListElement\":[{\"@type\":\"ListItem\",\"position\":1,\"name\":\"In\u00edcio\",\"item\":\"https:\/\/www.geolegadodeallankardec.com.br\/\"},{\"@type\":\"ListItem\",\"position\":2,\"name\":\"Obras Recomendadas\"}]},{\"@type\":\"WebSite\",\"@id\":\"https:\/\/www.geolegadodeallankardec.com.br\/es\/#website\",\"url\":\"https:\/\/www.geolegadodeallankardec.com.br\/es\/\",\"name\":\"Grupo de Estudos O Legado de Allan Kardec\",\"description\":\"Grupo de Estudos voltado ao aprofundamento do estudo do Espiritismo\",\"potentialAction\":[{\"@type\":\"SearchAction\",\"target\":{\"@type\":\"EntryPoint\",\"urlTemplate\":\"https:\/\/www.geolegadodeallankardec.com.br\/es\/?s={search_term_string}\"},\"query-input\":{\"@type\":\"PropertyValueSpecification\",\"valueRequired\":true,\"valueName\":\"search_term_string\"}}],\"inLanguage\":\"es\"}]}<\/script>\n<!-- \/ Yoast SEO Premium plugin. -->","yoast_head_json":{"title":"Obras Recomendadas - Grupo de Estudio El Legado de Allan Kardec","robots":{"index":"index","follow":"follow","max-snippet":"max-snippet:-1","max-image-preview":"max-image-preview:large","max-video-preview":"max-video-preview:-1"},"canonical":"https:\/\/www.geolegadodeallankardec.com.br\/es\/obras-recomendadas\/","og_locale":"es_ES","og_type":"article","og_title":"Obras Recomendadas","og_description":"As obras recomendadas para este grupo perfazem dois grupos de publica\u00e7\u00f5es muito importantes para a compreens\u00e3o m\u00fatua geral, sobretudo no que tange ao exposto em Prop\u00f3sito do Grupo. S\u00e3o elas: * as obras O C\u00e9u e o Inferno e A G\u00eanese foram adulteradas ap\u00f3s a morte de Kardec. Refira-se \u00e0s edi\u00e7\u00f5es da editora FEAL, que [&hellip;]","og_url":"https:\/\/www.geolegadodeallankardec.com.br\/es\/obras-recomendadas\/","og_site_name":"Grupo de Estudos O Legado de Allan Kardec","article_modified_time":"2024-04-02T19:54:39+00:00","twitter_card":"summary_large_image","twitter_misc":{"Tiempo de lectura":"2 minutos"},"schema":{"@context":"https:\/\/schema.org","@graph":[{"@type":"WebPage","@id":"https:\/\/www.geolegadodeallankardec.com.br\/obras-recomendadas\/","url":"https:\/\/www.geolegadodeallankardec.com.br\/obras-recomendadas\/","name":"Obras Recomendadas - Grupo de Estudio El Legado de Allan Kardec","isPartOf":{"@id":"https:\/\/www.geolegadodeallankardec.com.br\/es\/#website"},"datePublished":"2021-08-23T16:57:01+00:00","dateModified":"2024-04-02T19:54:39+00:00","breadcrumb":{"@id":"https:\/\/www.geolegadodeallankardec.com.br\/obras-recomendadas\/#breadcrumb"},"inLanguage":"es","potentialAction":[{"@type":"ReadAction","target":["https:\/\/www.geolegadodeallankardec.com.br\/obras-recomendadas\/"]}]},{"@type":"BreadcrumbList","@id":"https:\/\/www.geolegadodeallankardec.com.br\/obras-recomendadas\/#breadcrumb","itemListElement":[{"@type":"ListItem","position":1,"name":"In\u00edcio","item":"https:\/\/www.geolegadodeallankardec.com.br\/"},{"@type":"ListItem","position":2,"name":"Obras Recomendadas"}]},{"@type":"WebSite","@id":"https:\/\/www.geolegadodeallankardec.com.br\/es\/#website","url":"https:\/\/www.geolegadodeallankardec.com.br\/es\/","name":"Grupo de Estudio El Legado de Allan Kardec","description":"Grupo de Estudio destinado a profundizar el estudio del Espiritismo","potentialAction":[{"@type":"SearchAction","target":{"@type":"EntryPoint","urlTemplate":"https:\/\/www.geolegadodeallankardec.com.br\/es\/?s={search_term_string}"},"query-input":{"@type":"PropertyValueSpecification","valueRequired":true,"valueName":"search_term_string"}}],"inLanguage":"es"}]}},"_links":{"self":[{"href":"https:\/\/www.geolegadodeallankardec.com.br\/es\/wp-json\/wp\/v2\/pages\/17","targetHints":{"allow":["GET"]}}],"collection":[{"href":"https:\/\/www.geolegadodeallankardec.com.br\/es\/wp-json\/wp\/v2\/pages"}],"about":[{"href":"https:\/\/www.geolegadodeallankardec.com.br\/es\/wp-json\/wp\/v2\/types\/page"}],"author":[{"embeddable":true,"href":"https:\/\/www.geolegadodeallankardec.com.br\/es\/wp-json\/wp\/v2\/users\/34"}],"replies":[{"embeddable":true,"href":"https:\/\/www.geolegadodeallankardec.com.br\/es\/wp-json\/wp\/v2\/comments?post=17"}],"version-history":[{"count":9,"href":"https:\/\/www.geolegadodeallankardec.com.br\/es\/wp-json\/wp\/v2\/pages\/17\/revisions"}],"predecessor-version":[{"id":8572,"href":"https:\/\/www.geolegadodeallankardec.com.br\/es\/wp-json\/wp\/v2\/pages\/17\/revisions\/8572"}],"wp:attachment":[{"href":"https:\/\/www.geolegadodeallankardec.com.br\/es\/wp-json\/wp\/v2\/media?parent=17"}],"curies":[{"name":"gracias","href":"https:\/\/api.w.org\/{rel}","templated":true}]}}