{"id":13,"date":"2021-08-23T13:55:05","date_gmt":"2021-08-23T16:55:05","guid":{"rendered":"https:\/\/geolegadodeallankardec.com.br\/?page_id=13"},"modified":"2022-02-07T18:10:38","modified_gmt":"2022-02-07T21:10:38","slug":"regimiento","status":"publish","type":"page","link":"https:\/\/www.geolegadodeallankardec.com.br\/es\/regimento\/","title":{"rendered":"&quot;Regimiento&quot;"},"content":{"rendered":"<div class=\"pdfprnt-buttons pdfprnt-buttons-page pdfprnt-top-right\"><a href=\"https:\/\/www.geolegadodeallankardec.com.br\/es\/wp-json\/wp\/v2\/pages\/13?print=pdf\" class=\"pdfprnt-button pdfprnt-button-pdf\" target=\"_blank\" ><img decoding=\"async\" data-src=\"https:\/\/www.geolegadodeallankardec.com.br\/wp-content\/plugins\/pdf-print\/images\/pdf.png\" alt=\"imagen_pdf\" title=\"Ver PDF\" src=\"data:image\/svg+xml;base64,PHN2ZyB3aWR0aD0iMSIgaGVpZ2h0PSIxIiB4bWxucz0iaHR0cDovL3d3dy53My5vcmcvMjAwMC9zdmciPjwvc3ZnPg==\" class=\"lazyload\" style=\"--smush-placeholder-width: 32px; --smush-placeholder-aspect-ratio: 32\/32;\" \/><\/a><a href=\"https:\/\/www.geolegadodeallankardec.com.br\/es\/wp-json\/wp\/v2\/pages\/13?print=print\" class=\"pdfprnt-button pdfprnt-button-print\" target=\"_blank\" ><img decoding=\"async\" data-src=\"https:\/\/www.geolegadodeallankardec.com.br\/wp-content\/plugins\/pdf-print\/images\/print.png\" alt=\"imagen_impresi\u00f3n\" title=\"Imprimir contenido\" src=\"data:image\/svg+xml;base64,PHN2ZyB3aWR0aD0iMSIgaGVpZ2h0PSIxIiB4bWxucz0iaHR0cDovL3d3dy53My5vcmcvMjAwMC9zdmciPjwvc3ZnPg==\" class=\"lazyload\" style=\"--smush-placeholder-width: 32px; --smush-placeholder-aspect-ratio: 32\/32;\" \/><\/a><\/div>\n<p>pongo el termino entre comillas <em>regimiento<\/em> porque, a la fecha, no tenemos la intenci\u00f3n de hacer de este grupo una entidad legal o cualquier organismo registrado en organismos oficiales. este se queda <em>regimiento<\/em>, por el momento, obligados bajo un c\u00f3digo de honor, es decir, los participantes del grupo certifican, ante los dem\u00e1s participantes y ante su propia conciencia, que han aceptado sus t\u00e9rminos y condiciones.<\/p>\n\n\n\n<ol class=\"wp-block-list\"><li>Solo podr\u00e1n participar en este grupo las personas que cumplan las siguientes condiciones:<ol><li>Partidarios de la Doctrina Esp\u00edrita que quieren obtener sus ense\u00f1anzas pero que, en la condici\u00f3n de m\u00e1s profundo desconocimiento de sus ense\u00f1anzas, se abstendr\u00e1n de tomar voz para criticar o poner ideas y puntos de vista. Las dudas que de ellos surjan, si son f\u00e1cilmente aclaradas en los trabajos b\u00e1sicos, ser\u00e1n dirigidas a ellos, para que los estudios no se demoren por dudas b\u00e1sicas. Con el tiempo, estas personas pueden convertirse en participantes activos, pero antes, si insisten, pueden ser silenciadas o incluso expulsadas del grupo, en casos m\u00e1s extremos.<\/li><li>Personas abiertamente esp\u00edritas, conocedoras con alguna profundidad de la Doctrina Esp\u00edrita, es decir, que ya hayan realizado estudios, por lo menos, del Libro de los Esp\u00edritus, que podr\u00e1n participar activamente en los encuentros de estudio que se organicen.<\/li><\/ol><\/li><li>Las personas que, sin humildad y sin el prop\u00f3sito de someterse a las m\u00e1s claras explicaciones y evidencias, ya confirmadas por el Espiritismo, no ser\u00e1n aceptadas y, si lo son, podr\u00e1n ser expulsadas del grupo con el \u00fanico fin de causar revuelo o controversia. . .<\/li><li><strong>Este grupo no se trata de pol\u00edtica.<\/strong>. El Espiritismo, en s\u00ed mismo, es un movimiento transformador de ideas, pero no debe ser utilizado como plataforma electoral de ninguna ideolog\u00eda pol\u00edtica, por las razones ya mencionadas. <a href=\"https:\/\/www.geolegadodeallankardec.com.br\/es\/articulos-2\/diverso-2\/el-espiritismo-podria-ser-un-movimiento-politico\/\" data-type=\"URL\" data-id=\"https:\/\/www.geolegadodeallankardec.com.br\/artigos\/assuntos-diversos\/o-espiritismo-pode-ser-um-movimento-politico\/\" target=\"_blank\" rel=\"noreferrer noopener\">en este articulo<\/a>.<\/li><li>Para participar en el Grupo, el miembro proponente necesitar\u00e1, adem\u00e1s de estar de acuerdo con este <em>regimiento<\/em>, pasar por un peque\u00f1o cuestionario, que consta de m\u00faltiples preguntas, para que podamos evaluar su estado actual de conocimiento y adaptar mejor la direcci\u00f3n de los estudios.<\/li><li>El participante de este grupo est\u00e1 de acuerdo con la necesidad, para una buena comprensi\u00f3n, de estudiar las obras base recomendadas, sin las cuales puede ser incapaz de comprender los temas. Siendo el tiempo un recurso escaso y valioso, no se tardar\u00e1n largos lapsos en volver a lo bien explicado en las obras indicadas.\u00a0<\/li><li>El miembro del Grupo que ignora la necesaria pr\u00e1ctica de <em>buen tono<\/em> en las conversaciones y discusiones, con el necesario uso de la caridad, la humildad, la paciencia, en fin, las buenas virtudes, pod\u00e9is ser expulsados del grupo.<\/li><li>Todo m\u00e9dium que participe de este grupo se compromete a practicar la mediumnidad seg\u00fan los preceptos del Espiritismo, no cobrando en modo alguno por el trabajo medi\u00famnico. Al actuar en contra de este precepto muy importante, puede ser expulsado del grupo.<\/li><li>El Grupo actual est\u00e1 bajo la presidencia representativa de su fundador, Paulo Degering Rosa Junior, por tiempo indefinido. Por supuesto, otras personas pueden iniciar sus propios grupos, los cuales alentamos y apoyamos.<\/li><li>La presidencia de este grupo tiene como \u00fanico objeto la organizaci\u00f3n de temas, temas, medios de comunicaci\u00f3n, reuniones, etc. y, en caso de que este grupo se convierta en una entidad civil, representarlo legalmente.<\/li><li>El presidente de este Grupo, en todo momento, se compromete a nunca hacer de su opini\u00f3n personal objeto de desacuerdo o represi\u00f3n a los dem\u00e1s miembros, actuando siempre unos y otros de conformidad con este <em>regimiento<\/em> y con los objetivos del Grupo.<\/li><li>En ausencia del presidente de este Grupo, por tiempo preestablecido o por per\u00edodos de tiempo con t\u00e9rmino previsible, los dem\u00e1s miembros del grupo, en armon\u00eda, deliberar\u00e1n sobre los asuntos propios de la organizaci\u00f3n y administraci\u00f3n general.<\/li><li>En caso de ausencia indefinida o definitiva del presidente de este Grupo, los dem\u00e1s miembros decidir\u00e1n sobre la elecci\u00f3n de un nuevo presidente, que seguir\u00e1 cumpliendo los preceptos aqu\u00ed establecidos.<\/li><li>Este grupo y sus fines nunca ser\u00e1n:<ol><li>orientado a ganancias personales de cualquier tipo<\/li><li>dirigida a psicograf\u00edas con fines <em>solamente<\/em> datos personales, como cartas psicografiadas de parientes fallecidos, a menos que presenten beneficios significativos para los estudios en general.<\/li><\/ol><\/li><li>Cualquier y todo el material producido en nombre del Grupo debe cumplir con las leyes de derechos de autor aplicables y debe estar disponible p\u00fablicamente, de forma gratuita, como una forma de servir a los prop\u00f3sitos m\u00e1s importantes de iluminar a la humanidad.<\/li><li>Por el momento, al no existir un registro legal de una entidad, este grupo no tendr\u00e1 tesorer\u00eda ni rendici\u00f3n de cuentas. Cualquier tipo de donaci\u00f3n en nombre del grupo se realizar\u00e1 de forma personal, sin representaci\u00f3n ni impugnaci\u00f3n.\u00a0<\/li><li>Recordamos la siempre tan importante recomendaci\u00f3n de que ning\u00fan miembro se ponga en condiciones de buscar ejercer la mediumnidad, aun con la mejor buena voluntad, sin tener (1) mucho conocimiento y equilibrio y (2) el apoyo de otras personas y un entorno. ambas muy bien equilibradas en el cultivo de la oraci\u00f3n, la caridad y el Evangelio.<\/li><\/ol>","protected":false},"excerpt":{"rendered":"<p>Coloco entre aspas o termo regimento porque, at\u00e9 o presente momento, n\u00e3o temos a inten\u00e7\u00e3o de fazer deste grupo uma pessoa jur\u00eddica ou \u00f3rg\u00e3o qualquer registrado junto aos \u00f3rg\u00e3os oficiais. Fica este regimento, por enquanto, vinculado sob c\u00f3digo de honra, ou seja, os participantes do grupo atestam, ante os demais participantes e suas pr\u00f3prias consci\u00eancias, [&hellip;]<\/p>\n","protected":false},"author":34,"featured_media":0,"parent":0,"menu_order":0,"comment_status":"closed","ping_status":"closed","template":"","meta":{"footnotes":""},"class_list":["post-13","page","type-page","status-publish","hentry"],"yoast_head":"<!-- This site is optimized with the Yoast SEO Premium plugin v21.1 (Yoast SEO v27.2) - https:\/\/yoast.com\/product\/yoast-seo-premium-wordpress\/ -->\n<title>\u201cRegimento\u201d - Grupo de Estudos O Legado de Allan Kardec<\/title>\n<meta name=\"robots\" content=\"index, follow, max-snippet:-1, max-image-preview:large, max-video-preview:-1\" \/>\n<link rel=\"canonical\" href=\"https:\/\/www.geolegadodeallankardec.com.br\/es\/regimiento\/\" \/>\n<meta property=\"og:locale\" content=\"es_ES\" \/>\n<meta property=\"og:type\" content=\"article\" \/>\n<meta property=\"og:title\" content=\"\u201cRegimento\u201d\" \/>\n<meta property=\"og:description\" content=\"Coloco entre aspas o termo regimento porque, at\u00e9 o presente momento, n\u00e3o temos a inten\u00e7\u00e3o de fazer deste grupo uma pessoa jur\u00eddica ou \u00f3rg\u00e3o qualquer registrado junto aos \u00f3rg\u00e3os oficiais. Fica este regimento, por enquanto, vinculado sob c\u00f3digo de honra, ou seja, os participantes do grupo atestam, ante os demais participantes e suas pr\u00f3prias consci\u00eancias, [&hellip;]\" \/>\n<meta property=\"og:url\" content=\"https:\/\/www.geolegadodeallankardec.com.br\/es\/regimiento\/\" \/>\n<meta property=\"og:site_name\" content=\"Grupo de Estudos O Legado de Allan Kardec\" \/>\n<meta property=\"article:modified_time\" content=\"2022-02-07T21:10:38+00:00\" \/>\n<meta name=\"twitter:card\" content=\"summary_large_image\" \/>\n<meta name=\"twitter:label1\" content=\"Tiempo de lectura\" \/>\n\t<meta name=\"twitter:data1\" content=\"4 minutos\" \/>\n<script type=\"application\/ld+json\" class=\"yoast-schema-graph\">{\"@context\":\"https:\/\/schema.org\",\"@graph\":[{\"@type\":\"WebPage\",\"@id\":\"https:\/\/www.geolegadodeallankardec.com.br\/regimento\/\",\"url\":\"https:\/\/www.geolegadodeallankardec.com.br\/regimento\/\",\"name\":\"\u201cRegimento\u201d - Grupo de Estudos O Legado de Allan Kardec\",\"isPartOf\":{\"@id\":\"https:\/\/www.geolegadodeallankardec.com.br\/es\/#website\"},\"datePublished\":\"2021-08-23T16:55:05+00:00\",\"dateModified\":\"2022-02-07T21:10:38+00:00\",\"breadcrumb\":{\"@id\":\"https:\/\/www.geolegadodeallankardec.com.br\/regimento\/#breadcrumb\"},\"inLanguage\":\"es\",\"potentialAction\":[{\"@type\":\"ReadAction\",\"target\":[\"https:\/\/www.geolegadodeallankardec.com.br\/regimento\/\"]}]},{\"@type\":\"BreadcrumbList\",\"@id\":\"https:\/\/www.geolegadodeallankardec.com.br\/regimento\/#breadcrumb\",\"itemListElement\":[{\"@type\":\"ListItem\",\"position\":1,\"name\":\"In\u00edcio\",\"item\":\"https:\/\/www.geolegadodeallankardec.com.br\/\"},{\"@type\":\"ListItem\",\"position\":2,\"name\":\"\u201cRegimento\u201d\"}]},{\"@type\":\"WebSite\",\"@id\":\"https:\/\/www.geolegadodeallankardec.com.br\/es\/#website\",\"url\":\"https:\/\/www.geolegadodeallankardec.com.br\/es\/\",\"name\":\"Grupo de Estudos O Legado de Allan Kardec\",\"description\":\"Grupo de Estudos voltado ao aprofundamento do estudo do Espiritismo\",\"potentialAction\":[{\"@type\":\"SearchAction\",\"target\":{\"@type\":\"EntryPoint\",\"urlTemplate\":\"https:\/\/www.geolegadodeallankardec.com.br\/es\/?s={search_term_string}\"},\"query-input\":{\"@type\":\"PropertyValueSpecification\",\"valueRequired\":true,\"valueName\":\"search_term_string\"}}],\"inLanguage\":\"es\"}]}<\/script>\n<!-- \/ Yoast SEO Premium plugin. -->","yoast_head_json":{"title":"\u201cRegimiento\u201d - Grupo de Estudio El Legado de Allan Kardec","robots":{"index":"index","follow":"follow","max-snippet":"max-snippet:-1","max-image-preview":"max-image-preview:large","max-video-preview":"max-video-preview:-1"},"canonical":"https:\/\/www.geolegadodeallankardec.com.br\/es\/regimiento\/","og_locale":"es_ES","og_type":"article","og_title":"\u201cRegimento\u201d","og_description":"Coloco entre aspas o termo regimento porque, at\u00e9 o presente momento, n\u00e3o temos a inten\u00e7\u00e3o de fazer deste grupo uma pessoa jur\u00eddica ou \u00f3rg\u00e3o qualquer registrado junto aos \u00f3rg\u00e3os oficiais. Fica este regimento, por enquanto, vinculado sob c\u00f3digo de honra, ou seja, os participantes do grupo atestam, ante os demais participantes e suas pr\u00f3prias consci\u00eancias, [&hellip;]","og_url":"https:\/\/www.geolegadodeallankardec.com.br\/es\/regimiento\/","og_site_name":"Grupo de Estudos O Legado de Allan Kardec","article_modified_time":"2022-02-07T21:10:38+00:00","twitter_card":"summary_large_image","twitter_misc":{"Tiempo de lectura":"4 minutos"},"schema":{"@context":"https:\/\/schema.org","@graph":[{"@type":"WebPage","@id":"https:\/\/www.geolegadodeallankardec.com.br\/regimento\/","url":"https:\/\/www.geolegadodeallankardec.com.br\/regimento\/","name":"\u201cRegimiento\u201d - Grupo de Estudio El Legado de Allan Kardec","isPartOf":{"@id":"https:\/\/www.geolegadodeallankardec.com.br\/es\/#website"},"datePublished":"2021-08-23T16:55:05+00:00","dateModified":"2022-02-07T21:10:38+00:00","breadcrumb":{"@id":"https:\/\/www.geolegadodeallankardec.com.br\/regimento\/#breadcrumb"},"inLanguage":"es","potentialAction":[{"@type":"ReadAction","target":["https:\/\/www.geolegadodeallankardec.com.br\/regimento\/"]}]},{"@type":"BreadcrumbList","@id":"https:\/\/www.geolegadodeallankardec.com.br\/regimento\/#breadcrumb","itemListElement":[{"@type":"ListItem","position":1,"name":"In\u00edcio","item":"https:\/\/www.geolegadodeallankardec.com.br\/"},{"@type":"ListItem","position":2,"name":"\u201cRegimento\u201d"}]},{"@type":"WebSite","@id":"https:\/\/www.geolegadodeallankardec.com.br\/es\/#website","url":"https:\/\/www.geolegadodeallankardec.com.br\/es\/","name":"Grupo de Estudio El Legado de Allan Kardec","description":"Grupo de Estudio destinado a profundizar el estudio del Espiritismo","potentialAction":[{"@type":"SearchAction","target":{"@type":"EntryPoint","urlTemplate":"https:\/\/www.geolegadodeallankardec.com.br\/es\/?s={search_term_string}"},"query-input":{"@type":"PropertyValueSpecification","valueRequired":true,"valueName":"search_term_string"}}],"inLanguage":"es"}]}},"_links":{"self":[{"href":"https:\/\/www.geolegadodeallankardec.com.br\/es\/wp-json\/wp\/v2\/pages\/13","targetHints":{"allow":["GET"]}}],"collection":[{"href":"https:\/\/www.geolegadodeallankardec.com.br\/es\/wp-json\/wp\/v2\/pages"}],"about":[{"href":"https:\/\/www.geolegadodeallankardec.com.br\/es\/wp-json\/wp\/v2\/types\/page"}],"author":[{"embeddable":true,"href":"https:\/\/www.geolegadodeallankardec.com.br\/es\/wp-json\/wp\/v2\/users\/34"}],"replies":[{"embeddable":true,"href":"https:\/\/www.geolegadodeallankardec.com.br\/es\/wp-json\/wp\/v2\/comments?post=13"}],"version-history":[{"count":5,"href":"https:\/\/www.geolegadodeallankardec.com.br\/es\/wp-json\/wp\/v2\/pages\/13\/revisions"}],"predecessor-version":[{"id":5073,"href":"https:\/\/www.geolegadodeallankardec.com.br\/es\/wp-json\/wp\/v2\/pages\/13\/revisions\/5073"}],"wp:attachment":[{"href":"https:\/\/www.geolegadodeallankardec.com.br\/es\/wp-json\/wp\/v2\/media?parent=13"}],"curies":[{"name":"gracias","href":"https:\/\/api.w.org\/{rel}","templated":true}]}}