{"id":125,"date":"2021-08-24T11:29:47","date_gmt":"2021-08-24T14:29:47","guid":{"rendered":"https:\/\/geolegadodeallankardec.com.br\/?page_id=125"},"modified":"2021-08-24T11:29:49","modified_gmt":"2021-08-24T14:29:49","slug":"primeros-pasos","status":"publish","type":"page","link":"https:\/\/www.geolegadodeallankardec.com.br\/es\/primeiros-passos\/","title":{"rendered":"Primeros pasos"},"content":{"rendered":"<div class=\"pdfprnt-buttons pdfprnt-buttons-page pdfprnt-top-right\"><a href=\"https:\/\/www.geolegadodeallankardec.com.br\/es\/wp-json\/wp\/v2\/pages\/125?print=pdf\" class=\"pdfprnt-button pdfprnt-button-pdf\" target=\"_blank\" ><img decoding=\"async\" data-src=\"https:\/\/www.geolegadodeallankardec.com.br\/wp-content\/plugins\/pdf-print\/images\/pdf.png\" alt=\"imagen_pdf\" title=\"Ver PDF\" src=\"data:image\/svg+xml;base64,PHN2ZyB3aWR0aD0iMSIgaGVpZ2h0PSIxIiB4bWxucz0iaHR0cDovL3d3dy53My5vcmcvMjAwMC9zdmciPjwvc3ZnPg==\" class=\"lazyload\" style=\"--smush-placeholder-width: 32px; --smush-placeholder-aspect-ratio: 32\/32;\" \/><\/a><a href=\"https:\/\/www.geolegadodeallankardec.com.br\/es\/wp-json\/wp\/v2\/pages\/125?print=print\" class=\"pdfprnt-button pdfprnt-button-print\" target=\"_blank\" ><img decoding=\"async\" data-src=\"https:\/\/www.geolegadodeallankardec.com.br\/wp-content\/plugins\/pdf-print\/images\/print.png\" alt=\"imagen_impresi\u00f3n\" title=\"Imprimir contenido\" src=\"data:image\/svg+xml;base64,PHN2ZyB3aWR0aD0iMSIgaGVpZ2h0PSIxIiB4bWxucz0iaHR0cDovL3d3dy53My5vcmcvMjAwMC9zdmciPjwvc3ZnPg==\" class=\"lazyload\" style=\"--smush-placeholder-width: 32px; --smush-placeholder-aspect-ratio: 32\/32;\" \/><\/a><\/div>\n<p>El grupo se reunir\u00e1 con una frecuencia definida, en fecha y hora a convenir, seg\u00fan la disponibilidad de la gran mayor\u00eda de los participantes. Utilizaremos los distintos medios posibles, buscando la realizaci\u00f3n de reuniones grabadas en l\u00ednea con el fin de hacer accesible el contenido de estos estudios a trav\u00e9s de medios como Youtube. Las transcripciones o la creaci\u00f3n de art\u00edculos sobre estos contenidos ser\u00e1n bienvenidas y estar\u00e1n disponibles en la colecci\u00f3n del grupo.<\/p>\n\n\n\n<p>Creemos que podr\u00edamos dar los primeros pasos de nuestros estudios de la siguiente manera:<\/p>\n\n\n\n<ul class=\"wp-block-list\"><li>formaci\u00f3n del grupo inicial<\/li><li>realizaci\u00f3n de una primera reuni\u00f3n, en l\u00ednea, grabada, para inaugurar los estudios y afirmar los principios, preceptos y conceptos b\u00e1sicos del Grupo<\/li><li><strong>establecimiento de estudios sobre la Revista Esp\u00edrita<\/strong>, contenido tan importante y tan olvidado. Este ser\u00e1 un detonante para el desarrollo de varios temas, buscando profundizarlos en el estudio de otras obras, entre las cuales, siempre, la base fundamental de Kardec.<\/li><li>en el caso de que la Espiritualidad nos proporcione los medios para retomar el estudio intermediados por m\u00e9diums participantes en el grupo, habr\u00e1 que ce\u00f1irse a lo estipulado en \u201cContacto con Otros Grupos\u201d, para no poner a disposici\u00f3n de otras personas el contenido que a\u00fan no ha pasado por el tamiz metodol\u00f3gico necesario. Hacer lo contrario ser\u00eda cuestionar, una vez m\u00e1s, la fiabilidad de tales ense\u00f1anzas, dificultando el aprendizaje iluminativo.<\/li><\/ul>","protected":false},"excerpt":{"rendered":"<p>O grupo se reunir\u00e1 com periodicidade definida, em data e hor\u00e1rio a combinar, conforme a disponibilidade da grande maioria dos participantes. Utilizaremos os diversos meios poss\u00edveis, buscando a realiza\u00e7\u00e3o de encontros on-line, gravados, a fim de disponibilizar o conte\u00fado desses estudos atrav\u00e9s de meios como o Youtube. Transcri\u00e7\u00f5es ou cria\u00e7\u00e3o de artigos sobre esses conte\u00fados [&hellip;]<\/p>\n","protected":false},"author":34,"featured_media":0,"parent":0,"menu_order":0,"comment_status":"closed","ping_status":"closed","template":"","meta":{"footnotes":""},"class_list":["post-125","page","type-page","status-publish","hentry"],"yoast_head":"<!-- This site is optimized with the Yoast SEO Premium plugin v21.1 (Yoast SEO v27.2) - https:\/\/yoast.com\/product\/yoast-seo-premium-wordpress\/ -->\n<title>Primeiros passos - Grupo de Estudos O Legado de Allan Kardec<\/title>\n<meta name=\"robots\" content=\"index, follow, max-snippet:-1, max-image-preview:large, max-video-preview:-1\" \/>\n<link rel=\"canonical\" href=\"https:\/\/www.geolegadodeallankardec.com.br\/es\/primeros-pasos\/\" \/>\n<meta property=\"og:locale\" content=\"es_ES\" \/>\n<meta property=\"og:type\" content=\"article\" \/>\n<meta property=\"og:title\" content=\"Primeiros passos\" \/>\n<meta property=\"og:description\" content=\"O grupo se reunir\u00e1 com periodicidade definida, em data e hor\u00e1rio a combinar, conforme a disponibilidade da grande maioria dos participantes. Utilizaremos os diversos meios poss\u00edveis, buscando a realiza\u00e7\u00e3o de encontros on-line, gravados, a fim de disponibilizar o conte\u00fado desses estudos atrav\u00e9s de meios como o Youtube. Transcri\u00e7\u00f5es ou cria\u00e7\u00e3o de artigos sobre esses conte\u00fados [&hellip;]\" \/>\n<meta property=\"og:url\" content=\"https:\/\/www.geolegadodeallankardec.com.br\/es\/primeros-pasos\/\" \/>\n<meta property=\"og:site_name\" content=\"Grupo de Estudos O Legado de Allan Kardec\" \/>\n<meta property=\"article:modified_time\" content=\"2021-08-24T14:29:49+00:00\" \/>\n<meta name=\"twitter:card\" content=\"summary_large_image\" \/>\n<meta name=\"twitter:label1\" content=\"Tiempo de lectura\" \/>\n\t<meta name=\"twitter:data1\" content=\"1 minuto\" \/>\n<script type=\"application\/ld+json\" class=\"yoast-schema-graph\">{\"@context\":\"https:\/\/schema.org\",\"@graph\":[{\"@type\":\"WebPage\",\"@id\":\"https:\/\/www.geolegadodeallankardec.com.br\/primeiros-passos\/\",\"url\":\"https:\/\/www.geolegadodeallankardec.com.br\/primeiros-passos\/\",\"name\":\"Primeiros passos - Grupo de Estudos O Legado de Allan Kardec\",\"isPartOf\":{\"@id\":\"https:\/\/www.geolegadodeallankardec.com.br\/es\/#website\"},\"datePublished\":\"2021-08-24T14:29:47+00:00\",\"dateModified\":\"2021-08-24T14:29:49+00:00\",\"breadcrumb\":{\"@id\":\"https:\/\/www.geolegadodeallankardec.com.br\/primeiros-passos\/#breadcrumb\"},\"inLanguage\":\"es\",\"potentialAction\":[{\"@type\":\"ReadAction\",\"target\":[\"https:\/\/www.geolegadodeallankardec.com.br\/primeiros-passos\/\"]}]},{\"@type\":\"BreadcrumbList\",\"@id\":\"https:\/\/www.geolegadodeallankardec.com.br\/primeiros-passos\/#breadcrumb\",\"itemListElement\":[{\"@type\":\"ListItem\",\"position\":1,\"name\":\"In\u00edcio\",\"item\":\"https:\/\/www.geolegadodeallankardec.com.br\/\"},{\"@type\":\"ListItem\",\"position\":2,\"name\":\"Primeiros passos\"}]},{\"@type\":\"WebSite\",\"@id\":\"https:\/\/www.geolegadodeallankardec.com.br\/es\/#website\",\"url\":\"https:\/\/www.geolegadodeallankardec.com.br\/es\/\",\"name\":\"Grupo de Estudos O Legado de Allan Kardec\",\"description\":\"Grupo de Estudos voltado ao aprofundamento do estudo do Espiritismo\",\"potentialAction\":[{\"@type\":\"SearchAction\",\"target\":{\"@type\":\"EntryPoint\",\"urlTemplate\":\"https:\/\/www.geolegadodeallankardec.com.br\/es\/?s={search_term_string}\"},\"query-input\":{\"@type\":\"PropertyValueSpecification\",\"valueRequired\":true,\"valueName\":\"search_term_string\"}}],\"inLanguage\":\"es\"}]}<\/script>\n<!-- \/ Yoast SEO Premium plugin. -->","yoast_head_json":{"title":"Primeros pasos - Grupo de Estudio El Legado de Allan Kardec","robots":{"index":"index","follow":"follow","max-snippet":"max-snippet:-1","max-image-preview":"max-image-preview:large","max-video-preview":"max-video-preview:-1"},"canonical":"https:\/\/www.geolegadodeallankardec.com.br\/es\/primeros-pasos\/","og_locale":"es_ES","og_type":"article","og_title":"Primeiros passos","og_description":"O grupo se reunir\u00e1 com periodicidade definida, em data e hor\u00e1rio a combinar, conforme a disponibilidade da grande maioria dos participantes. Utilizaremos os diversos meios poss\u00edveis, buscando a realiza\u00e7\u00e3o de encontros on-line, gravados, a fim de disponibilizar o conte\u00fado desses estudos atrav\u00e9s de meios como o Youtube. Transcri\u00e7\u00f5es ou cria\u00e7\u00e3o de artigos sobre esses conte\u00fados [&hellip;]","og_url":"https:\/\/www.geolegadodeallankardec.com.br\/es\/primeros-pasos\/","og_site_name":"Grupo de Estudos O Legado de Allan Kardec","article_modified_time":"2021-08-24T14:29:49+00:00","twitter_card":"summary_large_image","twitter_misc":{"Tiempo de lectura":"1 minuto"},"schema":{"@context":"https:\/\/schema.org","@graph":[{"@type":"WebPage","@id":"https:\/\/www.geolegadodeallankardec.com.br\/primeiros-passos\/","url":"https:\/\/www.geolegadodeallankardec.com.br\/primeiros-passos\/","name":"Primeros pasos - Grupo de Estudio El Legado de Allan Kardec","isPartOf":{"@id":"https:\/\/www.geolegadodeallankardec.com.br\/es\/#website"},"datePublished":"2021-08-24T14:29:47+00:00","dateModified":"2021-08-24T14:29:49+00:00","breadcrumb":{"@id":"https:\/\/www.geolegadodeallankardec.com.br\/primeiros-passos\/#breadcrumb"},"inLanguage":"es","potentialAction":[{"@type":"ReadAction","target":["https:\/\/www.geolegadodeallankardec.com.br\/primeiros-passos\/"]}]},{"@type":"BreadcrumbList","@id":"https:\/\/www.geolegadodeallankardec.com.br\/primeiros-passos\/#breadcrumb","itemListElement":[{"@type":"ListItem","position":1,"name":"In\u00edcio","item":"https:\/\/www.geolegadodeallankardec.com.br\/"},{"@type":"ListItem","position":2,"name":"Primeiros passos"}]},{"@type":"WebSite","@id":"https:\/\/www.geolegadodeallankardec.com.br\/es\/#website","url":"https:\/\/www.geolegadodeallankardec.com.br\/es\/","name":"Grupo de Estudio El Legado de Allan Kardec","description":"Grupo de Estudio destinado a profundizar el estudio del Espiritismo","potentialAction":[{"@type":"SearchAction","target":{"@type":"EntryPoint","urlTemplate":"https:\/\/www.geolegadodeallankardec.com.br\/es\/?s={search_term_string}"},"query-input":{"@type":"PropertyValueSpecification","valueRequired":true,"valueName":"search_term_string"}}],"inLanguage":"es"}]}},"_links":{"self":[{"href":"https:\/\/www.geolegadodeallankardec.com.br\/es\/wp-json\/wp\/v2\/pages\/125","targetHints":{"allow":["GET"]}}],"collection":[{"href":"https:\/\/www.geolegadodeallankardec.com.br\/es\/wp-json\/wp\/v2\/pages"}],"about":[{"href":"https:\/\/www.geolegadodeallankardec.com.br\/es\/wp-json\/wp\/v2\/types\/page"}],"author":[{"embeddable":true,"href":"https:\/\/www.geolegadodeallankardec.com.br\/es\/wp-json\/wp\/v2\/users\/34"}],"replies":[{"embeddable":true,"href":"https:\/\/www.geolegadodeallankardec.com.br\/es\/wp-json\/wp\/v2\/comments?post=125"}],"version-history":[{"count":1,"href":"https:\/\/www.geolegadodeallankardec.com.br\/es\/wp-json\/wp\/v2\/pages\/125\/revisions"}],"predecessor-version":[{"id":126,"href":"https:\/\/www.geolegadodeallankardec.com.br\/es\/wp-json\/wp\/v2\/pages\/125\/revisions\/126"}],"wp:attachment":[{"href":"https:\/\/www.geolegadodeallankardec.com.br\/es\/wp-json\/wp\/v2\/media?parent=125"}],"curies":[{"name":"gracias","href":"https:\/\/api.w.org\/{rel}","templated":true}]}}