{"id":9538,"date":"2026-05-02T21:26:25","date_gmt":"2026-05-03T00:26:25","guid":{"rendered":"https:\/\/www.geolegadodeallankardec.com.br\/?page_id=9538"},"modified":"2026-05-02T21:26:27","modified_gmt":"2026-05-03T00:26:27","slug":"apoie","status":"publish","type":"page","link":"https:\/\/www.geolegadodeallankardec.com.br\/en\/apoie\/","title":{"rendered":"Support"},"content":{"rendered":"<div class=\"pdfprnt-buttons pdfprnt-buttons-page pdfprnt-top-right\"><a href=\"https:\/\/www.geolegadodeallankardec.com.br\/en\/wp-json\/wp\/v2\/pages\/9538?print=pdf\" class=\"pdfprnt-button pdfprnt-button-pdf\" target=\"_blank\" ><img decoding=\"async\" data-src=\"https:\/\/www.geolegadodeallankardec.com.br\/wp-content\/plugins\/pdf-print\/images\/pdf.png\" alt=\"image_pdf\" title=\"View PDF\" src=\"data:image\/svg+xml;base64,PHN2ZyB3aWR0aD0iMSIgaGVpZ2h0PSIxIiB4bWxucz0iaHR0cDovL3d3dy53My5vcmcvMjAwMC9zdmciPjwvc3ZnPg==\" class=\"lazyload\" style=\"--smush-placeholder-width: 32px; --smush-placeholder-aspect-ratio: 32\/32;\" \/><\/a><a href=\"https:\/\/www.geolegadodeallankardec.com.br\/en\/wp-json\/wp\/v2\/pages\/9538?print=print\" class=\"pdfprnt-button pdfprnt-button-print\" target=\"_blank\" ><img decoding=\"async\" data-src=\"https:\/\/www.geolegadodeallankardec.com.br\/wp-content\/plugins\/pdf-print\/images\/print.png\" alt=\"image_print\" title=\"Print Content\" src=\"data:image\/svg+xml;base64,PHN2ZyB3aWR0aD0iMSIgaGVpZ2h0PSIxIiB4bWxucz0iaHR0cDovL3d3dy53My5vcmcvMjAwMC9zdmciPjwvc3ZnPg==\" class=\"lazyload\" style=\"--smush-placeholder-width: 32px; --smush-placeholder-aspect-ratio: 32\/32;\" \/><\/a><\/div>\n<p>Temos custos para manter esse site, traduz\u00ed-lo, custear ferramentas de IA e produzir conte\u00fado. Fazemos tudo de nossa livre-vontade e entregamos tudo para voc\u00eas, gratuitamente, conforme nossas possibilidades. Mas tamb\u00e9m temos mais projetos que gostar\u00edamos de fazer, mais conte\u00fados a produzir e tudo demanda muita dedica\u00e7\u00e3o.<\/p>\n\n\n\n<p>Caso voc\u00ea tenha vontade de apoiar a nossa iniciativa, sinta-se livre para fazer uma doa\u00e7\u00e3o a n\u00f3s, atrav\u00e9s do Pix abaixo, em nome de Paulo D. R. Junior:<\/p>\n\n\n<div class=\"wp-block-image\">\n<figure class=\"aligncenter size-full is-resized\"><img fetchpriority=\"high\" decoding=\"async\" width=\"400\" height=\"400\" src=\"https:\/\/www.geolegadodeallankardec.com.br\/wp-content\/uploads\/2026\/05\/qrcode-pix.png\" alt=\"\" class=\"wp-image-9539\" style=\"width:298px;height:auto\" srcset=\"https:\/\/www.geolegadodeallankardec.com.br\/wp-content\/uploads\/2026\/05\/qrcode-pix.png 400w, https:\/\/www.geolegadodeallankardec.com.br\/wp-content\/uploads\/2026\/05\/qrcode-pix-300x300.png 300w, https:\/\/www.geolegadodeallankardec.com.br\/wp-content\/uploads\/2026\/05\/qrcode-pix-150x150.png 150w, https:\/\/www.geolegadodeallankardec.com.br\/wp-content\/uploads\/2026\/05\/qrcode-pix-12x12.png 12w, https:\/\/www.geolegadodeallankardec.com.br\/wp-content\/uploads\/2026\/05\/qrcode-pix-250x250.png 250w\" sizes=\"(max-width: 400px) 100vw, 400px\" \/><\/figure>\n<\/div>","protected":false},"excerpt":{"rendered":"<p>Temos custos para manter esse site, traduz\u00ed-lo, custear ferramentas de IA e produzir conte\u00fado. Fazemos tudo de nossa livre-vontade e entregamos tudo para voc\u00eas, gratuitamente, conforme nossas possibilidades. Mas tamb\u00e9m temos mais projetos que gostar\u00edamos de fazer, mais conte\u00fados a produzir e tudo demanda muita dedica\u00e7\u00e3o. Caso voc\u00ea tenha vontade de apoiar a nossa iniciativa, [&hellip;]<\/p>\n","protected":false},"author":12,"featured_media":0,"parent":0,"menu_order":0,"comment_status":"closed","ping_status":"closed","template":"","meta":{"footnotes":""},"class_list":["post-9538","page","type-page","status-publish","hentry"],"yoast_head":"<!-- This site is optimized with the Yoast SEO Premium plugin v21.1 (Yoast SEO v27.4) - https:\/\/yoast.com\/product\/yoast-seo-premium-wordpress\/ -->\n<title>Apoie - Grupo de Estudos O Legado de Allan Kardec<\/title>\n<meta name=\"robots\" content=\"index, follow, max-snippet:-1, max-image-preview:large, max-video-preview:-1\" \/>\n<link rel=\"canonical\" href=\"https:\/\/www.geolegadodeallankardec.com.br\/en\/apoie\/\" \/>\n<meta property=\"og:locale\" content=\"en_US\" \/>\n<meta property=\"og:type\" content=\"article\" \/>\n<meta property=\"og:title\" content=\"Apoie\" \/>\n<meta property=\"og:description\" content=\"Temos custos para manter esse site, traduz\u00ed-lo, custear ferramentas de IA e produzir conte\u00fado. Fazemos tudo de nossa livre-vontade e entregamos tudo para voc\u00eas, gratuitamente, conforme nossas possibilidades. Mas tamb\u00e9m temos mais projetos que gostar\u00edamos de fazer, mais conte\u00fados a produzir e tudo demanda muita dedica\u00e7\u00e3o. Caso voc\u00ea tenha vontade de apoiar a nossa iniciativa, [&hellip;]\" \/>\n<meta property=\"og:url\" content=\"https:\/\/www.geolegadodeallankardec.com.br\/en\/apoie\/\" \/>\n<meta property=\"og:site_name\" content=\"Grupo de Estudos O Legado de Allan Kardec\" \/>\n<meta property=\"article:modified_time\" content=\"2026-05-03T00:26:27+00:00\" \/>\n<meta property=\"og:image\" content=\"https:\/\/www.geolegadodeallankardec.com.br\/wp-content\/uploads\/2026\/05\/qrcode-pix.png\" \/>\n\t<meta property=\"og:image:width\" content=\"400\" \/>\n\t<meta property=\"og:image:height\" content=\"400\" \/>\n\t<meta property=\"og:image:type\" content=\"image\/png\" \/>\n<meta name=\"twitter:card\" content=\"summary_large_image\" \/>\n<meta name=\"twitter:label1\" content=\"Est. reading time\" \/>\n\t<meta name=\"twitter:data1\" content=\"1 minute\" \/>\n<script type=\"application\/ld+json\" class=\"yoast-schema-graph\">{\"@context\":\"https:\\\/\\\/schema.org\",\"@graph\":[{\"@type\":\"WebPage\",\"@id\":\"https:\\\/\\\/www.geolegadodeallankardec.com.br\\\/apoie\\\/\",\"url\":\"https:\\\/\\\/www.geolegadodeallankardec.com.br\\\/apoie\\\/\",\"name\":\"Apoie - Grupo de Estudos O Legado de Allan Kardec\",\"isPartOf\":{\"@id\":\"https:\\\/\\\/www.geolegadodeallankardec.com.br\\\/es\\\/#website\"},\"primaryImageOfPage\":{\"@id\":\"https:\\\/\\\/www.geolegadodeallankardec.com.br\\\/apoie\\\/#primaryimage\"},\"image\":{\"@id\":\"https:\\\/\\\/www.geolegadodeallankardec.com.br\\\/apoie\\\/#primaryimage\"},\"thumbnailUrl\":\"https:\\\/\\\/www.geolegadodeallankardec.com.br\\\/wp-content\\\/uploads\\\/2026\\\/05\\\/qrcode-pix.png\",\"datePublished\":\"2026-05-03T00:26:25+00:00\",\"dateModified\":\"2026-05-03T00:26:27+00:00\",\"breadcrumb\":{\"@id\":\"https:\\\/\\\/www.geolegadodeallankardec.com.br\\\/apoie\\\/#breadcrumb\"},\"inLanguage\":\"en-US\",\"potentialAction\":[{\"@type\":\"ReadAction\",\"target\":[\"https:\\\/\\\/www.geolegadodeallankardec.com.br\\\/apoie\\\/\"]}]},{\"@type\":\"ImageObject\",\"inLanguage\":\"en-US\",\"@id\":\"https:\\\/\\\/www.geolegadodeallankardec.com.br\\\/apoie\\\/#primaryimage\",\"url\":\"https:\\\/\\\/www.geolegadodeallankardec.com.br\\\/wp-content\\\/uploads\\\/2026\\\/05\\\/qrcode-pix.png\",\"contentUrl\":\"https:\\\/\\\/www.geolegadodeallankardec.com.br\\\/wp-content\\\/uploads\\\/2026\\\/05\\\/qrcode-pix.png\"},{\"@type\":\"BreadcrumbList\",\"@id\":\"https:\\\/\\\/www.geolegadodeallankardec.com.br\\\/apoie\\\/#breadcrumb\",\"itemListElement\":[{\"@type\":\"ListItem\",\"position\":1,\"name\":\"In\u00edcio\",\"item\":\"https:\\\/\\\/www.geolegadodeallankardec.com.br\\\/\"},{\"@type\":\"ListItem\",\"position\":2,\"name\":\"Apoie\"}]},{\"@type\":\"WebSite\",\"@id\":\"https:\\\/\\\/www.geolegadodeallankardec.com.br\\\/es\\\/#website\",\"url\":\"https:\\\/\\\/www.geolegadodeallankardec.com.br\\\/es\\\/\",\"name\":\"Grupo de Estudos O Legado de Allan Kardec\",\"description\":\"Grupo de Estudos voltado ao aprofundamento do estudo do Espiritismo\",\"potentialAction\":[{\"@type\":\"SearchAction\",\"target\":{\"@type\":\"EntryPoint\",\"urlTemplate\":\"https:\\\/\\\/www.geolegadodeallankardec.com.br\\\/es\\\/?s={search_term_string}\"},\"query-input\":{\"@type\":\"PropertyValueSpecification\",\"valueRequired\":true,\"valueName\":\"search_term_string\"}}],\"inLanguage\":\"en-US\"}]}<\/script>\n<!-- \/ Yoast SEO Premium plugin. -->","yoast_head_json":{"title":"Apoie - Grupo de Estudos O Legado de Allan Kardec","robots":{"index":"index","follow":"follow","max-snippet":"max-snippet:-1","max-image-preview":"max-image-preview:large","max-video-preview":"max-video-preview:-1"},"canonical":"https:\/\/www.geolegadodeallankardec.com.br\/en\/apoie\/","og_locale":"en_US","og_type":"article","og_title":"Apoie","og_description":"Temos custos para manter esse site, traduz\u00ed-lo, custear ferramentas de IA e produzir conte\u00fado. Fazemos tudo de nossa livre-vontade e entregamos tudo para voc\u00eas, gratuitamente, conforme nossas possibilidades. Mas tamb\u00e9m temos mais projetos que gostar\u00edamos de fazer, mais conte\u00fados a produzir e tudo demanda muita dedica\u00e7\u00e3o. Caso voc\u00ea tenha vontade de apoiar a nossa iniciativa, [&hellip;]","og_url":"https:\/\/www.geolegadodeallankardec.com.br\/en\/apoie\/","og_site_name":"Grupo de Estudos O Legado de Allan Kardec","article_modified_time":"2026-05-03T00:26:27+00:00","og_image":[{"width":400,"height":400,"url":"https:\/\/www.geolegadodeallankardec.com.br\/wp-content\/uploads\/2026\/05\/qrcode-pix.png","type":"image\/png"}],"twitter_card":"summary_large_image","twitter_misc":{"Est. reading time":"1 minute"},"schema":{"@context":"https:\/\/schema.org","@graph":[{"@type":"WebPage","@id":"https:\/\/www.geolegadodeallankardec.com.br\/apoie\/","url":"https:\/\/www.geolegadodeallankardec.com.br\/apoie\/","name":"Apoie - Grupo de Estudos O Legado de Allan Kardec","isPartOf":{"@id":"https:\/\/www.geolegadodeallankardec.com.br\/es\/#website"},"primaryImageOfPage":{"@id":"https:\/\/www.geolegadodeallankardec.com.br\/apoie\/#primaryimage"},"image":{"@id":"https:\/\/www.geolegadodeallankardec.com.br\/apoie\/#primaryimage"},"thumbnailUrl":"https:\/\/www.geolegadodeallankardec.com.br\/wp-content\/uploads\/2026\/05\/qrcode-pix.png","datePublished":"2026-05-03T00:26:25+00:00","dateModified":"2026-05-03T00:26:27+00:00","breadcrumb":{"@id":"https:\/\/www.geolegadodeallankardec.com.br\/apoie\/#breadcrumb"},"inLanguage":"en-US","potentialAction":[{"@type":"ReadAction","target":["https:\/\/www.geolegadodeallankardec.com.br\/apoie\/"]}]},{"@type":"ImageObject","inLanguage":"en-US","@id":"https:\/\/www.geolegadodeallankardec.com.br\/apoie\/#primaryimage","url":"https:\/\/www.geolegadodeallankardec.com.br\/wp-content\/uploads\/2026\/05\/qrcode-pix.png","contentUrl":"https:\/\/www.geolegadodeallankardec.com.br\/wp-content\/uploads\/2026\/05\/qrcode-pix.png"},{"@type":"BreadcrumbList","@id":"https:\/\/www.geolegadodeallankardec.com.br\/apoie\/#breadcrumb","itemListElement":[{"@type":"ListItem","position":1,"name":"In\u00edcio","item":"https:\/\/www.geolegadodeallankardec.com.br\/"},{"@type":"ListItem","position":2,"name":"Apoie"}]},{"@type":"WebSite","@id":"https:\/\/www.geolegadodeallankardec.com.br\/es\/#website","url":"https:\/\/www.geolegadodeallankardec.com.br\/es\/","name":"Study Group The Legacy of Allan Kardec","description":"Study Group aimed at deepening the study of Spiritism","potentialAction":[{"@type":"SearchAction","target":{"@type":"EntryPoint","urlTemplate":"https:\/\/www.geolegadodeallankardec.com.br\/es\/?s={search_term_string}"},"query-input":{"@type":"PropertyValueSpecification","valueRequired":true,"valueName":"search_term_string"}}],"inLanguage":"en-US"}]}},"_links":{"self":[{"href":"https:\/\/www.geolegadodeallankardec.com.br\/en\/wp-json\/wp\/v2\/pages\/9538","targetHints":{"allow":["GET"]}}],"collection":[{"href":"https:\/\/www.geolegadodeallankardec.com.br\/en\/wp-json\/wp\/v2\/pages"}],"about":[{"href":"https:\/\/www.geolegadodeallankardec.com.br\/en\/wp-json\/wp\/v2\/types\/page"}],"author":[{"embeddable":true,"href":"https:\/\/www.geolegadodeallankardec.com.br\/en\/wp-json\/wp\/v2\/users\/12"}],"replies":[{"embeddable":true,"href":"https:\/\/www.geolegadodeallankardec.com.br\/en\/wp-json\/wp\/v2\/comments?post=9538"}],"version-history":[{"count":1,"href":"https:\/\/www.geolegadodeallankardec.com.br\/en\/wp-json\/wp\/v2\/pages\/9538\/revisions"}],"predecessor-version":[{"id":9540,"href":"https:\/\/www.geolegadodeallankardec.com.br\/en\/wp-json\/wp\/v2\/pages\/9538\/revisions\/9540"}],"wp:attachment":[{"href":"https:\/\/www.geolegadodeallankardec.com.br\/en\/wp-json\/wp\/v2\/media?parent=9538"}],"curies":[{"name":"wp","href":"https:\/\/api.w.org\/{rel}","templated":true}]}}