{"id":666,"date":"2021-08-26T14:08:26","date_gmt":"2021-08-26T17:08:26","guid":{"rendered":"https:\/\/geolegadodeallankardec.com.br\/?page_id=666"},"modified":"2023-09-13T09:46:55","modified_gmt":"2023-09-13T12:46:55","slug":"study-planning","status":"publish","type":"page","link":"https:\/\/www.geolegadodeallankardec.com.br\/en\/planejamento-dos-estudos\/","title":{"rendered":"Study Planning"},"content":{"rendered":"<div class=\"pdfprnt-buttons pdfprnt-buttons-page pdfprnt-top-right\"><a href=\"https:\/\/www.geolegadodeallankardec.com.br\/en\/wp-json\/wp\/v2\/pages\/666?print=pdf\" class=\"pdfprnt-button pdfprnt-button-pdf\" target=\"_blank\" ><img decoding=\"async\" data-src=\"https:\/\/www.geolegadodeallankardec.com.br\/wp-content\/plugins\/pdf-print\/images\/pdf.png\" alt=\"image_pdf\" title=\"View PDF\" src=\"data:image\/svg+xml;base64,PHN2ZyB3aWR0aD0iMSIgaGVpZ2h0PSIxIiB4bWxucz0iaHR0cDovL3d3dy53My5vcmcvMjAwMC9zdmciPjwvc3ZnPg==\" class=\"lazyload\" style=\"--smush-placeholder-width: 32px; --smush-placeholder-aspect-ratio: 32\/32;\" \/><\/a><a href=\"https:\/\/www.geolegadodeallankardec.com.br\/en\/wp-json\/wp\/v2\/pages\/666?print=print\" class=\"pdfprnt-button pdfprnt-button-print\" target=\"_blank\" ><img decoding=\"async\" data-src=\"https:\/\/www.geolegadodeallankardec.com.br\/wp-content\/plugins\/pdf-print\/images\/print.png\" alt=\"image_print\" title=\"Print Content\" src=\"data:image\/svg+xml;base64,PHN2ZyB3aWR0aD0iMSIgaGVpZ2h0PSIxIiB4bWxucz0iaHR0cDovL3d3dy53My5vcmcvMjAwMC9zdmciPjwvc3ZnPg==\" class=\"lazyload\" style=\"--smush-placeholder-width: 32px; --smush-placeholder-aspect-ratio: 32\/32;\" \/><\/a><\/div><p>as we said in\u00a0<em><a href=\"https:\/\/www.geolegadodeallankardec.com.br\/en\/first-steps\/\" target=\"_blank\" rel=\"noreferrer noopener\">first steps<\/a><\/em>, the plan is to conduct the studies, at least initially, guided by the Revista Esp\u00edrita. This will give us better resources to better understand Allan Kardec&#039;s studies and will also give us subjects to delve into in other works.<\/p>\n<p>The suggestion is to hold weekly recorded virtual meetings, which will later be made available on our website.\u00a0<a href=\"https:\/\/www.youtube.com\/channel\/UCrsXr9UwsZ4G41jGpV48hKA\" target=\"_blank\" rel=\"noreferrer noopener\">Youtube channel<\/a>. We propose that we try to maintain the rhythm of studying the journal for one month each week, but this pace can be accelerated or delayed depending on the content covered. The important thing is that each meeting generates, at least:<\/p>\n<ul>\n<li>A video, containing the recording of our discussions<\/li>\n<li>An article, to be published on the website and, if possible, on Facebook, containing some description of what was studied<\/li>\n<\/ul>","protected":false},"excerpt":{"rendered":"<p>Como dissemos em\u00a0primeiros passos, o plano \u00e9 conduzir os estudos, pelo menos inicialmente, nos pautando pela Revista Esp\u00edrita. Isso nos dar\u00e1 melhores recursos para melhor entender os estudos de Allan Kardec e tamb\u00e9m nos dar\u00e1 assuntos para nos aprofundarmos em outras obras. A sugest\u00e3o \u00e9 realizarmos encontros virtuais semanais, gravados, que ser\u00e3o posteriormente disponibilizados em [&hellip;]<\/p>\n","protected":false},"author":12,"featured_media":0,"parent":0,"menu_order":0,"comment_status":"closed","ping_status":"closed","template":"","meta":{"footnotes":""},"class_list":["post-666","page","type-page","status-publish","hentry"],"yoast_head":"<!-- This site is optimized with the Yoast SEO Premium plugin v21.1 (Yoast SEO v27.2) - https:\/\/yoast.com\/product\/yoast-seo-premium-wordpress\/ -->\n<title>Planejamento dos Estudos - Grupo de Estudos O Legado de Allan Kardec<\/title>\n<meta name=\"robots\" content=\"index, follow, max-snippet:-1, max-image-preview:large, max-video-preview:-1\" \/>\n<link rel=\"canonical\" href=\"https:\/\/www.geolegadodeallankardec.com.br\/en\/study-planning\/\" \/>\n<meta property=\"og:locale\" content=\"en_US\" \/>\n<meta property=\"og:type\" content=\"article\" \/>\n<meta property=\"og:title\" content=\"Planejamento dos Estudos\" \/>\n<meta property=\"og:description\" content=\"Como dissemos em\u00a0primeiros passos, o plano \u00e9 conduzir os estudos, pelo menos inicialmente, nos pautando pela Revista Esp\u00edrita. Isso nos dar\u00e1 melhores recursos para melhor entender os estudos de Allan Kardec e tamb\u00e9m nos dar\u00e1 assuntos para nos aprofundarmos em outras obras. A sugest\u00e3o \u00e9 realizarmos encontros virtuais semanais, gravados, que ser\u00e3o posteriormente disponibilizados em [&hellip;]\" \/>\n<meta property=\"og:url\" content=\"https:\/\/www.geolegadodeallankardec.com.br\/en\/study-planning\/\" \/>\n<meta property=\"og:site_name\" content=\"Grupo de Estudos O Legado de Allan Kardec\" \/>\n<meta property=\"article:modified_time\" content=\"2023-09-13T12:46:55+00:00\" \/>\n<meta name=\"twitter:card\" content=\"summary_large_image\" \/>\n<meta name=\"twitter:label1\" content=\"Est. reading time\" \/>\n\t<meta name=\"twitter:data1\" content=\"1 minute\" \/>\n<script type=\"application\/ld+json\" class=\"yoast-schema-graph\">{\"@context\":\"https:\/\/schema.org\",\"@graph\":[{\"@type\":\"WebPage\",\"@id\":\"https:\/\/www.geolegadodeallankardec.com.br\/planejamento-dos-estudos\/\",\"url\":\"https:\/\/www.geolegadodeallankardec.com.br\/planejamento-dos-estudos\/\",\"name\":\"Planejamento dos Estudos - Grupo de Estudos O Legado de Allan Kardec\",\"isPartOf\":{\"@id\":\"https:\/\/www.geolegadodeallankardec.com.br\/es\/#website\"},\"datePublished\":\"2021-08-26T17:08:26+00:00\",\"dateModified\":\"2023-09-13T12:46:55+00:00\",\"breadcrumb\":{\"@id\":\"https:\/\/www.geolegadodeallankardec.com.br\/planejamento-dos-estudos\/#breadcrumb\"},\"inLanguage\":\"en-US\",\"potentialAction\":[{\"@type\":\"ReadAction\",\"target\":[\"https:\/\/www.geolegadodeallankardec.com.br\/planejamento-dos-estudos\/\"]}]},{\"@type\":\"BreadcrumbList\",\"@id\":\"https:\/\/www.geolegadodeallankardec.com.br\/planejamento-dos-estudos\/#breadcrumb\",\"itemListElement\":[{\"@type\":\"ListItem\",\"position\":1,\"name\":\"In\u00edcio\",\"item\":\"https:\/\/www.geolegadodeallankardec.com.br\/\"},{\"@type\":\"ListItem\",\"position\":2,\"name\":\"Planejamento dos Estudos\"}]},{\"@type\":\"WebSite\",\"@id\":\"https:\/\/www.geolegadodeallankardec.com.br\/es\/#website\",\"url\":\"https:\/\/www.geolegadodeallankardec.com.br\/es\/\",\"name\":\"Grupo de Estudos O Legado de Allan Kardec\",\"description\":\"Grupo de Estudos voltado ao aprofundamento do estudo do Espiritismo\",\"potentialAction\":[{\"@type\":\"SearchAction\",\"target\":{\"@type\":\"EntryPoint\",\"urlTemplate\":\"https:\/\/www.geolegadodeallankardec.com.br\/es\/?s={search_term_string}\"},\"query-input\":{\"@type\":\"PropertyValueSpecification\",\"valueRequired\":true,\"valueName\":\"search_term_string\"}}],\"inLanguage\":\"en-US\"}]}<\/script>\n<!-- \/ Yoast SEO Premium plugin. -->","yoast_head_json":{"title":"Study Planning - Study Group The Legacy of Allan Kardec","robots":{"index":"index","follow":"follow","max-snippet":"max-snippet:-1","max-image-preview":"max-image-preview:large","max-video-preview":"max-video-preview:-1"},"canonical":"https:\/\/www.geolegadodeallankardec.com.br\/en\/study-planning\/","og_locale":"en_US","og_type":"article","og_title":"Planejamento dos Estudos","og_description":"Como dissemos em\u00a0primeiros passos, o plano \u00e9 conduzir os estudos, pelo menos inicialmente, nos pautando pela Revista Esp\u00edrita. Isso nos dar\u00e1 melhores recursos para melhor entender os estudos de Allan Kardec e tamb\u00e9m nos dar\u00e1 assuntos para nos aprofundarmos em outras obras. A sugest\u00e3o \u00e9 realizarmos encontros virtuais semanais, gravados, que ser\u00e3o posteriormente disponibilizados em [&hellip;]","og_url":"https:\/\/www.geolegadodeallankardec.com.br\/en\/study-planning\/","og_site_name":"Grupo de Estudos O Legado de Allan Kardec","article_modified_time":"2023-09-13T12:46:55+00:00","twitter_card":"summary_large_image","twitter_misc":{"Est. reading time":"1 minute"},"schema":{"@context":"https:\/\/schema.org","@graph":[{"@type":"WebPage","@id":"https:\/\/www.geolegadodeallankardec.com.br\/planejamento-dos-estudos\/","url":"https:\/\/www.geolegadodeallankardec.com.br\/planejamento-dos-estudos\/","name":"Study Planning - Study Group The Legacy of Allan Kardec","isPartOf":{"@id":"https:\/\/www.geolegadodeallankardec.com.br\/es\/#website"},"datePublished":"2021-08-26T17:08:26+00:00","dateModified":"2023-09-13T12:46:55+00:00","breadcrumb":{"@id":"https:\/\/www.geolegadodeallankardec.com.br\/planejamento-dos-estudos\/#breadcrumb"},"inLanguage":"en-US","potentialAction":[{"@type":"ReadAction","target":["https:\/\/www.geolegadodeallankardec.com.br\/planejamento-dos-estudos\/"]}]},{"@type":"BreadcrumbList","@id":"https:\/\/www.geolegadodeallankardec.com.br\/planejamento-dos-estudos\/#breadcrumb","itemListElement":[{"@type":"ListItem","position":1,"name":"In\u00edcio","item":"https:\/\/www.geolegadodeallankardec.com.br\/"},{"@type":"ListItem","position":2,"name":"Planejamento dos Estudos"}]},{"@type":"WebSite","@id":"https:\/\/www.geolegadodeallankardec.com.br\/es\/#website","url":"https:\/\/www.geolegadodeallankardec.com.br\/es\/","name":"Study Group The Legacy of Allan Kardec","description":"Study Group aimed at deepening the study of Spiritism","potentialAction":[{"@type":"SearchAction","target":{"@type":"EntryPoint","urlTemplate":"https:\/\/www.geolegadodeallankardec.com.br\/es\/?s={search_term_string}"},"query-input":{"@type":"PropertyValueSpecification","valueRequired":true,"valueName":"search_term_string"}}],"inLanguage":"en-US"}]}},"_links":{"self":[{"href":"https:\/\/www.geolegadodeallankardec.com.br\/en\/wp-json\/wp\/v2\/pages\/666","targetHints":{"allow":["GET"]}}],"collection":[{"href":"https:\/\/www.geolegadodeallankardec.com.br\/en\/wp-json\/wp\/v2\/pages"}],"about":[{"href":"https:\/\/www.geolegadodeallankardec.com.br\/en\/wp-json\/wp\/v2\/types\/page"}],"author":[{"embeddable":true,"href":"https:\/\/www.geolegadodeallankardec.com.br\/en\/wp-json\/wp\/v2\/users\/12"}],"replies":[{"embeddable":true,"href":"https:\/\/www.geolegadodeallankardec.com.br\/en\/wp-json\/wp\/v2\/comments?post=666"}],"version-history":[{"count":5,"href":"https:\/\/www.geolegadodeallankardec.com.br\/en\/wp-json\/wp\/v2\/pages\/666\/revisions"}],"predecessor-version":[{"id":7262,"href":"https:\/\/www.geolegadodeallankardec.com.br\/en\/wp-json\/wp\/v2\/pages\/666\/revisions\/7262"}],"wp:attachment":[{"href":"https:\/\/www.geolegadodeallankardec.com.br\/en\/wp-json\/wp\/v2\/media?parent=666"}],"curies":[{"name":"wp","href":"https:\/\/api.w.org\/{rel}","templated":true}]}}