{"id":589,"date":"2021-08-26T10:13:40","date_gmt":"2021-08-26T13:13:40","guid":{"rendered":"https:\/\/geolegadodeallankardec.com.br\/?page_id=589"},"modified":"2023-09-13T09:44:33","modified_gmt":"2023-09-13T12:44:33","slug":"group-information","status":"publish","type":"page","link":"https:\/\/www.geolegadodeallankardec.com.br\/en\/informacoes-do-grupo\/","title":{"rendered":"Group Information"},"content":{"rendered":"<div class=\"pdfprnt-buttons pdfprnt-buttons-page pdfprnt-top-right\"><a href=\"https:\/\/www.geolegadodeallankardec.com.br\/en\/wp-json\/wp\/v2\/pages\/589?print=pdf\" class=\"pdfprnt-button pdfprnt-button-pdf\" target=\"_blank\" ><img decoding=\"async\" data-src=\"https:\/\/www.geolegadodeallankardec.com.br\/wp-content\/plugins\/pdf-print\/images\/pdf.png\" alt=\"image_pdf\" title=\"View PDF\" src=\"data:image\/svg+xml;base64,PHN2ZyB3aWR0aD0iMSIgaGVpZ2h0PSIxIiB4bWxucz0iaHR0cDovL3d3dy53My5vcmcvMjAwMC9zdmciPjwvc3ZnPg==\" class=\"lazyload\" style=\"--smush-placeholder-width: 32px; --smush-placeholder-aspect-ratio: 32\/32;\" \/><\/a><a href=\"https:\/\/www.geolegadodeallankardec.com.br\/en\/wp-json\/wp\/v2\/pages\/589?print=print\" class=\"pdfprnt-button pdfprnt-button-print\" target=\"_blank\" ><img decoding=\"async\" data-src=\"https:\/\/www.geolegadodeallankardec.com.br\/wp-content\/plugins\/pdf-print\/images\/print.png\" alt=\"image_print\" title=\"Print Content\" src=\"data:image\/svg+xml;base64,PHN2ZyB3aWR0aD0iMSIgaGVpZ2h0PSIxIiB4bWxucz0iaHR0cDovL3d3dy53My5vcmcvMjAwMC9zdmciPjwvc3ZnPg==\" class=\"lazyload\" style=\"--smush-placeholder-width: 32px; --smush-placeholder-aspect-ratio: 32\/32;\" \/><\/a><\/div><p class=\"has-normal-font-size\">To better understand the purposes of this group, read the page\u00a0<strong>&quot;<a href=\"https:\/\/www.geolegadodeallankardec.com.br\/en\/group-purpose\/\">group purpose<\/a>&quot;, carefully<\/strong>. Discover our \u201c<a href=\"https:\/\/www.geolegadodeallankardec.com.br\/en\/regiment\/\"><strong>regiment<\/strong><\/a>\u201d and the \u201c<strong><a href=\"https:\/\/www.geolegadodeallankardec.com.br\/en\/first-steps\/\">first steps<\/a><\/strong>\u201d recommended.<\/p>\n<p>As a study group, we need to build on something. For this, we chose to follow the studies through the Spiritist Magazine, in chronological order, which will give us the basis for many deepenings. This study will produce:<\/p>\n<ul>\n<li>videos, to be published in our\u00a0<a href=\"https:\/\/www.youtube.com\/channel\/UCrsXr9UwsZ4G41jGpV48hKA\"><strong>Youtube channel<\/strong><\/a><\/li>\n<li>articles, to be published on this site<\/li>\n<li>other media may be used, such as our\u00a0<a href=\"https:\/\/www.facebook.com\/groups\/geolegadodeak\"><strong>Group<\/strong><\/a>\u00a0it&#039;s ours\u00a0<strong><a href=\"https:\/\/www.facebook.com\/geolegadodeak\">Page<\/a><\/strong>, both on Facebook.<\/li>\n<\/ul>\n<p class=\"has-normal-font-size\">Regarding the organization of this group and the desire to make it multiply everywhere, we ask you to carefully read the contents of the \u201c<strong><a href=\"https:\/\/www.geolegadodeallankardec.com.br\/en\/booklet-of-recommendations\/\">recommendations booklet<\/a><\/strong>\u201d and page \u201c<strong><a href=\"https:\/\/www.geolegadodeallankardec.com.br\/en\/how-to-create-your-group\/\">how to create your group<\/a><\/strong>\u201c.<\/p>\n<p>Finally, we have in \u201c<strong><a href=\"https:\/\/www.geolegadodeallankardec.com.br\/en\/forum-2\/\" target=\"_blank\" rel=\"noreferrer noopener\" data-type=\"URL\" data-id=\"https:\/\/geolegadodeallankardec.com.br\/forum-2\/\">forum<\/a><\/strong>\u201d the area where members can interact regarding internal and public discussions; in &quot;<strong><a href=\"https:\/\/www.geolegadodeallankardec.com.br\/en\/latest-videos\/\" data-type=\"URL\" data-id=\"https:\/\/geolegadodeallankardec.com.br\/ultimos-videos\/\">latest videos<\/a><\/strong>\u201d we have the list of the latest Youtube content, produced by this group and, in \u201c<strong><a href=\"https:\/\/www.geolegadodeallankardec.com.br\/en\/articles-2\/\" target=\"_blank\" rel=\"noreferrer noopener\" data-type=\"URL\" data-id=\"https:\/\/geolegadodeallankardec.com.br\/artigos\/\">articles<\/a><\/strong>\u201c, we have a section dedicated to the publication of articles on topics relevant to this group.<\/p>\n<p>Members to be accepted into this group will be very carefully vetted about their intentions. If you think you can add to this group, or if you would just like to follow content and meetings as a \u201cbeginner\u201d,\u00a0<a href=\"https:\/\/www.geolegadodeallankardec.com.br\/en\/how-to-join-this-group\/\"><strong>Click here<\/strong><\/a>. We will be very happy to have you with us!<\/p>","protected":false},"excerpt":{"rendered":"<p>Para bem compreender os prop\u00f3sitos deste grupo, leia a p\u00e1gina\u00a0\u201cprop\u00f3sito do grupo\u201c, com muita aten\u00e7\u00e3o. Conhe\u00e7a o nosso \u201cregimento\u201d e os \u201cprimeiros passos\u201d recomendados. Como grupo de estudos, precisamos nos basear em algo. Para isso, escolhemos seguir os estudos atrav\u00e9s da Revista Esp\u00edrita, em ordem cronol\u00f3gica, o que nos dar\u00e1 base para muitos aprofundamentos. Esse [&hellip;]<\/p>\n","protected":false},"author":12,"featured_media":0,"parent":0,"menu_order":0,"comment_status":"closed","ping_status":"closed","template":"","meta":{"footnotes":""},"class_list":["post-589","page","type-page","status-publish","hentry"],"yoast_head":"<!-- This site is optimized with the Yoast SEO Premium plugin v21.1 (Yoast SEO v27.2) - https:\/\/yoast.com\/product\/yoast-seo-premium-wordpress\/ -->\n<title>Informa\u00e7\u00f5es do Grupo - Grupo de Estudos O Legado de Allan Kardec<\/title>\n<meta name=\"robots\" content=\"index, follow, max-snippet:-1, max-image-preview:large, max-video-preview:-1\" \/>\n<link rel=\"canonical\" href=\"https:\/\/www.geolegadodeallankardec.com.br\/en\/group-information\/\" \/>\n<meta property=\"og:locale\" content=\"en_US\" \/>\n<meta property=\"og:type\" content=\"article\" \/>\n<meta property=\"og:title\" content=\"Informa\u00e7\u00f5es do Grupo\" \/>\n<meta property=\"og:description\" content=\"Para bem compreender os prop\u00f3sitos deste grupo, leia a p\u00e1gina\u00a0\u201cprop\u00f3sito do grupo\u201c, com muita aten\u00e7\u00e3o. Conhe\u00e7a o nosso \u201cregimento\u201d e os \u201cprimeiros passos\u201d recomendados. Como grupo de estudos, precisamos nos basear em algo. Para isso, escolhemos seguir os estudos atrav\u00e9s da Revista Esp\u00edrita, em ordem cronol\u00f3gica, o que nos dar\u00e1 base para muitos aprofundamentos. Esse [&hellip;]\" \/>\n<meta property=\"og:url\" content=\"https:\/\/www.geolegadodeallankardec.com.br\/en\/group-information\/\" \/>\n<meta property=\"og:site_name\" content=\"Grupo de Estudos O Legado de Allan Kardec\" \/>\n<meta property=\"article:modified_time\" content=\"2023-09-13T12:44:33+00:00\" \/>\n<meta name=\"twitter:card\" content=\"summary_large_image\" \/>\n<meta name=\"twitter:label1\" content=\"Est. reading time\" \/>\n\t<meta name=\"twitter:data1\" content=\"1 minute\" \/>\n<script type=\"application\/ld+json\" class=\"yoast-schema-graph\">{\"@context\":\"https:\/\/schema.org\",\"@graph\":[{\"@type\":\"WebPage\",\"@id\":\"https:\/\/www.geolegadodeallankardec.com.br\/informacoes-do-grupo\/\",\"url\":\"https:\/\/www.geolegadodeallankardec.com.br\/informacoes-do-grupo\/\",\"name\":\"Informa\u00e7\u00f5es do Grupo - Grupo de Estudos O Legado de Allan Kardec\",\"isPartOf\":{\"@id\":\"https:\/\/www.geolegadodeallankardec.com.br\/es\/#website\"},\"datePublished\":\"2021-08-26T13:13:40+00:00\",\"dateModified\":\"2023-09-13T12:44:33+00:00\",\"breadcrumb\":{\"@id\":\"https:\/\/www.geolegadodeallankardec.com.br\/informacoes-do-grupo\/#breadcrumb\"},\"inLanguage\":\"en-US\",\"potentialAction\":[{\"@type\":\"ReadAction\",\"target\":[\"https:\/\/www.geolegadodeallankardec.com.br\/informacoes-do-grupo\/\"]}]},{\"@type\":\"BreadcrumbList\",\"@id\":\"https:\/\/www.geolegadodeallankardec.com.br\/informacoes-do-grupo\/#breadcrumb\",\"itemListElement\":[{\"@type\":\"ListItem\",\"position\":1,\"name\":\"In\u00edcio\",\"item\":\"https:\/\/www.geolegadodeallankardec.com.br\/\"},{\"@type\":\"ListItem\",\"position\":2,\"name\":\"Informa\u00e7\u00f5es do Grupo\"}]},{\"@type\":\"WebSite\",\"@id\":\"https:\/\/www.geolegadodeallankardec.com.br\/es\/#website\",\"url\":\"https:\/\/www.geolegadodeallankardec.com.br\/es\/\",\"name\":\"Grupo de Estudos O Legado de Allan Kardec\",\"description\":\"Grupo de Estudos voltado ao aprofundamento do estudo do Espiritismo\",\"potentialAction\":[{\"@type\":\"SearchAction\",\"target\":{\"@type\":\"EntryPoint\",\"urlTemplate\":\"https:\/\/www.geolegadodeallankardec.com.br\/es\/?s={search_term_string}\"},\"query-input\":{\"@type\":\"PropertyValueSpecification\",\"valueRequired\":true,\"valueName\":\"search_term_string\"}}],\"inLanguage\":\"en-US\"}]}<\/script>\n<!-- \/ Yoast SEO Premium plugin. -->","yoast_head_json":{"title":"Group Information - Study Group The Legacy of Allan Kardec","robots":{"index":"index","follow":"follow","max-snippet":"max-snippet:-1","max-image-preview":"max-image-preview:large","max-video-preview":"max-video-preview:-1"},"canonical":"https:\/\/www.geolegadodeallankardec.com.br\/en\/group-information\/","og_locale":"en_US","og_type":"article","og_title":"Informa\u00e7\u00f5es do Grupo","og_description":"Para bem compreender os prop\u00f3sitos deste grupo, leia a p\u00e1gina\u00a0\u201cprop\u00f3sito do grupo\u201c, com muita aten\u00e7\u00e3o. Conhe\u00e7a o nosso \u201cregimento\u201d e os \u201cprimeiros passos\u201d recomendados. Como grupo de estudos, precisamos nos basear em algo. Para isso, escolhemos seguir os estudos atrav\u00e9s da Revista Esp\u00edrita, em ordem cronol\u00f3gica, o que nos dar\u00e1 base para muitos aprofundamentos. Esse [&hellip;]","og_url":"https:\/\/www.geolegadodeallankardec.com.br\/en\/group-information\/","og_site_name":"Grupo de Estudos O Legado de Allan Kardec","article_modified_time":"2023-09-13T12:44:33+00:00","twitter_card":"summary_large_image","twitter_misc":{"Est. reading time":"1 minute"},"schema":{"@context":"https:\/\/schema.org","@graph":[{"@type":"WebPage","@id":"https:\/\/www.geolegadodeallankardec.com.br\/informacoes-do-grupo\/","url":"https:\/\/www.geolegadodeallankardec.com.br\/informacoes-do-grupo\/","name":"Group Information - Study Group The Legacy of Allan Kardec","isPartOf":{"@id":"https:\/\/www.geolegadodeallankardec.com.br\/es\/#website"},"datePublished":"2021-08-26T13:13:40+00:00","dateModified":"2023-09-13T12:44:33+00:00","breadcrumb":{"@id":"https:\/\/www.geolegadodeallankardec.com.br\/informacoes-do-grupo\/#breadcrumb"},"inLanguage":"en-US","potentialAction":[{"@type":"ReadAction","target":["https:\/\/www.geolegadodeallankardec.com.br\/informacoes-do-grupo\/"]}]},{"@type":"BreadcrumbList","@id":"https:\/\/www.geolegadodeallankardec.com.br\/informacoes-do-grupo\/#breadcrumb","itemListElement":[{"@type":"ListItem","position":1,"name":"In\u00edcio","item":"https:\/\/www.geolegadodeallankardec.com.br\/"},{"@type":"ListItem","position":2,"name":"Informa\u00e7\u00f5es do Grupo"}]},{"@type":"WebSite","@id":"https:\/\/www.geolegadodeallankardec.com.br\/es\/#website","url":"https:\/\/www.geolegadodeallankardec.com.br\/es\/","name":"Study Group The Legacy of Allan Kardec","description":"Study Group aimed at deepening the study of Spiritism","potentialAction":[{"@type":"SearchAction","target":{"@type":"EntryPoint","urlTemplate":"https:\/\/www.geolegadodeallankardec.com.br\/es\/?s={search_term_string}"},"query-input":{"@type":"PropertyValueSpecification","valueRequired":true,"valueName":"search_term_string"}}],"inLanguage":"en-US"}]}},"_links":{"self":[{"href":"https:\/\/www.geolegadodeallankardec.com.br\/en\/wp-json\/wp\/v2\/pages\/589","targetHints":{"allow":["GET"]}}],"collection":[{"href":"https:\/\/www.geolegadodeallankardec.com.br\/en\/wp-json\/wp\/v2\/pages"}],"about":[{"href":"https:\/\/www.geolegadodeallankardec.com.br\/en\/wp-json\/wp\/v2\/types\/page"}],"author":[{"embeddable":true,"href":"https:\/\/www.geolegadodeallankardec.com.br\/en\/wp-json\/wp\/v2\/users\/12"}],"replies":[{"embeddable":true,"href":"https:\/\/www.geolegadodeallankardec.com.br\/en\/wp-json\/wp\/v2\/comments?post=589"}],"version-history":[{"count":17,"href":"https:\/\/www.geolegadodeallankardec.com.br\/en\/wp-json\/wp\/v2\/pages\/589\/revisions"}],"predecessor-version":[{"id":7260,"href":"https:\/\/www.geolegadodeallankardec.com.br\/en\/wp-json\/wp\/v2\/pages\/589\/revisions\/7260"}],"wp:attachment":[{"href":"https:\/\/www.geolegadodeallankardec.com.br\/en\/wp-json\/wp\/v2\/media?parent=589"}],"curies":[{"name":"wp","href":"https:\/\/api.w.org\/{rel}","templated":true}]}}