{"id":564,"date":"2021-08-25T16:42:00","date_gmt":"2021-08-25T19:42:00","guid":{"rendered":"https:\/\/geolegadodeallankardec.com.br\/?page_id=564"},"modified":"2021-08-25T16:42:04","modified_gmt":"2021-08-25T19:42:04","slug":"how-to-create-your-group","status":"publish","type":"page","link":"https:\/\/www.geolegadodeallankardec.com.br\/en\/como-criar-seu-grupo\/","title":{"rendered":"How to create your group"},"content":{"rendered":"<div class=\"pdfprnt-buttons pdfprnt-buttons-page pdfprnt-top-right\"><a href=\"https:\/\/www.geolegadodeallankardec.com.br\/en\/wp-json\/wp\/v2\/pages\/564?print=pdf\" class=\"pdfprnt-button pdfprnt-button-pdf\" target=\"_blank\" ><img decoding=\"async\" data-src=\"https:\/\/www.geolegadodeallankardec.com.br\/wp-content\/plugins\/pdf-print\/images\/pdf.png\" alt=\"image_pdf\" title=\"View PDF\" src=\"data:image\/svg+xml;base64,PHN2ZyB3aWR0aD0iMSIgaGVpZ2h0PSIxIiB4bWxucz0iaHR0cDovL3d3dy53My5vcmcvMjAwMC9zdmciPjwvc3ZnPg==\" class=\"lazyload\" style=\"--smush-placeholder-width: 32px; --smush-placeholder-aspect-ratio: 32\/32;\" \/><\/a><a href=\"https:\/\/www.geolegadodeallankardec.com.br\/en\/wp-json\/wp\/v2\/pages\/564?print=print\" class=\"pdfprnt-button pdfprnt-button-print\" target=\"_blank\" ><img decoding=\"async\" data-src=\"https:\/\/www.geolegadodeallankardec.com.br\/wp-content\/plugins\/pdf-print\/images\/print.png\" alt=\"image_print\" title=\"Print Content\" src=\"data:image\/svg+xml;base64,PHN2ZyB3aWR0aD0iMSIgaGVpZ2h0PSIxIiB4bWxucz0iaHR0cDovL3d3dy53My5vcmcvMjAwMC9zdmciPjwvc3ZnPg==\" class=\"lazyload\" style=\"--smush-placeholder-width: 32px; --smush-placeholder-aspect-ratio: 32\/32;\" \/><\/a><\/div>\n<p>We are delighted that you were so interested in creating your own group. We recommend before you find out about the  <strong>\u201c<a href=\"https:\/\/www.geolegadodeallankardec.com.br\/en\/group-purpose\/\" target=\"_blank\" rel=\"noreferrer noopener\">group purpose<\/a>\u201c<\/strong>, from our &quot;<a href=\"https:\/\/www.geolegadodeallankardec.com.br\/en\/regiment\/\" target=\"_blank\" rel=\"noreferrer noopener\"><strong>regiment<\/strong><\/a>\u201d and the \u201c<strong><a href=\"https:\/\/www.geolegadodeallankardec.com.br\/en\/first-steps\/\" target=\"_blank\" rel=\"noreferrer noopener\">first steps<\/a><\/strong>\u201d programmed, which can be replicated to your own group. In addition, we ask that you get to know our \u201c<strong><a rel=\"noreferrer noopener\" href=\"https:\/\/www.geolegadodeallankardec.com.br\/en\/booklet-of-recommendations\/\" target=\"_blank\">recommendations booklet<\/a><\/strong>\u201c, where you can find an organizational outline for the groups in formation.<\/p>\n\n\n\n<p>Also, feel free to enter <strong><a href=\"https:\/\/www.geolegadodeallankardec.com.br\/en\/contact\/\">contact<\/a><\/strong> with us for any necessary support and information.<\/p>\n\n\n\n<p>Please, after starting your group, <strong>do not forget <\/strong>to register your information in our <strong><a href=\"https:\/\/www.geolegadodeallankardec.com.br\/en\/registration-of-partner-groups\/\">form<\/a><\/strong>, so we can keep the much needed contact.<\/p>\n\n\n\n<p>We encourage the necessary seriousness in dealing with this subject and the observation that first it is necessary to form a cohesive, strengthened group, very well grounded in study and focused on work with total detachment and without any interest other than charity in the face of the Doctrine of Spirits. This is entirely necessary before any intention of initiating conversations with the Spirits, through mediums who want to join the cause, as it is necessary that we understand, with great discernment, the example of the steps followed by Allan Kardec,<\/p>\n\n\n\n<p>That is why we recommend that the group&#039;s initial studies be based on the Revista Esp\u00edrita, with the necessary previous study of the other basic works. The study carried out in this way will give rise to a better understanding of Kardec&#039;s performance and to deepen the knowledge that will provide the necessary basis for further studies.<\/p>\n\n\n\n<p>It really is a huge task to which we propose ourselves like little ants, putting some grains to start the anthill. We cannot, however, be discouraged by the call to work.<\/p>","protected":false},"excerpt":{"rendered":"<p>Ficamos muito felizes que tenha se interessado tanto ao ponto de criar o seu pr\u00f3prio grupo. Recomendamos antes que voc\u00ea se inteire do &#8220;prop\u00f3sito do grupo&#8220;, do nosso \u201cregimento\u201d e dos \u201cprimeiros passos\u201d programados, que poder\u00e3o ser replicados para o seu pr\u00f3prio grupo. Al\u00e9m disso, pedimos que conhe\u00e7a a fundo a nossa \u201ccartilha de recomenda\u00e7\u00f5es\u201c, [&hellip;]<\/p>\n","protected":false},"author":12,"featured_media":0,"parent":0,"menu_order":0,"comment_status":"closed","ping_status":"closed","template":"","meta":{"footnotes":""},"class_list":["post-564","page","type-page","status-publish","hentry"],"yoast_head":"<!-- This site is optimized with the Yoast SEO Premium plugin v21.1 (Yoast SEO v27.2) - https:\/\/yoast.com\/product\/yoast-seo-premium-wordpress\/ -->\n<title>Como criar seu grupo - Grupo de Estudos O Legado de Allan Kardec<\/title>\n<meta name=\"robots\" content=\"index, follow, max-snippet:-1, max-image-preview:large, max-video-preview:-1\" \/>\n<link rel=\"canonical\" href=\"https:\/\/www.geolegadodeallankardec.com.br\/en\/how-to-create-your-group\/\" \/>\n<meta property=\"og:locale\" content=\"en_US\" \/>\n<meta property=\"og:type\" content=\"article\" \/>\n<meta property=\"og:title\" content=\"Como criar seu grupo\" \/>\n<meta property=\"og:description\" content=\"Ficamos muito felizes que tenha se interessado tanto ao ponto de criar o seu pr\u00f3prio grupo. Recomendamos antes que voc\u00ea se inteire do &#8220;prop\u00f3sito do grupo&#8220;, do nosso \u201cregimento\u201d e dos \u201cprimeiros passos\u201d programados, que poder\u00e3o ser replicados para o seu pr\u00f3prio grupo. Al\u00e9m disso, pedimos que conhe\u00e7a a fundo a nossa \u201ccartilha de recomenda\u00e7\u00f5es\u201c, [&hellip;]\" \/>\n<meta property=\"og:url\" content=\"https:\/\/www.geolegadodeallankardec.com.br\/en\/how-to-create-your-group\/\" \/>\n<meta property=\"og:site_name\" content=\"Grupo de Estudos O Legado de Allan Kardec\" \/>\n<meta property=\"article:modified_time\" content=\"2021-08-25T19:42:04+00:00\" \/>\n<meta name=\"twitter:card\" content=\"summary_large_image\" \/>\n<meta name=\"twitter:label1\" content=\"Est. reading time\" \/>\n\t<meta name=\"twitter:data1\" content=\"2 minutes\" \/>\n<script type=\"application\/ld+json\" class=\"yoast-schema-graph\">{\"@context\":\"https:\/\/schema.org\",\"@graph\":[{\"@type\":\"WebPage\",\"@id\":\"https:\/\/www.geolegadodeallankardec.com.br\/como-criar-seu-grupo\/\",\"url\":\"https:\/\/www.geolegadodeallankardec.com.br\/como-criar-seu-grupo\/\",\"name\":\"Como criar seu grupo - Grupo de Estudos O Legado de Allan Kardec\",\"isPartOf\":{\"@id\":\"https:\/\/www.geolegadodeallankardec.com.br\/es\/#website\"},\"datePublished\":\"2021-08-25T19:42:00+00:00\",\"dateModified\":\"2021-08-25T19:42:04+00:00\",\"breadcrumb\":{\"@id\":\"https:\/\/www.geolegadodeallankardec.com.br\/como-criar-seu-grupo\/#breadcrumb\"},\"inLanguage\":\"en-US\",\"potentialAction\":[{\"@type\":\"ReadAction\",\"target\":[\"https:\/\/www.geolegadodeallankardec.com.br\/como-criar-seu-grupo\/\"]}]},{\"@type\":\"BreadcrumbList\",\"@id\":\"https:\/\/www.geolegadodeallankardec.com.br\/como-criar-seu-grupo\/#breadcrumb\",\"itemListElement\":[{\"@type\":\"ListItem\",\"position\":1,\"name\":\"In\u00edcio\",\"item\":\"https:\/\/www.geolegadodeallankardec.com.br\/\"},{\"@type\":\"ListItem\",\"position\":2,\"name\":\"Como criar seu grupo\"}]},{\"@type\":\"WebSite\",\"@id\":\"https:\/\/www.geolegadodeallankardec.com.br\/es\/#website\",\"url\":\"https:\/\/www.geolegadodeallankardec.com.br\/es\/\",\"name\":\"Grupo de Estudos O Legado de Allan Kardec\",\"description\":\"Grupo de Estudos voltado ao aprofundamento do estudo do Espiritismo\",\"potentialAction\":[{\"@type\":\"SearchAction\",\"target\":{\"@type\":\"EntryPoint\",\"urlTemplate\":\"https:\/\/www.geolegadodeallankardec.com.br\/es\/?s={search_term_string}\"},\"query-input\":{\"@type\":\"PropertyValueSpecification\",\"valueRequired\":true,\"valueName\":\"search_term_string\"}}],\"inLanguage\":\"en-US\"}]}<\/script>\n<!-- \/ Yoast SEO Premium plugin. -->","yoast_head_json":{"title":"How to create your group - Study Group The Legacy of Allan Kardec","robots":{"index":"index","follow":"follow","max-snippet":"max-snippet:-1","max-image-preview":"max-image-preview:large","max-video-preview":"max-video-preview:-1"},"canonical":"https:\/\/www.geolegadodeallankardec.com.br\/en\/how-to-create-your-group\/","og_locale":"en_US","og_type":"article","og_title":"Como criar seu grupo","og_description":"Ficamos muito felizes que tenha se interessado tanto ao ponto de criar o seu pr\u00f3prio grupo. Recomendamos antes que voc\u00ea se inteire do &#8220;prop\u00f3sito do grupo&#8220;, do nosso \u201cregimento\u201d e dos \u201cprimeiros passos\u201d programados, que poder\u00e3o ser replicados para o seu pr\u00f3prio grupo. Al\u00e9m disso, pedimos que conhe\u00e7a a fundo a nossa \u201ccartilha de recomenda\u00e7\u00f5es\u201c, [&hellip;]","og_url":"https:\/\/www.geolegadodeallankardec.com.br\/en\/how-to-create-your-group\/","og_site_name":"Grupo de Estudos O Legado de Allan Kardec","article_modified_time":"2021-08-25T19:42:04+00:00","twitter_card":"summary_large_image","twitter_misc":{"Est. reading time":"2 minutes"},"schema":{"@context":"https:\/\/schema.org","@graph":[{"@type":"WebPage","@id":"https:\/\/www.geolegadodeallankardec.com.br\/como-criar-seu-grupo\/","url":"https:\/\/www.geolegadodeallankardec.com.br\/como-criar-seu-grupo\/","name":"How to create your group - Study Group The Legacy of Allan Kardec","isPartOf":{"@id":"https:\/\/www.geolegadodeallankardec.com.br\/es\/#website"},"datePublished":"2021-08-25T19:42:00+00:00","dateModified":"2021-08-25T19:42:04+00:00","breadcrumb":{"@id":"https:\/\/www.geolegadodeallankardec.com.br\/como-criar-seu-grupo\/#breadcrumb"},"inLanguage":"en-US","potentialAction":[{"@type":"ReadAction","target":["https:\/\/www.geolegadodeallankardec.com.br\/como-criar-seu-grupo\/"]}]},{"@type":"BreadcrumbList","@id":"https:\/\/www.geolegadodeallankardec.com.br\/como-criar-seu-grupo\/#breadcrumb","itemListElement":[{"@type":"ListItem","position":1,"name":"In\u00edcio","item":"https:\/\/www.geolegadodeallankardec.com.br\/"},{"@type":"ListItem","position":2,"name":"Como criar seu grupo"}]},{"@type":"WebSite","@id":"https:\/\/www.geolegadodeallankardec.com.br\/es\/#website","url":"https:\/\/www.geolegadodeallankardec.com.br\/es\/","name":"Study Group The Legacy of Allan Kardec","description":"Study Group aimed at deepening the study of Spiritism","potentialAction":[{"@type":"SearchAction","target":{"@type":"EntryPoint","urlTemplate":"https:\/\/www.geolegadodeallankardec.com.br\/es\/?s={search_term_string}"},"query-input":{"@type":"PropertyValueSpecification","valueRequired":true,"valueName":"search_term_string"}}],"inLanguage":"en-US"}]}},"_links":{"self":[{"href":"https:\/\/www.geolegadodeallankardec.com.br\/en\/wp-json\/wp\/v2\/pages\/564","targetHints":{"allow":["GET"]}}],"collection":[{"href":"https:\/\/www.geolegadodeallankardec.com.br\/en\/wp-json\/wp\/v2\/pages"}],"about":[{"href":"https:\/\/www.geolegadodeallankardec.com.br\/en\/wp-json\/wp\/v2\/types\/page"}],"author":[{"embeddable":true,"href":"https:\/\/www.geolegadodeallankardec.com.br\/en\/wp-json\/wp\/v2\/users\/12"}],"replies":[{"embeddable":true,"href":"https:\/\/www.geolegadodeallankardec.com.br\/en\/wp-json\/wp\/v2\/comments?post=564"}],"version-history":[{"count":1,"href":"https:\/\/www.geolegadodeallankardec.com.br\/en\/wp-json\/wp\/v2\/pages\/564\/revisions"}],"predecessor-version":[{"id":567,"href":"https:\/\/www.geolegadodeallankardec.com.br\/en\/wp-json\/wp\/v2\/pages\/564\/revisions\/567"}],"wp:attachment":[{"href":"https:\/\/www.geolegadodeallankardec.com.br\/en\/wp-json\/wp\/v2\/media?parent=564"}],"curies":[{"name":"wp","href":"https:\/\/api.w.org\/{rel}","templated":true}]}}