{"id":17,"date":"2021-08-23T13:57:01","date_gmt":"2021-08-23T16:57:01","guid":{"rendered":"https:\/\/geolegadodeallankardec.com.br\/?page_id=17"},"modified":"2024-04-02T16:54:39","modified_gmt":"2024-04-02T19:54:39","slug":"recommended-works","status":"publish","type":"page","link":"https:\/\/www.geolegadodeallankardec.com.br\/en\/obras-recomendadas\/","title":{"rendered":"Recommended Works"},"content":{"rendered":"<div class=\"pdfprnt-buttons pdfprnt-buttons-page pdfprnt-top-right\"><a href=\"https:\/\/www.geolegadodeallankardec.com.br\/en\/wp-json\/wp\/v2\/pages\/17?print=pdf\" class=\"pdfprnt-button pdfprnt-button-pdf\" target=\"_blank\" ><img decoding=\"async\" data-src=\"https:\/\/www.geolegadodeallankardec.com.br\/wp-content\/plugins\/pdf-print\/images\/pdf.png\" alt=\"image_pdf\" title=\"View PDF\" src=\"data:image\/svg+xml;base64,PHN2ZyB3aWR0aD0iMSIgaGVpZ2h0PSIxIiB4bWxucz0iaHR0cDovL3d3dy53My5vcmcvMjAwMC9zdmciPjwvc3ZnPg==\" class=\"lazyload\" style=\"--smush-placeholder-width: 32px; --smush-placeholder-aspect-ratio: 32\/32;\" \/><\/a><a href=\"https:\/\/www.geolegadodeallankardec.com.br\/en\/wp-json\/wp\/v2\/pages\/17?print=print\" class=\"pdfprnt-button pdfprnt-button-print\" target=\"_blank\" ><img decoding=\"async\" data-src=\"https:\/\/www.geolegadodeallankardec.com.br\/wp-content\/plugins\/pdf-print\/images\/print.png\" alt=\"image_print\" title=\"Print Content\" src=\"data:image\/svg+xml;base64,PHN2ZyB3aWR0aD0iMSIgaGVpZ2h0PSIxIiB4bWxucz0iaHR0cDovL3d3dy53My5vcmcvMjAwMC9zdmciPjwvc3ZnPg==\" class=\"lazyload\" style=\"--smush-placeholder-width: 32px; --smush-placeholder-aspect-ratio: 32\/32;\" \/><\/a><\/div>\n<p>The <em>recommended works<\/em> for this group, make up two groups of publications that are very important for general mutual understanding, especially with regard to what is exposed in <em>Group Purpose<\/em>. Are they:<\/p>\n\n\n\n<ul class=\"has-gray-background-color has-background wp-block-list\">\n<li>Free PDFs by Kardec \u2013 <a href=\"https:\/\/bit.ly\/3sXXBxk\" target=\"_blank\" rel=\"noreferrer noopener\">https:\/\/bit.ly\/3sXXBxk<\/a><\/li>\n\n\n\n<li>Autonomy \u2013 The Untold History of Spiritism: <a href=\"https:\/\/amzn.to\/3PIvbyy\">https:\/\/amzn.to\/3PIvbyy<\/a><\/li>\n\n\n\n<li>Allan Kardec&#039;s Legacy: <a href=\"https:\/\/amzn.to\/3RIn2gv\">https:\/\/amzn.to\/3RIn2gv<\/a><\/li>\n\n\n\n<li>Final point \u2013 the reunion with spiritualism with Allan Kardec: <a href=\"https:\/\/amzn.to\/48PLaE7\">https:\/\/amzn.to\/48PLaE7<\/a><\/li>\n\n\n\n<li>Neither Heaven nor Hell \u2013 The Laws of the Soul According to Spiritism: <a href=\"https:\/\/amzn.to\/3F2voYO\">https:\/\/amzn.to\/3F2voYO<\/a><\/li>\n\n\n\n<li>Genesis \u2013 Miracles and Predictions According to Spiritism (unadulterated): <a href=\"https:\/\/bit.ly\/3SuJFVG\">Free PDF<\/a> or <a href=\"https:\/\/amzn.to\/3RM91hF\">https:\/\/amzn.to\/3RM91hF<\/a><\/li>\n\n\n\n<li>Heaven and Hell: Or divine justice according to Spiritism (unadulterated): <a href=\"https:\/\/bit.ly\/3vVYQhu\">Free PDF<\/a> or <a href=\"https:\/\/amzn.to\/3ZGrcal\">https:\/\/amzn.to\/3ZGrcal<\/a><\/li>\n\n\n\n<li>Spiritist Revolution. Allan Kardec&#039;s forgotten theory: <a href=\"https:\/\/amzn.to\/3t7HIUH\">https:\/\/amzn.to\/3t7HIUH<\/a><\/li>\n\n\n\n<li>Mesmer. The denied science of animal magnetism: <a href=\"https:\/\/amzn.to\/3PYc1X2\">https:\/\/amzn.to\/3PYc1X2<\/a><\/li>\n\n\n\n<li>The Book of Mediums: <a href=\"https:\/\/amzn.to\/3PDNTHK\">https:\/\/amzn.to\/3PDNTHK<\/a><\/li>\n\n\n\n<li>The Spirits&#039; Book: <a href=\"https:\/\/amzn.to\/3QkcFx9\">https:\/\/amzn.to\/3QkcFx9<\/a><\/li>\n\n\n\n<li>Spiritist Magazine \u2013 complete collection: <a href=\"https:\/\/amzn.to\/48Uxh7s\">https:\/\/amzn.to\/48Uxh7s<\/a><\/li>\n\n\n\n<li>Practical Instructions on Spiritist Manifestations: <a href=\"https:\/\/amzn.to\/3QiR8Gc\">https:\/\/amzn.to\/3QiR8Gc<\/a><\/li>\n\n\n\n<li>Spiritism in its Simplest Expression: <a href=\"https:\/\/amzn.to\/3M6fXT5\">https:\/\/amzn.to\/3M6fXT5<\/a><\/li>\n\n\n\n<li><a href=\"https:\/\/drive.google.com\/file\/d\/1YlzQ4PHfsireitW_IKl1HNzrslfZxuGv\/view?usp=sharing\" target=\"_blank\" rel=\"noreferrer noopener\">Much Light, by Berthe Fropo<\/a> (free PDF)<\/li>\n<\/ul>\n\n\n\n<p>* the works Heaven and Hell and Genesis were <strong>adulterated<\/strong> after Kardec&#039;s death. Refer to the editions of the publisher FEAL, which carry an indication of original work on the cover.<\/p>","protected":false},"excerpt":{"rendered":"<p>As obras recomendadas para este grupo perfazem dois grupos de publica\u00e7\u00f5es muito importantes para a compreens\u00e3o m\u00fatua geral, sobretudo no que tange ao exposto em Prop\u00f3sito do Grupo. S\u00e3o elas: * as obras O C\u00e9u e o Inferno e A G\u00eanese foram adulteradas ap\u00f3s a morte de Kardec. Refira-se \u00e0s edi\u00e7\u00f5es da editora FEAL, que [&hellip;]<\/p>\n","protected":false},"author":34,"featured_media":0,"parent":0,"menu_order":0,"comment_status":"closed","ping_status":"closed","template":"","meta":{"footnotes":""},"class_list":["post-17","page","type-page","status-publish","hentry"],"yoast_head":"<!-- This site is optimized with the Yoast SEO Premium plugin v21.1 (Yoast SEO v27.2) - https:\/\/yoast.com\/product\/yoast-seo-premium-wordpress\/ -->\n<title>Obras Recomendadas - Grupo de Estudos O Legado de Allan Kardec<\/title>\n<meta name=\"robots\" content=\"index, follow, max-snippet:-1, max-image-preview:large, max-video-preview:-1\" \/>\n<link rel=\"canonical\" href=\"https:\/\/www.geolegadodeallankardec.com.br\/en\/recommended-works\/\" \/>\n<meta property=\"og:locale\" content=\"en_US\" \/>\n<meta property=\"og:type\" content=\"article\" \/>\n<meta property=\"og:title\" content=\"Obras Recomendadas\" \/>\n<meta property=\"og:description\" content=\"As obras recomendadas para este grupo perfazem dois grupos de publica\u00e7\u00f5es muito importantes para a compreens\u00e3o m\u00fatua geral, sobretudo no que tange ao exposto em Prop\u00f3sito do Grupo. S\u00e3o elas: * as obras O C\u00e9u e o Inferno e A G\u00eanese foram adulteradas ap\u00f3s a morte de Kardec. Refira-se \u00e0s edi\u00e7\u00f5es da editora FEAL, que [&hellip;]\" \/>\n<meta property=\"og:url\" content=\"https:\/\/www.geolegadodeallankardec.com.br\/en\/recommended-works\/\" \/>\n<meta property=\"og:site_name\" content=\"Grupo de Estudos O Legado de Allan Kardec\" \/>\n<meta property=\"article:modified_time\" content=\"2024-04-02T19:54:39+00:00\" \/>\n<meta name=\"twitter:card\" content=\"summary_large_image\" \/>\n<meta name=\"twitter:label1\" content=\"Est. reading time\" \/>\n\t<meta name=\"twitter:data1\" content=\"2 minutes\" \/>\n<script type=\"application\/ld+json\" class=\"yoast-schema-graph\">{\"@context\":\"https:\/\/schema.org\",\"@graph\":[{\"@type\":\"WebPage\",\"@id\":\"https:\/\/www.geolegadodeallankardec.com.br\/obras-recomendadas\/\",\"url\":\"https:\/\/www.geolegadodeallankardec.com.br\/obras-recomendadas\/\",\"name\":\"Obras Recomendadas - Grupo de Estudos O Legado de Allan Kardec\",\"isPartOf\":{\"@id\":\"https:\/\/www.geolegadodeallankardec.com.br\/es\/#website\"},\"datePublished\":\"2021-08-23T16:57:01+00:00\",\"dateModified\":\"2024-04-02T19:54:39+00:00\",\"breadcrumb\":{\"@id\":\"https:\/\/www.geolegadodeallankardec.com.br\/obras-recomendadas\/#breadcrumb\"},\"inLanguage\":\"en-US\",\"potentialAction\":[{\"@type\":\"ReadAction\",\"target\":[\"https:\/\/www.geolegadodeallankardec.com.br\/obras-recomendadas\/\"]}]},{\"@type\":\"BreadcrumbList\",\"@id\":\"https:\/\/www.geolegadodeallankardec.com.br\/obras-recomendadas\/#breadcrumb\",\"itemListElement\":[{\"@type\":\"ListItem\",\"position\":1,\"name\":\"In\u00edcio\",\"item\":\"https:\/\/www.geolegadodeallankardec.com.br\/\"},{\"@type\":\"ListItem\",\"position\":2,\"name\":\"Obras Recomendadas\"}]},{\"@type\":\"WebSite\",\"@id\":\"https:\/\/www.geolegadodeallankardec.com.br\/es\/#website\",\"url\":\"https:\/\/www.geolegadodeallankardec.com.br\/es\/\",\"name\":\"Grupo de Estudos O Legado de Allan Kardec\",\"description\":\"Grupo de Estudos voltado ao aprofundamento do estudo do Espiritismo\",\"potentialAction\":[{\"@type\":\"SearchAction\",\"target\":{\"@type\":\"EntryPoint\",\"urlTemplate\":\"https:\/\/www.geolegadodeallankardec.com.br\/es\/?s={search_term_string}\"},\"query-input\":{\"@type\":\"PropertyValueSpecification\",\"valueRequired\":true,\"valueName\":\"search_term_string\"}}],\"inLanguage\":\"en-US\"}]}<\/script>\n<!-- \/ Yoast SEO Premium plugin. -->","yoast_head_json":{"title":"Recommended Works - Study Group The Legacy of Allan Kardec","robots":{"index":"index","follow":"follow","max-snippet":"max-snippet:-1","max-image-preview":"max-image-preview:large","max-video-preview":"max-video-preview:-1"},"canonical":"https:\/\/www.geolegadodeallankardec.com.br\/en\/recommended-works\/","og_locale":"en_US","og_type":"article","og_title":"Obras Recomendadas","og_description":"As obras recomendadas para este grupo perfazem dois grupos de publica\u00e7\u00f5es muito importantes para a compreens\u00e3o m\u00fatua geral, sobretudo no que tange ao exposto em Prop\u00f3sito do Grupo. S\u00e3o elas: * as obras O C\u00e9u e o Inferno e A G\u00eanese foram adulteradas ap\u00f3s a morte de Kardec. Refira-se \u00e0s edi\u00e7\u00f5es da editora FEAL, que [&hellip;]","og_url":"https:\/\/www.geolegadodeallankardec.com.br\/en\/recommended-works\/","og_site_name":"Grupo de Estudos O Legado de Allan Kardec","article_modified_time":"2024-04-02T19:54:39+00:00","twitter_card":"summary_large_image","twitter_misc":{"Est. reading time":"2 minutes"},"schema":{"@context":"https:\/\/schema.org","@graph":[{"@type":"WebPage","@id":"https:\/\/www.geolegadodeallankardec.com.br\/obras-recomendadas\/","url":"https:\/\/www.geolegadodeallankardec.com.br\/obras-recomendadas\/","name":"Recommended Works - Study Group The Legacy of Allan Kardec","isPartOf":{"@id":"https:\/\/www.geolegadodeallankardec.com.br\/es\/#website"},"datePublished":"2021-08-23T16:57:01+00:00","dateModified":"2024-04-02T19:54:39+00:00","breadcrumb":{"@id":"https:\/\/www.geolegadodeallankardec.com.br\/obras-recomendadas\/#breadcrumb"},"inLanguage":"en-US","potentialAction":[{"@type":"ReadAction","target":["https:\/\/www.geolegadodeallankardec.com.br\/obras-recomendadas\/"]}]},{"@type":"BreadcrumbList","@id":"https:\/\/www.geolegadodeallankardec.com.br\/obras-recomendadas\/#breadcrumb","itemListElement":[{"@type":"ListItem","position":1,"name":"In\u00edcio","item":"https:\/\/www.geolegadodeallankardec.com.br\/"},{"@type":"ListItem","position":2,"name":"Obras Recomendadas"}]},{"@type":"WebSite","@id":"https:\/\/www.geolegadodeallankardec.com.br\/es\/#website","url":"https:\/\/www.geolegadodeallankardec.com.br\/es\/","name":"Study Group The Legacy of Allan Kardec","description":"Study Group aimed at deepening the study of Spiritism","potentialAction":[{"@type":"SearchAction","target":{"@type":"EntryPoint","urlTemplate":"https:\/\/www.geolegadodeallankardec.com.br\/es\/?s={search_term_string}"},"query-input":{"@type":"PropertyValueSpecification","valueRequired":true,"valueName":"search_term_string"}}],"inLanguage":"en-US"}]}},"_links":{"self":[{"href":"https:\/\/www.geolegadodeallankardec.com.br\/en\/wp-json\/wp\/v2\/pages\/17","targetHints":{"allow":["GET"]}}],"collection":[{"href":"https:\/\/www.geolegadodeallankardec.com.br\/en\/wp-json\/wp\/v2\/pages"}],"about":[{"href":"https:\/\/www.geolegadodeallankardec.com.br\/en\/wp-json\/wp\/v2\/types\/page"}],"author":[{"embeddable":true,"href":"https:\/\/www.geolegadodeallankardec.com.br\/en\/wp-json\/wp\/v2\/users\/34"}],"replies":[{"embeddable":true,"href":"https:\/\/www.geolegadodeallankardec.com.br\/en\/wp-json\/wp\/v2\/comments?post=17"}],"version-history":[{"count":9,"href":"https:\/\/www.geolegadodeallankardec.com.br\/en\/wp-json\/wp\/v2\/pages\/17\/revisions"}],"predecessor-version":[{"id":8572,"href":"https:\/\/www.geolegadodeallankardec.com.br\/en\/wp-json\/wp\/v2\/pages\/17\/revisions\/8572"}],"wp:attachment":[{"href":"https:\/\/www.geolegadodeallankardec.com.br\/en\/wp-json\/wp\/v2\/media?parent=17"}],"curies":[{"name":"wp","href":"https:\/\/api.w.org\/{rel}","templated":true}]}}