{"id":125,"date":"2021-08-24T11:29:47","date_gmt":"2021-08-24T14:29:47","guid":{"rendered":"https:\/\/geolegadodeallankardec.com.br\/?page_id=125"},"modified":"2021-08-24T11:29:49","modified_gmt":"2021-08-24T14:29:49","slug":"first-steps","status":"publish","type":"page","link":"https:\/\/www.geolegadodeallankardec.com.br\/en\/primeiros-passos\/","title":{"rendered":"First steps"},"content":{"rendered":"<div class=\"pdfprnt-buttons pdfprnt-buttons-page pdfprnt-top-right\"><a href=\"https:\/\/www.geolegadodeallankardec.com.br\/en\/wp-json\/wp\/v2\/pages\/125?print=pdf\" class=\"pdfprnt-button pdfprnt-button-pdf\" target=\"_blank\" ><img decoding=\"async\" data-src=\"https:\/\/www.geolegadodeallankardec.com.br\/wp-content\/plugins\/pdf-print\/images\/pdf.png\" alt=\"image_pdf\" title=\"View PDF\" src=\"data:image\/svg+xml;base64,PHN2ZyB3aWR0aD0iMSIgaGVpZ2h0PSIxIiB4bWxucz0iaHR0cDovL3d3dy53My5vcmcvMjAwMC9zdmciPjwvc3ZnPg==\" class=\"lazyload\" style=\"--smush-placeholder-width: 32px; --smush-placeholder-aspect-ratio: 32\/32;\" \/><\/a><a href=\"https:\/\/www.geolegadodeallankardec.com.br\/en\/wp-json\/wp\/v2\/pages\/125?print=print\" class=\"pdfprnt-button pdfprnt-button-print\" target=\"_blank\" ><img decoding=\"async\" data-src=\"https:\/\/www.geolegadodeallankardec.com.br\/wp-content\/plugins\/pdf-print\/images\/print.png\" alt=\"image_print\" title=\"Print Content\" src=\"data:image\/svg+xml;base64,PHN2ZyB3aWR0aD0iMSIgaGVpZ2h0PSIxIiB4bWxucz0iaHR0cDovL3d3dy53My5vcmcvMjAwMC9zdmciPjwvc3ZnPg==\" class=\"lazyload\" style=\"--smush-placeholder-width: 32px; --smush-placeholder-aspect-ratio: 32\/32;\" \/><\/a><\/div>\n<p>The group will meet at a defined frequency, on a date and time to be agreed, according to the availability of the vast majority of participants. We will use the various possible means, seeking to hold recorded online meetings in order to make the content of these studies available through means such as Youtube. Transcripts or creation of articles on these contents will be welcome and will be made available in the group&#039;s collection.<\/p>\n\n\n\n<p>We believe that we could take the first steps of our studies as follows:<\/p>\n\n\n\n<ul class=\"wp-block-list\"><li>formation of the initial group<\/li><li>holding of a first meeting, online, recorded, to inaugurate the studies and affirm the principles, precepts and basic concepts of the Group<\/li><li><strong>establishment of studies on the Spiritist Magazine<\/strong>, content so important and so forgotten. This will be a trigger for the development of several subjects, seeking to deepen them in the study of other works, among which, always, the fundamental basis of Kardec.<\/li><li>in the event that Spirituality provides us with the means to resume the study intermediated by mediums participating in the group, it will be necessary to stick to what is stipulated in \u201cContact with Other Groups\u201d, so that we do not make available to other people the content that has not yet passed by the necessary methodological sieve. To do otherwise would be to question, once again, the reliability of such teachings, making illuminative learning difficult.<\/li><\/ul>","protected":false},"excerpt":{"rendered":"<p>O grupo se reunir\u00e1 com periodicidade definida, em data e hor\u00e1rio a combinar, conforme a disponibilidade da grande maioria dos participantes. Utilizaremos os diversos meios poss\u00edveis, buscando a realiza\u00e7\u00e3o de encontros on-line, gravados, a fim de disponibilizar o conte\u00fado desses estudos atrav\u00e9s de meios como o Youtube. Transcri\u00e7\u00f5es ou cria\u00e7\u00e3o de artigos sobre esses conte\u00fados [&hellip;]<\/p>\n","protected":false},"author":34,"featured_media":0,"parent":0,"menu_order":0,"comment_status":"closed","ping_status":"closed","template":"","meta":{"footnotes":""},"class_list":["post-125","page","type-page","status-publish","hentry"],"yoast_head":"<!-- This site is optimized with the Yoast SEO Premium plugin v21.1 (Yoast SEO v27.2) - https:\/\/yoast.com\/product\/yoast-seo-premium-wordpress\/ -->\n<title>Primeiros passos - Grupo de Estudos O Legado de Allan Kardec<\/title>\n<meta name=\"robots\" content=\"index, follow, max-snippet:-1, max-image-preview:large, max-video-preview:-1\" \/>\n<link rel=\"canonical\" href=\"https:\/\/www.geolegadodeallankardec.com.br\/en\/first-steps\/\" \/>\n<meta property=\"og:locale\" content=\"en_US\" \/>\n<meta property=\"og:type\" content=\"article\" \/>\n<meta property=\"og:title\" content=\"Primeiros passos\" \/>\n<meta property=\"og:description\" content=\"O grupo se reunir\u00e1 com periodicidade definida, em data e hor\u00e1rio a combinar, conforme a disponibilidade da grande maioria dos participantes. Utilizaremos os diversos meios poss\u00edveis, buscando a realiza\u00e7\u00e3o de encontros on-line, gravados, a fim de disponibilizar o conte\u00fado desses estudos atrav\u00e9s de meios como o Youtube. Transcri\u00e7\u00f5es ou cria\u00e7\u00e3o de artigos sobre esses conte\u00fados [&hellip;]\" \/>\n<meta property=\"og:url\" content=\"https:\/\/www.geolegadodeallankardec.com.br\/en\/first-steps\/\" \/>\n<meta property=\"og:site_name\" content=\"Grupo de Estudos O Legado de Allan Kardec\" \/>\n<meta property=\"article:modified_time\" content=\"2021-08-24T14:29:49+00:00\" \/>\n<meta name=\"twitter:card\" content=\"summary_large_image\" \/>\n<meta name=\"twitter:label1\" content=\"Est. reading time\" \/>\n\t<meta name=\"twitter:data1\" content=\"1 minute\" \/>\n<script type=\"application\/ld+json\" class=\"yoast-schema-graph\">{\"@context\":\"https:\/\/schema.org\",\"@graph\":[{\"@type\":\"WebPage\",\"@id\":\"https:\/\/www.geolegadodeallankardec.com.br\/primeiros-passos\/\",\"url\":\"https:\/\/www.geolegadodeallankardec.com.br\/primeiros-passos\/\",\"name\":\"Primeiros passos - Grupo de Estudos O Legado de Allan Kardec\",\"isPartOf\":{\"@id\":\"https:\/\/www.geolegadodeallankardec.com.br\/es\/#website\"},\"datePublished\":\"2021-08-24T14:29:47+00:00\",\"dateModified\":\"2021-08-24T14:29:49+00:00\",\"breadcrumb\":{\"@id\":\"https:\/\/www.geolegadodeallankardec.com.br\/primeiros-passos\/#breadcrumb\"},\"inLanguage\":\"en-US\",\"potentialAction\":[{\"@type\":\"ReadAction\",\"target\":[\"https:\/\/www.geolegadodeallankardec.com.br\/primeiros-passos\/\"]}]},{\"@type\":\"BreadcrumbList\",\"@id\":\"https:\/\/www.geolegadodeallankardec.com.br\/primeiros-passos\/#breadcrumb\",\"itemListElement\":[{\"@type\":\"ListItem\",\"position\":1,\"name\":\"In\u00edcio\",\"item\":\"https:\/\/www.geolegadodeallankardec.com.br\/\"},{\"@type\":\"ListItem\",\"position\":2,\"name\":\"Primeiros passos\"}]},{\"@type\":\"WebSite\",\"@id\":\"https:\/\/www.geolegadodeallankardec.com.br\/es\/#website\",\"url\":\"https:\/\/www.geolegadodeallankardec.com.br\/es\/\",\"name\":\"Grupo de Estudos O Legado de Allan Kardec\",\"description\":\"Grupo de Estudos voltado ao aprofundamento do estudo do Espiritismo\",\"potentialAction\":[{\"@type\":\"SearchAction\",\"target\":{\"@type\":\"EntryPoint\",\"urlTemplate\":\"https:\/\/www.geolegadodeallankardec.com.br\/es\/?s={search_term_string}\"},\"query-input\":{\"@type\":\"PropertyValueSpecification\",\"valueRequired\":true,\"valueName\":\"search_term_string\"}}],\"inLanguage\":\"en-US\"}]}<\/script>\n<!-- \/ Yoast SEO Premium plugin. -->","yoast_head_json":{"title":"First steps - Study Group The Legacy of Allan Kardec","robots":{"index":"index","follow":"follow","max-snippet":"max-snippet:-1","max-image-preview":"max-image-preview:large","max-video-preview":"max-video-preview:-1"},"canonical":"https:\/\/www.geolegadodeallankardec.com.br\/en\/first-steps\/","og_locale":"en_US","og_type":"article","og_title":"Primeiros passos","og_description":"O grupo se reunir\u00e1 com periodicidade definida, em data e hor\u00e1rio a combinar, conforme a disponibilidade da grande maioria dos participantes. Utilizaremos os diversos meios poss\u00edveis, buscando a realiza\u00e7\u00e3o de encontros on-line, gravados, a fim de disponibilizar o conte\u00fado desses estudos atrav\u00e9s de meios como o Youtube. Transcri\u00e7\u00f5es ou cria\u00e7\u00e3o de artigos sobre esses conte\u00fados [&hellip;]","og_url":"https:\/\/www.geolegadodeallankardec.com.br\/en\/first-steps\/","og_site_name":"Grupo de Estudos O Legado de Allan Kardec","article_modified_time":"2021-08-24T14:29:49+00:00","twitter_card":"summary_large_image","twitter_misc":{"Est. reading time":"1 minute"},"schema":{"@context":"https:\/\/schema.org","@graph":[{"@type":"WebPage","@id":"https:\/\/www.geolegadodeallankardec.com.br\/primeiros-passos\/","url":"https:\/\/www.geolegadodeallankardec.com.br\/primeiros-passos\/","name":"First steps - Study Group The Legacy of Allan Kardec","isPartOf":{"@id":"https:\/\/www.geolegadodeallankardec.com.br\/es\/#website"},"datePublished":"2021-08-24T14:29:47+00:00","dateModified":"2021-08-24T14:29:49+00:00","breadcrumb":{"@id":"https:\/\/www.geolegadodeallankardec.com.br\/primeiros-passos\/#breadcrumb"},"inLanguage":"en-US","potentialAction":[{"@type":"ReadAction","target":["https:\/\/www.geolegadodeallankardec.com.br\/primeiros-passos\/"]}]},{"@type":"BreadcrumbList","@id":"https:\/\/www.geolegadodeallankardec.com.br\/primeiros-passos\/#breadcrumb","itemListElement":[{"@type":"ListItem","position":1,"name":"In\u00edcio","item":"https:\/\/www.geolegadodeallankardec.com.br\/"},{"@type":"ListItem","position":2,"name":"Primeiros passos"}]},{"@type":"WebSite","@id":"https:\/\/www.geolegadodeallankardec.com.br\/es\/#website","url":"https:\/\/www.geolegadodeallankardec.com.br\/es\/","name":"Study Group The Legacy of Allan Kardec","description":"Study Group aimed at deepening the study of Spiritism","potentialAction":[{"@type":"SearchAction","target":{"@type":"EntryPoint","urlTemplate":"https:\/\/www.geolegadodeallankardec.com.br\/es\/?s={search_term_string}"},"query-input":{"@type":"PropertyValueSpecification","valueRequired":true,"valueName":"search_term_string"}}],"inLanguage":"en-US"}]}},"_links":{"self":[{"href":"https:\/\/www.geolegadodeallankardec.com.br\/en\/wp-json\/wp\/v2\/pages\/125","targetHints":{"allow":["GET"]}}],"collection":[{"href":"https:\/\/www.geolegadodeallankardec.com.br\/en\/wp-json\/wp\/v2\/pages"}],"about":[{"href":"https:\/\/www.geolegadodeallankardec.com.br\/en\/wp-json\/wp\/v2\/types\/page"}],"author":[{"embeddable":true,"href":"https:\/\/www.geolegadodeallankardec.com.br\/en\/wp-json\/wp\/v2\/users\/34"}],"replies":[{"embeddable":true,"href":"https:\/\/www.geolegadodeallankardec.com.br\/en\/wp-json\/wp\/v2\/comments?post=125"}],"version-history":[{"count":1,"href":"https:\/\/www.geolegadodeallankardec.com.br\/en\/wp-json\/wp\/v2\/pages\/125\/revisions"}],"predecessor-version":[{"id":126,"href":"https:\/\/www.geolegadodeallankardec.com.br\/en\/wp-json\/wp\/v2\/pages\/125\/revisions\/126"}],"wp:attachment":[{"href":"https:\/\/www.geolegadodeallankardec.com.br\/en\/wp-json\/wp\/v2\/media?parent=125"}],"curies":[{"name":"wp","href":"https:\/\/api.w.org\/{rel}","templated":true}]}}