{"id":1136,"date":"2021-08-30T13:00:10","date_gmt":"2021-08-30T16:00:10","guid":{"rendered":"https:\/\/geolegadodeallankardec.com.br\/?page_id=1136"},"modified":"2021-09-04T10:54:36","modified_gmt":"2021-09-04T13:54:36","slug":"submission-of-personal-reports","status":"publish","type":"page","link":"https:\/\/www.geolegadodeallankardec.com.br\/en\/submissao-de-relatos-pessoais\/","title":{"rendered":"Submission of Personal Reports"},"content":{"rendered":"<div class=\"pdfprnt-buttons pdfprnt-buttons-page pdfprnt-top-right\"><a href=\"https:\/\/www.geolegadodeallankardec.com.br\/en\/wp-json\/wp\/v2\/pages\/1136?print=pdf\" class=\"pdfprnt-button pdfprnt-button-pdf\" target=\"_blank\" ><img decoding=\"async\" data-src=\"https:\/\/www.geolegadodeallankardec.com.br\/wp-content\/plugins\/pdf-print\/images\/pdf.png\" alt=\"image_pdf\" title=\"View PDF\" src=\"data:image\/svg+xml;base64,PHN2ZyB3aWR0aD0iMSIgaGVpZ2h0PSIxIiB4bWxucz0iaHR0cDovL3d3dy53My5vcmcvMjAwMC9zdmciPjwvc3ZnPg==\" class=\"lazyload\" style=\"--smush-placeholder-width: 32px; --smush-placeholder-aspect-ratio: 32\/32;\" \/><\/a><a href=\"https:\/\/www.geolegadodeallankardec.com.br\/en\/wp-json\/wp\/v2\/pages\/1136?print=print\" class=\"pdfprnt-button pdfprnt-button-print\" target=\"_blank\" ><img decoding=\"async\" data-src=\"https:\/\/www.geolegadodeallankardec.com.br\/wp-content\/plugins\/pdf-print\/images\/print.png\" alt=\"image_print\" title=\"Print Content\" src=\"data:image\/svg+xml;base64,PHN2ZyB3aWR0aD0iMSIgaGVpZ2h0PSIxIiB4bWxucz0iaHR0cDovL3d3dy53My5vcmcvMjAwMC9zdmciPjwvc3ZnPg==\" class=\"lazyload\" style=\"--smush-placeholder-width: 32px; --smush-placeholder-aspect-ratio: 32\/32;\" \/><\/a><\/div>\n<p>Here, in this Kardec-style space, we have created a form where you, dear reader, can inform us of your personal reports on matters related to the following points:<\/p>\n\n\n\n<p>1) Material or intelligent manifestations;<\/p>\n\n\n\n<p>2.\u00ba) Facts of somnambulistic lucidity and ecstasy (both popularly known as \u201cAstral Travel\u201d);<\/p>\n\n\n\n<p>3rd) Second sight facts, predictions, hunches, etc.;<\/p>\n\n\n\n<p>4.\u00ba) Facts concerning occult power attributed, rightly or wrongly, to certain persons;<\/p>\n\n\n\n<p>5.\u00ba) Facts of visions and apparitions;<\/p>\n\n\n\n<p>6.\u00ba) Particular psychological phenomena that sometimes occur at the time of death;<\/p>\n\n\n\n<p>7.\u00ba) Moral and psychological problems to be resolved;<\/p>\n\n\n\n<p>8.\u00ba) Moral facts, notable acts of devotion and abnegation whose propagation can serve as a useful example;<\/p>\n\n\n\n<p>9.\u00ba) Indications of ancient or modern, Brazilian or foreign works, in which facts related to the manifestation of occult intelligences are found with the designation and, if possible, the quotation of the passages. The same with regard to the opinion expressed on the existence of spirits and their relations with men, by ancient or modern authors, whose name and knowledge give them authority.<\/p>\n\n\n\n<p><strong>These reports will be analyzed and, as far as possible, addressed in our studies.<\/strong><\/p>\n\n\n\n<div class=\"wp-block-columns is-layout-flex wp-container-core-columns-is-layout-9d6595d7 wp-block-columns-is-layout-flex\">\n<div class=\"wp-block-column is-layout-flow wp-block-column-is-layout-flow\" style=\"flex-basis:25%\"><\/div>\n\n\n\n<div class=\"wp-block-column is-layout-flow wp-block-column-is-layout-flow\" style=\"flex-basis:50%\">\n<div class=\"forminator-guttenberg\"><div class=\"forminator-ui forminator-custom-form forminator-custom-form-1118 forminator-design--default  forminator_ajax\" data-forminator-render=\"0\" data-form=\"forminator-module-1118\" data-uid=\"69eb0b3455fd8\"><br\/><\/div><form\n\t\t\t\tid=\"forminator-module-1118\"\n\t\t\t\tclass=\"forminator-ui forminator-custom-form forminator-custom-form-1118 forminator-design--default  forminator_ajax\"\n\t\t\t\tmethod=\"post\"\n\t\t\t\tdata-forminator-render=\"0\"\n\t\t\t\tdata-form-id=\"1118\"\n\t\t\t\t data-color-option=\"default\" data-design=\"default\" data-grid=\"open\" style=\"display: none;\"\n\t\t\t\tdata-uid=\"69eb0b3455fd8\" action=\"\"\n\t\t\t><div role=\"alert\" aria-live=\"polite\" class=\"forminator-response-message forminator-error\" aria-hidden=\"true\"><\/div><div class=\"forminator-row\"><div id=\"name-1\" class=\"forminator-field-name forminator-col forminator-col-12\"><div class=\"forminator-field\"><label for=\"forminator-field-name-1_69eb0b3455fd8\" id=\"forminator-field-name-1_69eb0b3455fd8-label\" class=\"forminator-label\">First name <span class=\"forminator-required\">*<\/span><\/label><input type=\"text\" name=\"name-1\" value=\"\" placeholder=\"\" id=\"forminator-field-name-1_69eb0b3455fd8\" class=\"forminator-input forminator-name--field\" aria-required=\"true\" autocomplete=\"name\" aria-describedby=\"forminator-field-name-1_69eb0b3455fd8-description\" \/><span id=\"forminator-field-name-1_69eb0b3455fd8-description\" class=\"forminator-description\">Don&#039;t worry, we won&#039;t share it with anyone!<\/span><\/div><\/div><\/div><div class=\"forminator-row\"><div id=\"name-2\" class=\"forminator-field-name forminator-col forminator-col-12\"><div class=\"forminator-field\"><label for=\"forminator-field-name-2_69eb0b3455fd8\" id=\"forminator-field-name-2_69eb0b3455fd8-label\" class=\"forminator-label\">Last name<\/label><input type=\"text\" name=\"name-2\" value=\"\" placeholder=\"\" id=\"forminator-field-name-2_69eb0b3455fd8\" class=\"forminator-input forminator-name--field\" aria-required=\"false\" autocomplete=\"name\" aria-describedby=\"forminator-field-name-2_69eb0b3455fd8-description\" \/><span id=\"forminator-field-name-2_69eb0b3455fd8-description\" class=\"forminator-description\">Don&#039;t worry, we won&#039;t share it with anyone!<\/span><\/div><\/div><\/div><div class=\"forminator-row\"><div id=\"email-1\" class=\"forminator-field-email forminator-col forminator-col-12\"><div class=\"forminator-field\"><label for=\"forminator-field-email-1_69eb0b3455fd8\" id=\"forminator-field-email-1_69eb0b3455fd8-label\" class=\"forminator-label\">Email address <span class=\"forminator-required\">*<\/span><\/label><input type=\"email\" name=\"email-1\" value=\"\" placeholder=\"Former john@doe.com\" id=\"forminator-field-email-1_69eb0b3455fd8\" class=\"forminator-input forminator-email--field\" data-required=\"1\" aria-required=\"true\" autocomplete=\"email\" \/><\/div><\/div><\/div><div class=\"forminator-row\"><div id=\"phone-1\" class=\"forminator-field-phone forminator-col forminator-col-12\"><div class=\"forminator-field\"><label for=\"forminator-field-phone-1_69eb0b3455fd8\" id=\"forminator-field-phone-1_69eb0b3455fd8-label\" class=\"forminator-label\">Telephone<\/label><input type=\"text\" name=\"phone-1\" value=\"\" placeholder=\"Ex +55 11 99999-9999\" id=\"forminator-field-phone-1_69eb0b3455fd8\" class=\"forminator-input forminator-field--phone\" data-required=\"\" aria-required=\"false\" autocomplete=\"off\" data-national_mode=\"disabled\" data-country=\"BR\" data-validation=\"international\" \/><\/div><\/div><\/div><div class=\"forminator-row\"><div id=\"radio-1\" class=\"forminator-field-radio forminator-col forminator-col-12\"><div role=\"radiogroup\" class=\"forminator-field\" aria-labelledby=\"forminator-radiogroup-radio-1-69eb0b3455fd8-label\"><span id=\"forminator-radiogroup-radio-1-69eb0b3455fd8-label\" class=\"forminator-label\">your story is <span class=\"forminator-required\">*<\/span><\/span><label id=\"forminator-field-radio-1-label-1\" for=\"forminator-field-radio-1-1-69eb0b3455fd8\" class=\"forminator-radio\" title=\"Personal\"><input type=\"radio\" name=\"radio-1\" value=\"pessoal\" id=\"forminator-field-radio-1-1-69eb0b3455fd8\" aria-labelledby=\"forminator-field-radio-1-label-1\" data-calculation=\"0\"  \/><span class=\"forminator-radio-bullet\" aria-hidden=\"true\"><\/span><span class=\"forminator-radio-label\">Personal<\/span><\/label><label id=\"forminator-field-radio-1-label-2\" for=\"forminator-field-radio-1-2-69eb0b3455fd8\" class=\"forminator-radio\" title=\"Witnessed\"><input type=\"radio\" name=\"radio-1\" value=\"testemunhado\" id=\"forminator-field-radio-1-2-69eb0b3455fd8\" aria-labelledby=\"forminator-field-radio-1-label-2\" data-calculation=\"0\"  \/><span class=\"forminator-radio-bullet\" aria-hidden=\"true\"><\/span><span class=\"forminator-radio-label\">Witnessed<\/span><\/label><label id=\"forminator-field-radio-1-label-3\" for=\"forminator-field-radio-1-3-69eb0b3455fd8\" class=\"forminator-radio\" title=\"Counted by third person\"><input type=\"radio\" name=\"radio-1\" value=\"contado-por-terceira-pessoa\" id=\"forminator-field-radio-1-3-69eb0b3455fd8\" aria-labelledby=\"forminator-field-radio-1-label-3\" data-calculation=\"0\"  \/><span class=\"forminator-radio-bullet\" aria-hidden=\"true\"><\/span><span class=\"forminator-radio-label\">Counted by third person<\/span><\/label><\/div><\/div><\/div><div class=\"forminator-row\"><div id=\"textarea-1\" class=\"forminator-field-textarea forminator-col forminator-col-12\"><div class=\"forminator-field\"><label for=\"forminator-field-textarea-1_69eb0b3455fd8\" id=\"forminator-field-textarea-1_69eb0b3455fd8-label\" class=\"forminator-label\">your story <span class=\"forminator-required\">*<\/span><\/label><textarea name=\"textarea-1\" placeholder=\"We are interested in the following reports: 1.\u00ba) Material or intelligent manifestations; 2nd) Facts of somnambulistic lucidity and ecstasy (both popularly known as &quot;Astral Travel&quot;); 3rd) Second sight facts, predictions, hunches, etc.; 4.\u00ba) Facts concerning occult power attributed, rightly or wrongly, to certain persons; 5.\u00ba) Facts of visions and apparitions; 6.\u00ba) Particular psychological phenomena that sometimes occur at the time of death; 7.\u00ba) Moral and psychological problems to be resolved; 8.\u00ba) Moral facts, notable acts of devotion and abnegation whose propagation can serve as a useful example; 9.\u00ba) Indications of ancient or modern, Brazilian or foreign works, in which facts related to the manifestation of occult intelligences are found with the designation and, if possible, the quotation of the passages. The same with regard to the opinion expressed on the existence of spirits and their relations with men, by ancient or modern authors, whose name and knowledge give them authority.\" id=\"forminator-field-textarea-1_69eb0b3455fd8\" class=\"forminator-textarea\" rows=\"6\" style=\"--forminator-textarea-min-height:140px;\" ><\/textarea><\/div><\/div><\/div><div class=\"forminator-row\"><div id=\"captcha-1\" class=\"forminator-field-captcha forminator-col forminator-col-12\"><div class=\"forminator-captcha-left forminator-g-recaptcha\" data-theme=\"light\"  data-sitekey=\"6LcB8yAcAAAAAGEosDEOt3qJYORCW9AkuOb7_oAW\" data-size=\"normal\"><\/div> <\/div><\/div><input type=\"hidden\" name=\"referer_url\" value=\"\" \/><div class=\"forminator-row forminator-row-last\"><div class=\"forminator-col\"><div class=\"forminator-field\"><button class=\"forminator-button forminator-button-submit\">Send Message<\/button><\/div><\/div><\/div><input type=\"hidden\" id=\"forminator_nonce\" name=\"forminator_nonce\" value=\"d0bc5c420d\" \/><input type=\"hidden\" name=\"_wp_http_referer\" value=\"\/en\/wp-json\/wp\/v2\/pages\/1136\" \/><input type=\"hidden\" name=\"form_id\" value=\"1118\"><input type=\"hidden\" name=\"page_id\" value=\"1136\"><input type=\"hidden\" name=\"form_type\" value=\"default\"><input type=\"hidden\" name=\"current_url\" value=\"https:\/\/www.geolegadodeallankardec.com.br\/en\/submissao-de-relatos-pessoais\/\"><input type=\"hidden\" name=\"render_id\" value=\"0\"><input type=\"hidden\" name=\"action\" value=\"forminator_submit_form_custom-forms\"><label for=\"input_7\" class=\"forminator-hidden\" aria-hidden=\"true\">Please do not fill in this field. <input id=\"input_7\" type=\"text\" name=\"input_7\" value=\"\" autocomplete=\"off\"><\/label><input type=\"hidden\" name=\"trp-form-language\" value=\"en\"\/><\/form><\/div>\n<\/div>\n\n\n\n<div class=\"wp-block-column is-layout-flow wp-block-column-is-layout-flow\" style=\"flex-basis:25%\"><\/div>\n<\/div>","protected":false},"excerpt":{"rendered":"<p>Aqui, neste espa\u00e7o, \u00e0 moda de Kardec, destinamos um formul\u00e1rio onde voc\u00ea, prezado leitor, poder\u00e1 nos informar de seus relatos pessoais a respeito de assuntos ligados aos seguintes pontos: 1.\u00ba) Manifesta\u00e7\u00f5es materiais ou inteligentes; 2.\u00ba) Fatos de lucidez sonamb\u00falica e de \u00eaxtase (ambos conhecidos popularmente como &#8220;Viagem Astral&#8221;); 3.\u00ba) Fatos de segunda vista, previs\u00f5es, pressentimentos, [&hellip;]<\/p>\n","protected":false},"author":12,"featured_media":0,"parent":0,"menu_order":0,"comment_status":"closed","ping_status":"closed","template":"","meta":{"footnotes":""},"class_list":["post-1136","page","type-page","status-publish","hentry"],"yoast_head":"<!-- This site is optimized with the Yoast SEO Premium plugin v21.1 (Yoast SEO v27.2) - https:\/\/yoast.com\/product\/yoast-seo-premium-wordpress\/ -->\n<title>Submiss\u00e3o de Relatos Pessoais - Grupo de Estudos O Legado de Allan Kardec<\/title>\n<meta name=\"robots\" content=\"index, follow, max-snippet:-1, max-image-preview:large, max-video-preview:-1\" \/>\n<link rel=\"canonical\" href=\"https:\/\/www.geolegadodeallankardec.com.br\/en\/submission-of-personal-reports\/\" \/>\n<meta property=\"og:locale\" content=\"en_US\" \/>\n<meta property=\"og:type\" content=\"article\" \/>\n<meta property=\"og:title\" content=\"Submiss\u00e3o de Relatos Pessoais\" \/>\n<meta property=\"og:description\" content=\"Aqui, neste espa\u00e7o, \u00e0 moda de Kardec, destinamos um formul\u00e1rio onde voc\u00ea, prezado leitor, poder\u00e1 nos informar de seus relatos pessoais a respeito de assuntos ligados aos seguintes pontos: 1.\u00ba) Manifesta\u00e7\u00f5es materiais ou inteligentes; 2.\u00ba) Fatos de lucidez sonamb\u00falica e de \u00eaxtase (ambos conhecidos popularmente como &#8220;Viagem Astral&#8221;); 3.\u00ba) Fatos de segunda vista, previs\u00f5es, pressentimentos, [&hellip;]\" \/>\n<meta property=\"og:url\" content=\"https:\/\/www.geolegadodeallankardec.com.br\/en\/submission-of-personal-reports\/\" \/>\n<meta property=\"og:site_name\" content=\"Grupo de Estudos O Legado de Allan Kardec\" \/>\n<meta property=\"article:modified_time\" content=\"2021-09-04T13:54:36+00:00\" \/>\n<meta name=\"twitter:card\" content=\"summary_large_image\" \/>\n<meta name=\"twitter:label1\" content=\"Est. reading time\" \/>\n\t<meta name=\"twitter:data1\" content=\"1 minute\" \/>\n<script type=\"application\/ld+json\" class=\"yoast-schema-graph\">{\"@context\":\"https:\/\/schema.org\",\"@graph\":[{\"@type\":\"WebPage\",\"@id\":\"https:\/\/www.geolegadodeallankardec.com.br\/en\/submission-of-personal-reports\/\",\"url\":\"https:\/\/www.geolegadodeallankardec.com.br\/en\/submission-of-personal-reports\/\",\"name\":\"Submiss\u00e3o de Relatos Pessoais - Grupo de Estudos O Legado de Allan Kardec\",\"isPartOf\":{\"@id\":\"https:\/\/www.geolegadodeallankardec.com.br\/es\/#website\"},\"datePublished\":\"2021-08-30T16:00:10+00:00\",\"dateModified\":\"2021-09-04T13:54:36+00:00\",\"breadcrumb\":{\"@id\":\"https:\/\/www.geolegadodeallankardec.com.br\/en\/submission-of-personal-reports\/#breadcrumb\"},\"inLanguage\":\"en-US\",\"potentialAction\":[{\"@type\":\"ReadAction\",\"target\":[\"https:\/\/www.geolegadodeallankardec.com.br\/en\/submission-of-personal-reports\/\"]}]},{\"@type\":\"BreadcrumbList\",\"@id\":\"https:\/\/www.geolegadodeallankardec.com.br\/en\/submission-of-personal-reports\/#breadcrumb\",\"itemListElement\":[{\"@type\":\"ListItem\",\"position\":1,\"name\":\"In\u00edcio\",\"item\":\"https:\/\/www.geolegadodeallankardec.com.br\/\"},{\"@type\":\"ListItem\",\"position\":2,\"name\":\"Submiss\u00e3o de Relatos Pessoais\"}]},{\"@type\":\"WebSite\",\"@id\":\"https:\/\/www.geolegadodeallankardec.com.br\/es\/#website\",\"url\":\"https:\/\/www.geolegadodeallankardec.com.br\/es\/\",\"name\":\"Grupo de Estudos O Legado de Allan Kardec\",\"description\":\"Grupo de Estudos voltado ao aprofundamento do estudo do Espiritismo\",\"potentialAction\":[{\"@type\":\"SearchAction\",\"target\":{\"@type\":\"EntryPoint\",\"urlTemplate\":\"https:\/\/www.geolegadodeallankardec.com.br\/es\/?s={search_term_string}\"},\"query-input\":{\"@type\":\"PropertyValueSpecification\",\"valueRequired\":true,\"valueName\":\"search_term_string\"}}],\"inLanguage\":\"en-US\"}]}<\/script>\n<!-- \/ Yoast SEO Premium plugin. -->","yoast_head_json":{"title":"Submission of Personal Reports - Study Group The Legacy of Allan Kardec","robots":{"index":"index","follow":"follow","max-snippet":"max-snippet:-1","max-image-preview":"max-image-preview:large","max-video-preview":"max-video-preview:-1"},"canonical":"https:\/\/www.geolegadodeallankardec.com.br\/en\/submission-of-personal-reports\/","og_locale":"en_US","og_type":"article","og_title":"Submiss\u00e3o de Relatos Pessoais","og_description":"Aqui, neste espa\u00e7o, \u00e0 moda de Kardec, destinamos um formul\u00e1rio onde voc\u00ea, prezado leitor, poder\u00e1 nos informar de seus relatos pessoais a respeito de assuntos ligados aos seguintes pontos: 1.\u00ba) Manifesta\u00e7\u00f5es materiais ou inteligentes; 2.\u00ba) Fatos de lucidez sonamb\u00falica e de \u00eaxtase (ambos conhecidos popularmente como &#8220;Viagem Astral&#8221;); 3.\u00ba) Fatos de segunda vista, previs\u00f5es, pressentimentos, [&hellip;]","og_url":"https:\/\/www.geolegadodeallankardec.com.br\/en\/submission-of-personal-reports\/","og_site_name":"Grupo de Estudos O Legado de Allan Kardec","article_modified_time":"2021-09-04T13:54:36+00:00","twitter_card":"summary_large_image","twitter_misc":{"Est. reading time":"1 minute"},"schema":{"@context":"https:\/\/schema.org","@graph":[{"@type":"WebPage","@id":"https:\/\/www.geolegadodeallankardec.com.br\/en\/submission-of-personal-reports\/","url":"https:\/\/www.geolegadodeallankardec.com.br\/en\/submission-of-personal-reports\/","name":"Submission of Personal Reports - Study Group The Legacy of Allan Kardec","isPartOf":{"@id":"https:\/\/www.geolegadodeallankardec.com.br\/es\/#website"},"datePublished":"2021-08-30T16:00:10+00:00","dateModified":"2021-09-04T13:54:36+00:00","breadcrumb":{"@id":"https:\/\/www.geolegadodeallankardec.com.br\/en\/submission-of-personal-reports\/#breadcrumb"},"inLanguage":"en-US","potentialAction":[{"@type":"ReadAction","target":["https:\/\/www.geolegadodeallankardec.com.br\/en\/submission-of-personal-reports\/"]}]},{"@type":"BreadcrumbList","@id":"https:\/\/www.geolegadodeallankardec.com.br\/en\/submission-of-personal-reports\/#breadcrumb","itemListElement":[{"@type":"ListItem","position":1,"name":"In\u00edcio","item":"https:\/\/www.geolegadodeallankardec.com.br\/"},{"@type":"ListItem","position":2,"name":"Submiss\u00e3o de Relatos Pessoais"}]},{"@type":"WebSite","@id":"https:\/\/www.geolegadodeallankardec.com.br\/es\/#website","url":"https:\/\/www.geolegadodeallankardec.com.br\/es\/","name":"Study Group The Legacy of Allan Kardec","description":"Study Group aimed at deepening the study of Spiritism","potentialAction":[{"@type":"SearchAction","target":{"@type":"EntryPoint","urlTemplate":"https:\/\/www.geolegadodeallankardec.com.br\/es\/?s={search_term_string}"},"query-input":{"@type":"PropertyValueSpecification","valueRequired":true,"valueName":"search_term_string"}}],"inLanguage":"en-US"}]}},"_links":{"self":[{"href":"https:\/\/www.geolegadodeallankardec.com.br\/en\/wp-json\/wp\/v2\/pages\/1136","targetHints":{"allow":["GET"]}}],"collection":[{"href":"https:\/\/www.geolegadodeallankardec.com.br\/en\/wp-json\/wp\/v2\/pages"}],"about":[{"href":"https:\/\/www.geolegadodeallankardec.com.br\/en\/wp-json\/wp\/v2\/types\/page"}],"author":[{"embeddable":true,"href":"https:\/\/www.geolegadodeallankardec.com.br\/en\/wp-json\/wp\/v2\/users\/12"}],"replies":[{"embeddable":true,"href":"https:\/\/www.geolegadodeallankardec.com.br\/en\/wp-json\/wp\/v2\/comments?post=1136"}],"version-history":[{"count":3,"href":"https:\/\/www.geolegadodeallankardec.com.br\/en\/wp-json\/wp\/v2\/pages\/1136\/revisions"}],"predecessor-version":[{"id":1432,"href":"https:\/\/www.geolegadodeallankardec.com.br\/en\/wp-json\/wp\/v2\/pages\/1136\/revisions\/1432"}],"wp:attachment":[{"href":"https:\/\/www.geolegadodeallankardec.com.br\/en\/wp-json\/wp\/v2\/media?parent=1136"}],"curies":[{"name":"wp","href":"https:\/\/api.w.org\/{rel}","templated":true}]}}